{"id":96717,"date":"2025-11-06T15:30:04","date_gmt":"2025-11-06T13:30:04","guid":{"rendered":"https:\/\/carpe.lt\/produktas\/automasinas-bagazas-nodalijums-diamond-line-melns\/"},"modified":"2025-11-06T15:30:04","modified_gmt":"2025-11-06T13:30:04","slug":"automasinas-bagazas-nodalijums-diamond-line-melns","status":"publish","type":"product","link":"https:\/\/carpe.lt\/lv\/produkts\/automasinas-bagazas-nodalijums-diamond-line-melns\/","title":{"rendered":"Automa\u0161\u012bnas bag\u0101\u017eas nodal\u012bjums &#8211; Diamond Line melns"},"content":{"rendered":"","protected":false},"excerpt":{"rendered":"","protected":false},"featured_media":95125,"comment_status":"open","ping_status":"closed","template":"","meta":[],"product_brand":[],"product_cat":[3153],"product_tag":[],"class_list":{"0":"post-96717","1":"product","2":"type-product","3":"status-publish","4":"has-post-thumbnail","6":"product_cat-uzglabasanas-skapisi","8":"entry","9":"has-media","11":"first","12":"instock","13":"taxable","14":"shipping-taxable","15":"purchasable","16":"product-type-variable","17":"has-product-nav","18":"col","19":"span_1_of_4","20":"owp-content-center","21":"owp-thumbs-layout-horizontal","22":"owp-btn-normal","23":"owp-tabs-layout-horizontal","24":"has-no-thumbnails"},"yoast_head":"<!-- This site is optimized with the Yoast SEO plugin v27.1.1 - https:\/\/yoast.com\/product\/yoast-seo-wordpress\/ -->\n<title>Automa\u0161\u012bnas bag\u0101\u017eas nodal\u012bjums - Diamond Line melns - carpe.lt<\/title>\n<meta name=\"robots\" content=\"index, follow, max-snippet:-1, max-image-preview:large, max-video-preview:-1\" \/>\n<link rel=\"canonical\" href=\"https:\/\/carpe.lt\/lv\/produkts\/automasinas-bagazas-nodalijums-diamond-line-melns\/\" \/>\n<meta property=\"og:locale\" content=\"lv_LV\" \/>\n<meta property=\"og:type\" content=\"article\" \/>\n<meta property=\"og:title\" content=\"Automa\u0161\u012bnas bag\u0101\u017eas nodal\u012bjums - Diamond Line melns - carpe.lt\" \/>\n<meta property=\"og:url\" content=\"https:\/\/carpe.lt\/lv\/produkts\/automasinas-bagazas-nodalijums-diamond-line-melns\/\" \/>\n<meta property=\"og:site_name\" content=\"carpe.lt\" \/>\n<meta property=\"og:image\" content=\"https:\/\/carpe.lt\/wp-content\/uploads\/2025\/11\/carpe-191_result-removebg-preview-e1762436289732.png\" \/>\n\t<meta property=\"og:image:width\" content=\"612\" \/>\n\t<meta property=\"og:image:height\" content=\"408\" \/>\n\t<meta property=\"og:image:type\" content=\"image\/png\" \/>\n<meta name=\"twitter:card\" content=\"summary_large_image\" \/>\n<script type=\"application\/ld+json\" class=\"yoast-schema-graph\">{\"@context\":\"https:\/\/schema.org\",\"@graph\":[{\"@type\":\"WebPage\",\"@id\":\"https:\/\/carpe.lt\/lv\/produkts\/automasinas-bagazas-nodalijums-diamond-line-melns\/\",\"url\":\"https:\/\/carpe.lt\/lv\/produkts\/automasinas-bagazas-nodalijums-diamond-line-melns\/\",\"name\":\"Automa\u0161\u012bnas bag\u0101\u017eas nodal\u012bjums - Diamond Line melns - carpe.lt\",\"isPartOf\":{\"@id\":\"https:\/\/carpe.lt\/lv\/#website\"},\"primaryImageOfPage\":{\"@id\":\"https:\/\/carpe.lt\/lv\/produkts\/automasinas-bagazas-nodalijums-diamond-line-melns\/#primaryimage\"},\"image\":{\"@id\":\"https:\/\/carpe.lt\/lv\/produkts\/automasinas-bagazas-nodalijums-diamond-line-melns\/#primaryimage\"},\"thumbnailUrl\":\"https:\/\/carpe.lt\/wp-content\/uploads\/2025\/11\/carpe-191_result-removebg-preview-e1762436289732.png\",\"datePublished\":\"2025-11-06T13:30:04+00:00\",\"breadcrumb\":{\"@id\":\"https:\/\/carpe.lt\/lv\/produkts\/automasinas-bagazas-nodalijums-diamond-line-melns\/#breadcrumb\"},\"inLanguage\":\"lv-LV\",\"potentialAction\":[{\"@type\":\"ReadAction\",\"target\":[\"https:\/\/carpe.lt\/lv\/produkts\/automasinas-bagazas-nodalijums-diamond-line-melns\/\"]}]},{\"@type\":\"ImageObject\",\"inLanguage\":\"lv-LV\",\"@id\":\"https:\/\/carpe.lt\/lv\/produkts\/automasinas-bagazas-nodalijums-diamond-line-melns\/#primaryimage\",\"url\":\"https:\/\/carpe.lt\/wp-content\/uploads\/2025\/11\/carpe-191_result-removebg-preview-e1762436289732.png\",\"contentUrl\":\"https:\/\/carpe.lt\/wp-content\/uploads\/2025\/11\/carpe-191_result-removebg-preview-e1762436289732.png\",\"width\":612,\"height\":408},{\"@type\":\"BreadcrumbList\",\"@id\":\"https:\/\/carpe.lt\/lv\/produkts\/automasinas-bagazas-nodalijums-diamond-line-melns\/#breadcrumb\",\"itemListElement\":[{\"@type\":\"ListItem\",\"position\":1,\"name\":\"Home\",\"item\":\"https:\/\/carpe.lt\/lv\/sakums\/\"},{\"@type\":\"ListItem\",\"position\":2,\"name\":\"Parduotuv\u0117\",\"item\":\"https:\/\/carpe.lt\/parduotuve\/\"},{\"@type\":\"ListItem\",\"position\":3,\"name\":\"Automa\u0161\u012bnas bag\u0101\u017eas nodal\u012bjums &#8211; Diamond Line melns\"}]},{\"@type\":\"WebSite\",\"@id\":\"https:\/\/carpe.lt\/lv\/#website\",\"url\":\"https:\/\/carpe.lt\/lv\/\",\"name\":\"carpe.lt\",\"description\":\"Materi\u0101ls auto pakl\u0101ji\u0146i\",\"potentialAction\":[{\"@type\":\"SearchAction\",\"target\":{\"@type\":\"EntryPoint\",\"urlTemplate\":\"https:\/\/carpe.lt\/lv\/?s={search_term_string}\"},\"query-input\":{\"@type\":\"PropertyValueSpecification\",\"valueRequired\":true,\"valueName\":\"search_term_string\"}}],\"inLanguage\":\"lv-LV\"}]}<\/script>\n<!-- \/ Yoast SEO plugin. -->","yoast_head_json":{"title":"Automa\u0161\u012bnas bag\u0101\u017eas nodal\u012bjums - Diamond Line melns - carpe.lt","robots":{"index":"index","follow":"follow","max-snippet":"max-snippet:-1","max-image-preview":"max-image-preview:large","max-video-preview":"max-video-preview:-1"},"canonical":"https:\/\/carpe.lt\/lv\/produkts\/automasinas-bagazas-nodalijums-diamond-line-melns\/","og_locale":"lv_LV","og_type":"article","og_title":"Automa\u0161\u012bnas bag\u0101\u017eas nodal\u012bjums - Diamond Line melns - carpe.lt","og_url":"https:\/\/carpe.lt\/lv\/produkts\/automasinas-bagazas-nodalijums-diamond-line-melns\/","og_site_name":"carpe.lt","og_image":[{"width":612,"height":408,"url":"https:\/\/carpe.lt\/wp-content\/uploads\/2025\/11\/carpe-191_result-removebg-preview-e1762436289732.png","type":"image\/png"}],"twitter_card":"summary_large_image","schema":{"@context":"https:\/\/schema.org","@graph":[{"@type":"WebPage","@id":"https:\/\/carpe.lt\/lv\/produkts\/automasinas-bagazas-nodalijums-diamond-line-melns\/","url":"https:\/\/carpe.lt\/lv\/produkts\/automasinas-bagazas-nodalijums-diamond-line-melns\/","name":"Automa\u0161\u012bnas bag\u0101\u017eas nodal\u012bjums - Diamond Line melns - carpe.lt","isPartOf":{"@id":"https:\/\/carpe.lt\/lv\/#website"},"primaryImageOfPage":{"@id":"https:\/\/carpe.lt\/lv\/produkts\/automasinas-bagazas-nodalijums-diamond-line-melns\/#primaryimage"},"image":{"@id":"https:\/\/carpe.lt\/lv\/produkts\/automasinas-bagazas-nodalijums-diamond-line-melns\/#primaryimage"},"thumbnailUrl":"https:\/\/carpe.lt\/wp-content\/uploads\/2025\/11\/carpe-191_result-removebg-preview-e1762436289732.png","datePublished":"2025-11-06T13:30:04+00:00","breadcrumb":{"@id":"https:\/\/carpe.lt\/lv\/produkts\/automasinas-bagazas-nodalijums-diamond-line-melns\/#breadcrumb"},"inLanguage":"lv-LV","potentialAction":[{"@type":"ReadAction","target":["https:\/\/carpe.lt\/lv\/produkts\/automasinas-bagazas-nodalijums-diamond-line-melns\/"]}]},{"@type":"ImageObject","inLanguage":"lv-LV","@id":"https:\/\/carpe.lt\/lv\/produkts\/automasinas-bagazas-nodalijums-diamond-line-melns\/#primaryimage","url":"https:\/\/carpe.lt\/wp-content\/uploads\/2025\/11\/carpe-191_result-removebg-preview-e1762436289732.png","contentUrl":"https:\/\/carpe.lt\/wp-content\/uploads\/2025\/11\/carpe-191_result-removebg-preview-e1762436289732.png","width":612,"height":408},{"@type":"BreadcrumbList","@id":"https:\/\/carpe.lt\/lv\/produkts\/automasinas-bagazas-nodalijums-diamond-line-melns\/#breadcrumb","itemListElement":[{"@type":"ListItem","position":1,"name":"Home","item":"https:\/\/carpe.lt\/lv\/sakums\/"},{"@type":"ListItem","position":2,"name":"Parduotuv\u0117","item":"https:\/\/carpe.lt\/parduotuve\/"},{"@type":"ListItem","position":3,"name":"Automa\u0161\u012bnas bag\u0101\u017eas nodal\u012bjums &#8211; Diamond Line melns"}]},{"@type":"WebSite","@id":"https:\/\/carpe.lt\/lv\/#website","url":"https:\/\/carpe.lt\/lv\/","name":"carpe.lt","description":"Materi\u0101ls auto pakl\u0101ji\u0146i","potentialAction":[{"@type":"SearchAction","target":{"@type":"EntryPoint","urlTemplate":"https:\/\/carpe.lt\/lv\/?s={search_term_string}"},"query-input":{"@type":"PropertyValueSpecification","valueRequired":true,"valueName":"search_term_string"}}],"inLanguage":"lv-LV"}]}},"_links":{"self":[{"href":"https:\/\/carpe.lt\/lv\/wp-json\/wp\/v2\/product\/96717","targetHints":{"allow":["GET"]}}],"collection":[{"href":"https:\/\/carpe.lt\/lv\/wp-json\/wp\/v2\/product"}],"about":[{"href":"https:\/\/carpe.lt\/lv\/wp-json\/wp\/v2\/types\/product"}],"replies":[{"embeddable":true,"href":"https:\/\/carpe.lt\/lv\/wp-json\/wp\/v2\/comments?post=96717"}],"wp:featuredmedia":[{"embeddable":true,"href":"https:\/\/carpe.lt\/lv\/wp-json\/wp\/v2\/media\/95125"}],"wp:attachment":[{"href":"https:\/\/carpe.lt\/lv\/wp-json\/wp\/v2\/media?parent=96717"}],"wp:term":[{"taxonomy":"product_brand","embeddable":true,"href":"https:\/\/carpe.lt\/lv\/wp-json\/wp\/v2\/product_brand?post=96717"},{"taxonomy":"product_cat","embeddable":true,"href":"https:\/\/carpe.lt\/lv\/wp-json\/wp\/v2\/product_cat?post=96717"},{"taxonomy":"product_tag","embeddable":true,"href":"https:\/\/carpe.lt\/lv\/wp-json\/wp\/v2\/product_tag?post=96717"}],"curies":[{"name":"wp","href":"https:\/\/api.w.org\/{rel}","templated":true}]}}