{"id":73547,"date":"2024-11-06T10:35:16","date_gmt":"2024-11-06T08:35:16","guid":{"rendered":"https:\/\/carpe.lt\/produktas\/carpe-harmony-touch-adas-auto-sedeklu-parvalki\/"},"modified":"2025-11-10T15:01:20","modified_gmt":"2025-11-10T13:01:20","slug":"carpe-harmony-touch-adas-auto-sedeklu-parvalki","status":"publish","type":"product","link":"https:\/\/carpe.lt\/lv\/produkts\/carpe-harmony-touch-adas-auto-sedeklu-parvalki\/","title":{"rendered":"CARPE HARMONY TOUCH &#8211; \u0100das auto s\u0113dek\u013cu p\u0101rvalki"},"content":{"rendered":"<h2>Instrukcijas<\/h2>\n<p class=\"responsive-video-wrap clr\"><iframe title=\"Carpe Sedynes uzvalkalai\/Carpe Seat Covers\" width=\"1200\" height=\"675\" src=\"https:\/\/www.youtube.com\/embed\/Sg3A-tP8PJo?feature=oembed\" frameborder=\"0\" allow=\"accelerometer; autoplay; clipboard-write; encrypted-media; gyroscope; picture-in-picture; web-share\" referrerpolicy=\"strict-origin-when-cross-origin\" allowfullscreen><\/iframe><\/p>\n<p>&#8220;Harmony Touch ir grezns eko \u0101das p\u0101rvalks tiem, kas nov\u0113rt\u0113 eleganci un ilgm\u016b\u017e\u012bgu kvalit\u0101ti. Izgatavoti no augstas kvalit\u0101tes eko\u0101das, \u0161ie p\u0101rvalki pie\u0161\u0137ir j\u016bsu automa\u0161\u012bnai stabilu un smalku sp\u012bdumu. M\u012bksti piesk\u0101rienam, tie ne tikai rada komforta saj\u016btu, bet ar\u012b pal\u012bdz automobi\u013ca interjeram pie\u0161\u0137irt izsmalcin\u0101tu stilu. &#8220;Harmony Touch kolekcija ir izsmalcin\u0101tas gaumes izv\u0113le tiem, kas ikdien\u0101 nov\u0113rt\u0113 grezn\u012bbu.<\/p>\n<p><strong>Uztur\u0113\u0161ana un ilgm\u016b\u017e\u012bba:<\/strong><br \/>\n&#8220;Harmony Touch eko-\u0101das s\u0113dek\u013cu p\u0101rvalki ir paredz\u0113ti ilglaic\u012bgai lieto\u0161anai &#8211; pat visintens\u012bv\u0101k lietojot, vad\u012bt\u0101ja s\u0113deklis saglab\u0101s savu kvalit\u0101ti 3-5 gadus. Eko \u0101da ir iztur\u012bga gan pret aukstumu, gan karstumu un nebaid\u0101s no saules gaismas, t\u0101p\u0113c t\u0101 saglab\u0101 lielisku izskatu pat ekstrem\u0101los laika apst\u0101k\u013cos. P\u0101rsegi ir ar\u012b \u0137\u012bmiski iztur\u012bgi, un tos var t\u012br\u012bt ar maigiem mazg\u0101\u0161anas l\u012bdzek\u013ciem vai eko \u0101das kop\u0161anas l\u012bdzek\u013ciem. &#8220;Harmony Touch ir elegance, iztur\u012bba un vienk\u0101r\u0161a apkope, lai j\u016bsu automa\u0161\u012bna izskat\u012btos lieliski.<\/p>\n<p><strong><span lang=\"LT\">Atbilst\u012bba:<\/span><\/strong><span lang=\"LT\">  &#8220;Harmonijas kolekcijas s\u0113dek\u013cu p\u0101rvalkiem ir daudzpus\u012bgs dizains, t\u0101p\u0113c tie ir ide\u0101li piem\u0113roti daudziem transportl\u012bdzek\u013ciem. Priek\u0161\u0113jo s\u0113dek\u013cu p\u0101rvalki ir piem\u0113roti gandr\u012bz visiem automa\u0161\u012bnu mode\u013ciem, nodro\u0161inot vieglu lieto\u0161anu un komfortu. Aizmugur\u0113jo s\u0113dek\u013cu p\u0101rvalki ir ide\u0101li piem\u0113roti vieglajiem automobi\u013ciem, \u012bpa\u0161i sedaniem ar atlok\u0101miem aizmugur\u0113jiem s\u0113dek\u013ciem, k\u0101 ar\u012b da\u017eiem SUV mode\u013ciem.<\/span><\/p>\n<p><strong><span lang=\"LT\">Piez\u012bme:<\/span><\/strong><span lang=\"LT\"> \u0160ie p\u0101rvalki nav piem\u0113roti kravas transportl\u012bdzek\u013ciem, kuros aizmugur\u0113jie s\u0113dek\u013ci ir apvienoti, veidojot divviet\u012bgu s\u0113dvietu konfigur\u0101ciju.<\/span><\/p>\n","protected":false},"excerpt":{"rendered":"<p><strong>Elegance, kas nekad nepaz\u016bd &#8211; neatkar\u012bgi no laika vai laikapst\u0101k\u013ciem.<\/strong><br \/>\nGrezni eko\u0101das s\u0113dek\u013cu p\u0101rvalki, kas sp\u0113j iztur\u0113t ekstrem\u0101lus apst\u0101k\u013cus &#8211; no karstas saules l\u012bdz aukstai ziemai. &#8220;Harmony Touch ne tikai rot\u0101, bet ar\u012b kalpo, pie\u0161\u0137irot automobilim p\u0101rlaic\u012bgu izsmalcin\u0101t\u012bbu.<\/p>\n","protected":false},"featured_media":73411,"comment_status":"open","ping_status":"closed","template":"","meta":[],"product_brand":[],"product_cat":[2879],"product_tag":[],"class_list":{"0":"post-73547","1":"product","2":"type-product","3":"status-publish","4":"has-post-thumbnail","6":"product_cat-sedeklu-parvalki","7":"product_shipping_class-xl-lv","9":"entry","10":"has-media","12":"first","13":"instock","14":"taxable","15":"shipping-taxable","16":"purchasable","17":"product-type-variable","18":"has-default-attributes","19":"has-product-nav","20":"col","21":"span_1_of_4","22":"owp-content-center","23":"owp-thumbs-layout-horizontal","24":"owp-btn-normal","25":"owp-tabs-layout-horizontal"},"yoast_head":"<!-- This site is optimized with the Yoast SEO plugin v27.1.1 - https:\/\/yoast.com\/product\/yoast-seo-wordpress\/ -->\n<title>CARPE HARMONY TOUCH - \u0100das auto s\u0113dek\u013cu p\u0101rvalki - carpe.lt<\/title>\n<meta name=\"robots\" content=\"index, follow, max-snippet:-1, max-image-preview:large, max-video-preview:-1\" \/>\n<link rel=\"canonical\" href=\"https:\/\/carpe.lt\/lv\/produkts\/carpe-harmony-touch-adas-auto-sedeklu-parvalki\/\" \/>\n<meta property=\"og:locale\" content=\"lv_LV\" \/>\n<meta property=\"og:type\" content=\"article\" \/>\n<meta property=\"og:title\" content=\"CARPE HARMONY TOUCH - \u0100das auto s\u0113dek\u013cu p\u0101rvalki - carpe.lt\" \/>\n<meta property=\"og:description\" content=\"Elegance, kas nekad nepaz\u016bd - neatkar\u012bgi no laika vai laikapst\u0101k\u013ciem. Grezni eko\u0101das s\u0113dek\u013cu p\u0101rvalki, kas sp\u0113j iztur\u0113t ekstrem\u0101lus apst\u0101k\u013cus - no karstas saules l\u012bdz aukstai ziemai. &quot;Harmony Touch ne tikai rot\u0101, bet ar\u012b kalpo, pie\u0161\u0137irot automobilim p\u0101rlaic\u012bgu izsmalcin\u0101t\u012bbu.\" \/>\n<meta property=\"og:url\" content=\"https:\/\/carpe.lt\/lv\/produkts\/carpe-harmony-touch-adas-auto-sedeklu-parvalki\/\" \/>\n<meta property=\"og:site_name\" content=\"carpe.lt\" \/>\n<meta property=\"article:modified_time\" content=\"2025-11-10T13:01:20+00:00\" \/>\n<meta property=\"og:image\" content=\"https:\/\/carpe.lt\/wp-content\/uploads\/2024\/11\/web-8_result.webp\" \/>\n\t<meta property=\"og:image:width\" content=\"1000\" \/>\n\t<meta property=\"og:image:height\" content=\"1000\" \/>\n\t<meta property=\"og:image:type\" content=\"image\/webp\" \/>\n<meta name=\"twitter:card\" content=\"summary_large_image\" \/>\n<meta name=\"twitter:label1\" content=\"Est. reading time\" \/>\n\t<meta name=\"twitter:data1\" content=\"2 minutes\" \/>\n<script type=\"application\/ld+json\" class=\"yoast-schema-graph\">{\"@context\":\"https:\/\/schema.org\",\"@graph\":[{\"@type\":\"WebPage\",\"@id\":\"https:\/\/carpe.lt\/lv\/produkts\/carpe-harmony-touch-adas-auto-sedeklu-parvalki\/\",\"url\":\"https:\/\/carpe.lt\/lv\/produkts\/carpe-harmony-touch-adas-auto-sedeklu-parvalki\/\",\"name\":\"CARPE HARMONY TOUCH - \u0100das auto s\u0113dek\u013cu p\u0101rvalki - carpe.lt\",\"isPartOf\":{\"@id\":\"https:\/\/carpe.lt\/lv\/#website\"},\"primaryImageOfPage\":{\"@id\":\"https:\/\/carpe.lt\/lv\/produkts\/carpe-harmony-touch-adas-auto-sedeklu-parvalki\/#primaryimage\"},\"image\":{\"@id\":\"https:\/\/carpe.lt\/lv\/produkts\/carpe-harmony-touch-adas-auto-sedeklu-parvalki\/#primaryimage\"},\"thumbnailUrl\":\"https:\/\/carpe.lt\/wp-content\/uploads\/2024\/11\/web-8_result.webp\",\"datePublished\":\"2024-11-06T08:35:16+00:00\",\"dateModified\":\"2025-11-10T13:01:20+00:00\",\"breadcrumb\":{\"@id\":\"https:\/\/carpe.lt\/lv\/produkts\/carpe-harmony-touch-adas-auto-sedeklu-parvalki\/#breadcrumb\"},\"inLanguage\":\"lv-LV\",\"potentialAction\":[{\"@type\":\"ReadAction\",\"target\":[\"https:\/\/carpe.lt\/lv\/produkts\/carpe-harmony-touch-adas-auto-sedeklu-parvalki\/\"]}]},{\"@type\":\"ImageObject\",\"inLanguage\":\"lv-LV\",\"@id\":\"https:\/\/carpe.lt\/lv\/produkts\/carpe-harmony-touch-adas-auto-sedeklu-parvalki\/#primaryimage\",\"url\":\"https:\/\/carpe.lt\/wp-content\/uploads\/2024\/11\/web-8_result.webp\",\"contentUrl\":\"https:\/\/carpe.lt\/wp-content\/uploads\/2024\/11\/web-8_result.webp\",\"width\":1000,\"height\":1000},{\"@type\":\"BreadcrumbList\",\"@id\":\"https:\/\/carpe.lt\/lv\/produkts\/carpe-harmony-touch-adas-auto-sedeklu-parvalki\/#breadcrumb\",\"itemListElement\":[{\"@type\":\"ListItem\",\"position\":1,\"name\":\"Home\",\"item\":\"https:\/\/carpe.lt\/lv\/sakums\/\"},{\"@type\":\"ListItem\",\"position\":2,\"name\":\"Parduotuv\u0117\",\"item\":\"https:\/\/carpe.lt\/parduotuve\/\"},{\"@type\":\"ListItem\",\"position\":3,\"name\":\"CARPE HARMONY TOUCH &#8211; \u0100das auto s\u0113dek\u013cu p\u0101rvalki\"}]},{\"@type\":\"WebSite\",\"@id\":\"https:\/\/carpe.lt\/lv\/#website\",\"url\":\"https:\/\/carpe.lt\/lv\/\",\"name\":\"carpe.lt\",\"description\":\"Materi\u0101ls auto pakl\u0101ji\u0146i\",\"potentialAction\":[{\"@type\":\"SearchAction\",\"target\":{\"@type\":\"EntryPoint\",\"urlTemplate\":\"https:\/\/carpe.lt\/lv\/?s={search_term_string}\"},\"query-input\":{\"@type\":\"PropertyValueSpecification\",\"valueRequired\":true,\"valueName\":\"search_term_string\"}}],\"inLanguage\":\"lv-LV\"}]}<\/script>\n<!-- \/ Yoast SEO plugin. -->","yoast_head_json":{"title":"CARPE HARMONY TOUCH - \u0100das auto s\u0113dek\u013cu p\u0101rvalki - carpe.lt","robots":{"index":"index","follow":"follow","max-snippet":"max-snippet:-1","max-image-preview":"max-image-preview:large","max-video-preview":"max-video-preview:-1"},"canonical":"https:\/\/carpe.lt\/lv\/produkts\/carpe-harmony-touch-adas-auto-sedeklu-parvalki\/","og_locale":"lv_LV","og_type":"article","og_title":"CARPE HARMONY TOUCH - \u0100das auto s\u0113dek\u013cu p\u0101rvalki - carpe.lt","og_description":"Elegance, kas nekad nepaz\u016bd - neatkar\u012bgi no laika vai laikapst\u0101k\u013ciem. Grezni eko\u0101das s\u0113dek\u013cu p\u0101rvalki, kas sp\u0113j iztur\u0113t ekstrem\u0101lus apst\u0101k\u013cus - no karstas saules l\u012bdz aukstai ziemai. \"Harmony Touch ne tikai rot\u0101, bet ar\u012b kalpo, pie\u0161\u0137irot automobilim p\u0101rlaic\u012bgu izsmalcin\u0101t\u012bbu.","og_url":"https:\/\/carpe.lt\/lv\/produkts\/carpe-harmony-touch-adas-auto-sedeklu-parvalki\/","og_site_name":"carpe.lt","article_modified_time":"2025-11-10T13:01:20+00:00","og_image":[{"width":1000,"height":1000,"url":"https:\/\/carpe.lt\/wp-content\/uploads\/2024\/11\/web-8_result.webp","type":"image\/webp"}],"twitter_card":"summary_large_image","twitter_misc":{"Est. reading time":"2 minutes"},"schema":{"@context":"https:\/\/schema.org","@graph":[{"@type":"WebPage","@id":"https:\/\/carpe.lt\/lv\/produkts\/carpe-harmony-touch-adas-auto-sedeklu-parvalki\/","url":"https:\/\/carpe.lt\/lv\/produkts\/carpe-harmony-touch-adas-auto-sedeklu-parvalki\/","name":"CARPE HARMONY TOUCH - \u0100das auto s\u0113dek\u013cu p\u0101rvalki - carpe.lt","isPartOf":{"@id":"https:\/\/carpe.lt\/lv\/#website"},"primaryImageOfPage":{"@id":"https:\/\/carpe.lt\/lv\/produkts\/carpe-harmony-touch-adas-auto-sedeklu-parvalki\/#primaryimage"},"image":{"@id":"https:\/\/carpe.lt\/lv\/produkts\/carpe-harmony-touch-adas-auto-sedeklu-parvalki\/#primaryimage"},"thumbnailUrl":"https:\/\/carpe.lt\/wp-content\/uploads\/2024\/11\/web-8_result.webp","datePublished":"2024-11-06T08:35:16+00:00","dateModified":"2025-11-10T13:01:20+00:00","breadcrumb":{"@id":"https:\/\/carpe.lt\/lv\/produkts\/carpe-harmony-touch-adas-auto-sedeklu-parvalki\/#breadcrumb"},"inLanguage":"lv-LV","potentialAction":[{"@type":"ReadAction","target":["https:\/\/carpe.lt\/lv\/produkts\/carpe-harmony-touch-adas-auto-sedeklu-parvalki\/"]}]},{"@type":"ImageObject","inLanguage":"lv-LV","@id":"https:\/\/carpe.lt\/lv\/produkts\/carpe-harmony-touch-adas-auto-sedeklu-parvalki\/#primaryimage","url":"https:\/\/carpe.lt\/wp-content\/uploads\/2024\/11\/web-8_result.webp","contentUrl":"https:\/\/carpe.lt\/wp-content\/uploads\/2024\/11\/web-8_result.webp","width":1000,"height":1000},{"@type":"BreadcrumbList","@id":"https:\/\/carpe.lt\/lv\/produkts\/carpe-harmony-touch-adas-auto-sedeklu-parvalki\/#breadcrumb","itemListElement":[{"@type":"ListItem","position":1,"name":"Home","item":"https:\/\/carpe.lt\/lv\/sakums\/"},{"@type":"ListItem","position":2,"name":"Parduotuv\u0117","item":"https:\/\/carpe.lt\/parduotuve\/"},{"@type":"ListItem","position":3,"name":"CARPE HARMONY TOUCH &#8211; \u0100das auto s\u0113dek\u013cu p\u0101rvalki"}]},{"@type":"WebSite","@id":"https:\/\/carpe.lt\/lv\/#website","url":"https:\/\/carpe.lt\/lv\/","name":"carpe.lt","description":"Materi\u0101ls auto pakl\u0101ji\u0146i","potentialAction":[{"@type":"SearchAction","target":{"@type":"EntryPoint","urlTemplate":"https:\/\/carpe.lt\/lv\/?s={search_term_string}"},"query-input":{"@type":"PropertyValueSpecification","valueRequired":true,"valueName":"search_term_string"}}],"inLanguage":"lv-LV"}]}},"_links":{"self":[{"href":"https:\/\/carpe.lt\/lv\/wp-json\/wp\/v2\/product\/73547","targetHints":{"allow":["GET"]}}],"collection":[{"href":"https:\/\/carpe.lt\/lv\/wp-json\/wp\/v2\/product"}],"about":[{"href":"https:\/\/carpe.lt\/lv\/wp-json\/wp\/v2\/types\/product"}],"replies":[{"embeddable":true,"href":"https:\/\/carpe.lt\/lv\/wp-json\/wp\/v2\/comments?post=73547"}],"wp:featuredmedia":[{"embeddable":true,"href":"https:\/\/carpe.lt\/lv\/wp-json\/wp\/v2\/media\/73411"}],"wp:attachment":[{"href":"https:\/\/carpe.lt\/lv\/wp-json\/wp\/v2\/media?parent=73547"}],"wp:term":[{"taxonomy":"product_brand","embeddable":true,"href":"https:\/\/carpe.lt\/lv\/wp-json\/wp\/v2\/product_brand?post=73547"},{"taxonomy":"product_cat","embeddable":true,"href":"https:\/\/carpe.lt\/lv\/wp-json\/wp\/v2\/product_cat?post=73547"},{"taxonomy":"product_tag","embeddable":true,"href":"https:\/\/carpe.lt\/lv\/wp-json\/wp\/v2\/product_tag?post=73547"}],"curies":[{"name":"wp","href":"https:\/\/api.w.org\/{rel}","templated":true}]}}