{"id":73540,"date":"2024-11-06T10:04:07","date_gmt":"2024-11-06T08:04:07","guid":{"rendered":"https:\/\/carpe.lt\/produktas\/carpe-harmony-weave-materials-auto-sedeklu-parvalki\/"},"modified":"2025-11-10T15:00:15","modified_gmt":"2025-11-10T13:00:15","slug":"carpe-harmony-weave-materials-auto-sedeklu-parvalki","status":"publish","type":"product","link":"https:\/\/carpe.lt\/lv\/produkts\/carpe-harmony-weave-materials-auto-sedeklu-parvalki\/","title":{"rendered":"CARPE HARMONY WEAVE &#8211; Materi\u0101ls auto s\u0113dek\u013cu p\u0101rvalki"},"content":{"rendered":"<h2>Instrukcijas<\/h2>\n<p class=\"responsive-video-wrap clr\"><iframe title=\"Carpe Sedynes uzvalkalai\/Carpe Seat Covers\" width=\"1200\" height=\"675\" src=\"https:\/\/www.youtube.com\/embed\/Sg3A-tP8PJo?feature=oembed\" frameborder=\"0\" allow=\"accelerometer; autoplay; clipboard-write; encrypted-media; gyroscope; picture-in-picture; web-share\" referrerpolicy=\"strict-origin-when-cross-origin\" allowfullscreen><\/iframe><\/p>\n<p>&#8220;Harmony Weave&#8221; ir auduma automa\u0161\u012bnu s\u0113dek\u013cu p\u0101rvalku kolekcija, kas paredz\u0113ta tiem, kuri mekl\u0113 nevainojamu komfortu un dabisku skaistumu. \u0160ie p\u0101rvalki ir ne tikai m\u012bksti un pat\u012bkami piesk\u0101rienam, bet ar\u012b lieliski piel\u0101gojas jebkura automobi\u013ca interjeram, pie\u0161\u0137irot tam siltumu un m\u0101j\u012bgumu. Elpojo\u0161ais materi\u0101ls nodro\u0161ina ilgsto\u0161u komfortu pat garos ce\u013cojumos, savuk\u0101rt smalkais auduma raksts pie\u0161\u0137ir automa\u0161\u012bnai klasisku, bet vienlaikus m\u016bsdien\u012bgu stilu.<\/p>\n<p><strong>Uztur\u0113\u0161ana:<\/strong><br \/>\n&#8220;Harmony Weave p\u0101rkl\u0101ji ir \u012bpa\u0161i iztur\u012bgi un viegli kopjami. T\u0101s nebaid\u0101s no \u0137\u012bmiskiem t\u012br\u012b\u0161anas l\u012bdzek\u013ciem, t\u0101p\u0113c varat dro\u0161i t\u012br\u012bt pat gr\u016bti izmazg\u0101jamus traipus. Ja p\u0101rvalki zaud\u0113 savu svaigumu, varat tos vienk\u0101r\u0161i izmazg\u0101t ve\u013cas mazg\u0101jamaj\u0101 ma\u0161\u012bn\u0101, neuztraucoties par auduma kvalit\u0101ti. \u0160\u012b kolekcija ne tikai izskat\u0101s eleganti, bet ar\u012b nodro\u0161ina vieglu ikdienas apkopi.<\/p>\n<p><strong><span lang=\"LT\">Atbilst\u012bba:<\/span><\/strong><span lang=\"LT\">  &#8220;Harmonijas kolekcijas s\u0113dek\u013cu p\u0101rvalkiem ir daudzpus\u012bgs dizains, t\u0101p\u0113c tie ir ide\u0101li piem\u0113roti daudziem transportl\u012bdzek\u013ciem. Priek\u0161\u0113jo s\u0113dek\u013cu p\u0101rvalki ir piem\u0113roti gandr\u012bz visiem automa\u0161\u012bnu mode\u013ciem, nodro\u0161inot vieglu lieto\u0161anu un komfortu. Aizmugur\u0113jo s\u0113dek\u013cu p\u0101rvalki ir ide\u0101li piem\u0113roti vieglajiem automobi\u013ciem, \u012bpa\u0161i sedaniem ar atlok\u0101miem aizmugur\u0113jiem s\u0113dek\u013ciem, k\u0101 ar\u012b da\u017eiem SUV mode\u013ciem.<\/span><\/p>\n<p><strong><span lang=\"LT\">Piez\u012bme:<\/span><\/strong><span lang=\"LT\"> \u0160ie p\u0101rvalki nav piem\u0113roti kravas transportl\u012bdzek\u013ciem, kuros aizmugur\u0113jie s\u0113dek\u013ci ir apvienoti, veidojot divviet\u012bgu s\u0113dvietu konfigur\u0101ciju.<\/span><\/p>\n","protected":false},"excerpt":{"rendered":"<p><strong>M\u0101j\u012bgums, kas j\u016bs ap\u0146em, tikl\u012bdz aps\u0113\u017eaties.<\/strong><br \/>\nRadiet m\u0101j\u012bgu atmosf\u0113ru sav\u0101 automa\u0161\u012bn\u0101, izmantojot viegli kopjamus, elpojo\u0161us un piesk\u0101rienam pat\u012bkamus audumus. &#8220;Harmony Weave ir \u012bsta komforta saj\u016bta, kas j\u016bs pavad\u012bs ik uz so\u013ca.<\/p>\n","protected":false},"featured_media":73397,"comment_status":"open","ping_status":"closed","template":"","meta":[],"product_brand":[],"product_cat":[2879],"product_tag":[],"class_list":{"0":"post-73540","1":"product","2":"type-product","3":"status-publish","4":"has-post-thumbnail","6":"product_cat-sedeklu-parvalki","7":"product_shipping_class-xl-lv","9":"entry","10":"has-media","12":"first","13":"instock","14":"taxable","15":"shipping-taxable","16":"purchasable","17":"product-type-variable","18":"has-default-attributes","19":"has-product-nav","20":"col","21":"span_1_of_4","22":"owp-content-center","23":"owp-thumbs-layout-horizontal","24":"owp-btn-normal","25":"owp-tabs-layout-horizontal"},"yoast_head":"<!-- This site is optimized with the Yoast SEO plugin v27.1.1 - https:\/\/yoast.com\/product\/yoast-seo-wordpress\/ -->\n<title>CARPE HARMONY WEAVE - Materi\u0101ls auto s\u0113dek\u013cu p\u0101rvalki - carpe.lt<\/title>\n<meta name=\"robots\" content=\"index, follow, max-snippet:-1, max-image-preview:large, max-video-preview:-1\" \/>\n<link rel=\"canonical\" href=\"https:\/\/carpe.lt\/lv\/produkts\/carpe-harmony-weave-materials-auto-sedeklu-parvalki\/\" \/>\n<meta property=\"og:locale\" content=\"lv_LV\" \/>\n<meta property=\"og:type\" content=\"article\" \/>\n<meta property=\"og:title\" content=\"CARPE HARMONY WEAVE - Materi\u0101ls auto s\u0113dek\u013cu p\u0101rvalki - carpe.lt\" \/>\n<meta property=\"og:description\" content=\"M\u0101j\u012bgums, kas j\u016bs ap\u0146em, tikl\u012bdz aps\u0113\u017eaties. Radiet m\u0101j\u012bgu atmosf\u0113ru sav\u0101 automa\u0161\u012bn\u0101, izmantojot viegli kopjamus, elpojo\u0161us un piesk\u0101rienam pat\u012bkamus audumus. &quot;Harmony Weave ir \u012bsta komforta saj\u016bta, kas j\u016bs pavad\u012bs ik uz so\u013ca.\" \/>\n<meta property=\"og:url\" content=\"https:\/\/carpe.lt\/lv\/produkts\/carpe-harmony-weave-materials-auto-sedeklu-parvalki\/\" \/>\n<meta property=\"og:site_name\" content=\"carpe.lt\" \/>\n<meta property=\"article:modified_time\" content=\"2025-11-10T13:00:15+00:00\" \/>\n<meta property=\"og:image\" content=\"https:\/\/carpe.lt\/wp-content\/uploads\/2024\/11\/web-13_result-1.webp\" \/>\n\t<meta property=\"og:image:width\" content=\"1000\" \/>\n\t<meta property=\"og:image:height\" content=\"1000\" \/>\n\t<meta property=\"og:image:type\" content=\"image\/webp\" \/>\n<meta name=\"twitter:card\" content=\"summary_large_image\" \/>\n<meta name=\"twitter:label1\" content=\"Est. reading time\" \/>\n\t<meta name=\"twitter:data1\" content=\"1 minute\" \/>\n<script type=\"application\/ld+json\" class=\"yoast-schema-graph\">{\"@context\":\"https:\/\/schema.org\",\"@graph\":[{\"@type\":\"WebPage\",\"@id\":\"https:\/\/carpe.lt\/lv\/produkts\/carpe-harmony-weave-materials-auto-sedeklu-parvalki\/\",\"url\":\"https:\/\/carpe.lt\/lv\/produkts\/carpe-harmony-weave-materials-auto-sedeklu-parvalki\/\",\"name\":\"CARPE HARMONY WEAVE - Materi\u0101ls auto s\u0113dek\u013cu p\u0101rvalki - carpe.lt\",\"isPartOf\":{\"@id\":\"https:\/\/carpe.lt\/lv\/#website\"},\"primaryImageOfPage\":{\"@id\":\"https:\/\/carpe.lt\/lv\/produkts\/carpe-harmony-weave-materials-auto-sedeklu-parvalki\/#primaryimage\"},\"image\":{\"@id\":\"https:\/\/carpe.lt\/lv\/produkts\/carpe-harmony-weave-materials-auto-sedeklu-parvalki\/#primaryimage\"},\"thumbnailUrl\":\"https:\/\/carpe.lt\/wp-content\/uploads\/2024\/11\/web-13_result-1.webp\",\"datePublished\":\"2024-11-06T08:04:07+00:00\",\"dateModified\":\"2025-11-10T13:00:15+00:00\",\"breadcrumb\":{\"@id\":\"https:\/\/carpe.lt\/lv\/produkts\/carpe-harmony-weave-materials-auto-sedeklu-parvalki\/#breadcrumb\"},\"inLanguage\":\"lv-LV\",\"potentialAction\":[{\"@type\":\"ReadAction\",\"target\":[\"https:\/\/carpe.lt\/lv\/produkts\/carpe-harmony-weave-materials-auto-sedeklu-parvalki\/\"]}]},{\"@type\":\"ImageObject\",\"inLanguage\":\"lv-LV\",\"@id\":\"https:\/\/carpe.lt\/lv\/produkts\/carpe-harmony-weave-materials-auto-sedeklu-parvalki\/#primaryimage\",\"url\":\"https:\/\/carpe.lt\/wp-content\/uploads\/2024\/11\/web-13_result-1.webp\",\"contentUrl\":\"https:\/\/carpe.lt\/wp-content\/uploads\/2024\/11\/web-13_result-1.webp\",\"width\":1000,\"height\":1000},{\"@type\":\"BreadcrumbList\",\"@id\":\"https:\/\/carpe.lt\/lv\/produkts\/carpe-harmony-weave-materials-auto-sedeklu-parvalki\/#breadcrumb\",\"itemListElement\":[{\"@type\":\"ListItem\",\"position\":1,\"name\":\"Home\",\"item\":\"https:\/\/carpe.lt\/lv\/sakums\/\"},{\"@type\":\"ListItem\",\"position\":2,\"name\":\"Parduotuv\u0117\",\"item\":\"https:\/\/carpe.lt\/parduotuve\/\"},{\"@type\":\"ListItem\",\"position\":3,\"name\":\"CARPE HARMONY WEAVE &#8211; Materi\u0101ls auto s\u0113dek\u013cu p\u0101rvalki\"}]},{\"@type\":\"WebSite\",\"@id\":\"https:\/\/carpe.lt\/lv\/#website\",\"url\":\"https:\/\/carpe.lt\/lv\/\",\"name\":\"carpe.lt\",\"description\":\"Materi\u0101ls auto pakl\u0101ji\u0146i\",\"potentialAction\":[{\"@type\":\"SearchAction\",\"target\":{\"@type\":\"EntryPoint\",\"urlTemplate\":\"https:\/\/carpe.lt\/lv\/?s={search_term_string}\"},\"query-input\":{\"@type\":\"PropertyValueSpecification\",\"valueRequired\":true,\"valueName\":\"search_term_string\"}}],\"inLanguage\":\"lv-LV\"}]}<\/script>\n<!-- \/ Yoast SEO plugin. -->","yoast_head_json":{"title":"CARPE HARMONY WEAVE - Materi\u0101ls auto s\u0113dek\u013cu p\u0101rvalki - carpe.lt","robots":{"index":"index","follow":"follow","max-snippet":"max-snippet:-1","max-image-preview":"max-image-preview:large","max-video-preview":"max-video-preview:-1"},"canonical":"https:\/\/carpe.lt\/lv\/produkts\/carpe-harmony-weave-materials-auto-sedeklu-parvalki\/","og_locale":"lv_LV","og_type":"article","og_title":"CARPE HARMONY WEAVE - Materi\u0101ls auto s\u0113dek\u013cu p\u0101rvalki - carpe.lt","og_description":"M\u0101j\u012bgums, kas j\u016bs ap\u0146em, tikl\u012bdz aps\u0113\u017eaties. Radiet m\u0101j\u012bgu atmosf\u0113ru sav\u0101 automa\u0161\u012bn\u0101, izmantojot viegli kopjamus, elpojo\u0161us un piesk\u0101rienam pat\u012bkamus audumus. \"Harmony Weave ir \u012bsta komforta saj\u016bta, kas j\u016bs pavad\u012bs ik uz so\u013ca.","og_url":"https:\/\/carpe.lt\/lv\/produkts\/carpe-harmony-weave-materials-auto-sedeklu-parvalki\/","og_site_name":"carpe.lt","article_modified_time":"2025-11-10T13:00:15+00:00","og_image":[{"width":1000,"height":1000,"url":"https:\/\/carpe.lt\/wp-content\/uploads\/2024\/11\/web-13_result-1.webp","type":"image\/webp"}],"twitter_card":"summary_large_image","twitter_misc":{"Est. reading time":"1 minute"},"schema":{"@context":"https:\/\/schema.org","@graph":[{"@type":"WebPage","@id":"https:\/\/carpe.lt\/lv\/produkts\/carpe-harmony-weave-materials-auto-sedeklu-parvalki\/","url":"https:\/\/carpe.lt\/lv\/produkts\/carpe-harmony-weave-materials-auto-sedeklu-parvalki\/","name":"CARPE HARMONY WEAVE - Materi\u0101ls auto s\u0113dek\u013cu p\u0101rvalki - carpe.lt","isPartOf":{"@id":"https:\/\/carpe.lt\/lv\/#website"},"primaryImageOfPage":{"@id":"https:\/\/carpe.lt\/lv\/produkts\/carpe-harmony-weave-materials-auto-sedeklu-parvalki\/#primaryimage"},"image":{"@id":"https:\/\/carpe.lt\/lv\/produkts\/carpe-harmony-weave-materials-auto-sedeklu-parvalki\/#primaryimage"},"thumbnailUrl":"https:\/\/carpe.lt\/wp-content\/uploads\/2024\/11\/web-13_result-1.webp","datePublished":"2024-11-06T08:04:07+00:00","dateModified":"2025-11-10T13:00:15+00:00","breadcrumb":{"@id":"https:\/\/carpe.lt\/lv\/produkts\/carpe-harmony-weave-materials-auto-sedeklu-parvalki\/#breadcrumb"},"inLanguage":"lv-LV","potentialAction":[{"@type":"ReadAction","target":["https:\/\/carpe.lt\/lv\/produkts\/carpe-harmony-weave-materials-auto-sedeklu-parvalki\/"]}]},{"@type":"ImageObject","inLanguage":"lv-LV","@id":"https:\/\/carpe.lt\/lv\/produkts\/carpe-harmony-weave-materials-auto-sedeklu-parvalki\/#primaryimage","url":"https:\/\/carpe.lt\/wp-content\/uploads\/2024\/11\/web-13_result-1.webp","contentUrl":"https:\/\/carpe.lt\/wp-content\/uploads\/2024\/11\/web-13_result-1.webp","width":1000,"height":1000},{"@type":"BreadcrumbList","@id":"https:\/\/carpe.lt\/lv\/produkts\/carpe-harmony-weave-materials-auto-sedeklu-parvalki\/#breadcrumb","itemListElement":[{"@type":"ListItem","position":1,"name":"Home","item":"https:\/\/carpe.lt\/lv\/sakums\/"},{"@type":"ListItem","position":2,"name":"Parduotuv\u0117","item":"https:\/\/carpe.lt\/parduotuve\/"},{"@type":"ListItem","position":3,"name":"CARPE HARMONY WEAVE &#8211; Materi\u0101ls auto s\u0113dek\u013cu p\u0101rvalki"}]},{"@type":"WebSite","@id":"https:\/\/carpe.lt\/lv\/#website","url":"https:\/\/carpe.lt\/lv\/","name":"carpe.lt","description":"Materi\u0101ls auto pakl\u0101ji\u0146i","potentialAction":[{"@type":"SearchAction","target":{"@type":"EntryPoint","urlTemplate":"https:\/\/carpe.lt\/lv\/?s={search_term_string}"},"query-input":{"@type":"PropertyValueSpecification","valueRequired":true,"valueName":"search_term_string"}}],"inLanguage":"lv-LV"}]}},"_links":{"self":[{"href":"https:\/\/carpe.lt\/lv\/wp-json\/wp\/v2\/product\/73540","targetHints":{"allow":["GET"]}}],"collection":[{"href":"https:\/\/carpe.lt\/lv\/wp-json\/wp\/v2\/product"}],"about":[{"href":"https:\/\/carpe.lt\/lv\/wp-json\/wp\/v2\/types\/product"}],"replies":[{"embeddable":true,"href":"https:\/\/carpe.lt\/lv\/wp-json\/wp\/v2\/comments?post=73540"}],"wp:featuredmedia":[{"embeddable":true,"href":"https:\/\/carpe.lt\/lv\/wp-json\/wp\/v2\/media\/73397"}],"wp:attachment":[{"href":"https:\/\/carpe.lt\/lv\/wp-json\/wp\/v2\/media?parent=73540"}],"wp:term":[{"taxonomy":"product_brand","embeddable":true,"href":"https:\/\/carpe.lt\/lv\/wp-json\/wp\/v2\/product_brand?post=73540"},{"taxonomy":"product_cat","embeddable":true,"href":"https:\/\/carpe.lt\/lv\/wp-json\/wp\/v2\/product_cat?post=73540"},{"taxonomy":"product_tag","embeddable":true,"href":"https:\/\/carpe.lt\/lv\/wp-json\/wp\/v2\/product_tag?post=73540"}],"curies":[{"name":"wp","href":"https:\/\/api.w.org\/{rel}","templated":true}]}}