{"id":73518,"date":"2024-11-06T10:56:49","date_gmt":"2024-11-06T08:56:49","guid":{"rendered":"https:\/\/carpe.lt\/produktas\/carpe-harmony-flex-kombineti-auto-sedeklu-parvalki-eko-ada-audums\/"},"modified":"2025-11-10T15:01:22","modified_gmt":"2025-11-10T13:01:22","slug":"carpe-harmony-flex-kombineti-auto-sedeklu-parvalki-eko-ada-audums","status":"publish","type":"product","link":"https:\/\/carpe.lt\/lv\/produkts\/carpe-harmony-flex-kombineti-auto-sedeklu-parvalki-eko-ada-audums\/","title":{"rendered":"CARPE HARMONY FLEX &#8211; Kombin\u0113ti auto s\u0113dek\u013cu p\u0101rvalki eko \u0101da + audums"},"content":{"rendered":"<h2>Instrukcijas<\/h2>\n<p class=\"responsive-video-wrap clr\"><iframe title=\"Carpe Sedynes uzvalkalai\/Carpe Seat Covers\" width=\"1200\" height=\"675\" src=\"https:\/\/www.youtube.com\/embed\/Sg3A-tP8PJo?feature=oembed\" frameborder=\"0\" allow=\"accelerometer; autoplay; clipboard-write; encrypted-media; gyroscope; picture-in-picture; web-share\" referrerpolicy=\"strict-origin-when-cross-origin\" allowfullscreen><\/iframe><\/p>\n<p>&#8220;Harmony Flex ir unik\u0101ls p\u0101rvalka risin\u0101jums, kas apvieno eko\u0101das grezn\u012bbu ar auduma komfortu. \u0160\u012b kolekcija ir ide\u0101li piem\u0113rota tiem, kas mekl\u0113 modernu un funkcion\u0101lu risin\u0101jumu: eko\u0101das elegance sapl\u016bst ar materi\u0101la maigumu, radot unik\u0101lu dizaina kontrastu un tekst\u016bru l\u012bdzsvaru. &#8220;Harmony Flex ne tikai lieliski piegu\u013c, bet ar\u012b pie\u0161\u0137ir automa\u0161\u012bnai modernu izskatu un daudzpus\u012bgu stilu, lai t\u0101 atbilstu da\u017e\u0101d\u0101m vajadz\u012bb\u0101m.<\/p>\n<p><strong>Uztur\u0113\u0161ana un ilgm\u016b\u017e\u012bba:<\/strong><br \/>\n&#8220;Harmony Flex p\u0101rvalki ir iztur\u012bgi pret da\u017e\u0101diem apst\u0101k\u013ciem un paredz\u0113ti ilgsto\u0161ai lieto\u0161anai. Eko \u0101da saglab\u0101 savu izskatu un strukt\u016bru pat aukstuma, karstuma vai tie\u0161u saules staru iedarb\u012bb\u0101, t\u0101p\u0113c t\u0101 ir ide\u0101la jebkuros apst\u0101k\u013cos. P\u0101rsegi nebaid\u0101s no \u0137\u012bmiskiem t\u012br\u012b\u0161anas l\u012bdzek\u013ciem, un auduma da\u013cu var viegli mazg\u0101t ve\u013cas ma\u0161\u012bn\u0101. \u0160\u012b iztur\u012bba pret intens\u012bvu lieto\u0161anu padara Harmony Flex par uzticamu izv\u0113li, kas kalpos j\u016bsu automa\u0161\u012bnai gadiem ilgi.<\/p>\n<p><strong><span lang=\"LT\">Atbilst\u012bba:<\/span><\/strong><span lang=\"LT\">  &#8220;Harmonijas kolekcijas s\u0113dek\u013cu p\u0101rvalkiem ir daudzpus\u012bgs dizains, t\u0101p\u0113c tie ir ide\u0101li piem\u0113roti daudziem transportl\u012bdzek\u013ciem. Priek\u0161\u0113jo s\u0113dek\u013cu p\u0101rvalki ir piem\u0113roti gandr\u012bz visiem automa\u0161\u012bnu mode\u013ciem, nodro\u0161inot vieglu lieto\u0161anu un komfortu. Aizmugur\u0113jo s\u0113dek\u013cu p\u0101rvalki ir ide\u0101li piem\u0113roti vieglajiem automobi\u013ciem, \u012bpa\u0161i sedaniem ar atlok\u0101miem aizmugur\u0113jiem s\u0113dek\u013ciem, k\u0101 ar\u012b da\u017eiem SUV mode\u013ciem.<\/span><\/p>\n<p><strong><span lang=\"LT\">Piez\u012bme:<\/span><\/strong><span lang=\"LT\"> \u0160ie p\u0101rvalki nav piem\u0113roti kravas transportl\u012bdzek\u013ciem, kuros aizmugur\u0113jie s\u0113dek\u013ci ir apvienoti, veidojot divviet\u012bgu s\u0113dvietu konfigur\u0101ciju.<\/span><\/p>\n","protected":false},"excerpt":{"rendered":"<p><strong>Greznuma un komforta apvienojums, kas piel\u0101gots j\u016bsu ce\u013cojumiem.<\/strong><br \/>\nHarmony Flex ir veidots no eko\u0101das un auduma, kas nodro\u0161ina unik\u0101lu saj\u016btu un modernu stilu, un ir paredz\u0113ts tiem, kas mekl\u0113 izcilu dizainu un nep\u0101rsp\u0113jamu komfortu.<\/p>\n","protected":false},"featured_media":73470,"comment_status":"open","ping_status":"closed","template":"","meta":[],"product_brand":[],"product_cat":[2879],"product_tag":[],"class_list":{"0":"post-73518","1":"product","2":"type-product","3":"status-publish","4":"has-post-thumbnail","6":"product_cat-sedeklu-parvalki","7":"product_shipping_class-xl-lv","9":"entry","10":"has-media","12":"first","13":"instock","14":"taxable","15":"shipping-taxable","16":"purchasable","17":"product-type-variable","18":"has-default-attributes","19":"has-product-nav","20":"col","21":"span_1_of_4","22":"owp-content-center","23":"owp-thumbs-layout-horizontal","24":"owp-btn-normal","25":"owp-tabs-layout-horizontal"},"yoast_head":"<!-- This site is optimized with the Yoast SEO plugin v27.1.1 - https:\/\/yoast.com\/product\/yoast-seo-wordpress\/ -->\n<title>CARPE HARMONY FLEX - Kombin\u0113ti auto s\u0113dek\u013cu p\u0101rvalki eko \u0101da + audums - carpe.lt<\/title>\n<meta name=\"robots\" content=\"index, follow, max-snippet:-1, max-image-preview:large, max-video-preview:-1\" \/>\n<link rel=\"canonical\" href=\"https:\/\/carpe.lt\/lv\/produkts\/carpe-harmony-flex-kombineti-auto-sedeklu-parvalki-eko-ada-audums\/\" \/>\n<meta property=\"og:locale\" content=\"lv_LV\" \/>\n<meta property=\"og:type\" content=\"article\" \/>\n<meta property=\"og:title\" content=\"CARPE HARMONY FLEX - Kombin\u0113ti auto s\u0113dek\u013cu p\u0101rvalki eko \u0101da + audums - carpe.lt\" \/>\n<meta property=\"og:description\" content=\"Greznuma un komforta apvienojums, kas piel\u0101gots j\u016bsu ce\u013cojumiem. Harmony Flex ir veidots no eko\u0101das un auduma, kas nodro\u0161ina unik\u0101lu saj\u016btu un modernu stilu, un ir paredz\u0113ts tiem, kas mekl\u0113 izcilu dizainu un nep\u0101rsp\u0113jamu komfortu.\" \/>\n<meta property=\"og:url\" content=\"https:\/\/carpe.lt\/lv\/produkts\/carpe-harmony-flex-kombineti-auto-sedeklu-parvalki-eko-ada-audums\/\" \/>\n<meta property=\"og:site_name\" content=\"carpe.lt\" \/>\n<meta property=\"article:modified_time\" content=\"2025-11-10T13:01:22+00:00\" \/>\n<meta property=\"og:image\" content=\"https:\/\/carpe.lt\/wp-content\/uploads\/2024\/11\/web-100_result.webp\" \/>\n\t<meta property=\"og:image:width\" content=\"1000\" \/>\n\t<meta property=\"og:image:height\" content=\"1000\" \/>\n\t<meta property=\"og:image:type\" content=\"image\/webp\" \/>\n<meta name=\"twitter:card\" content=\"summary_large_image\" \/>\n<meta name=\"twitter:label1\" content=\"Est. reading time\" \/>\n\t<meta name=\"twitter:data1\" content=\"2 minutes\" \/>\n<script type=\"application\/ld+json\" class=\"yoast-schema-graph\">{\"@context\":\"https:\/\/schema.org\",\"@graph\":[{\"@type\":\"WebPage\",\"@id\":\"https:\/\/carpe.lt\/lv\/produkts\/carpe-harmony-flex-kombineti-auto-sedeklu-parvalki-eko-ada-audums\/\",\"url\":\"https:\/\/carpe.lt\/lv\/produkts\/carpe-harmony-flex-kombineti-auto-sedeklu-parvalki-eko-ada-audums\/\",\"name\":\"CARPE HARMONY FLEX - Kombin\u0113ti auto s\u0113dek\u013cu p\u0101rvalki eko \u0101da + audums - carpe.lt\",\"isPartOf\":{\"@id\":\"https:\/\/carpe.lt\/lv\/#website\"},\"primaryImageOfPage\":{\"@id\":\"https:\/\/carpe.lt\/lv\/produkts\/carpe-harmony-flex-kombineti-auto-sedeklu-parvalki-eko-ada-audums\/#primaryimage\"},\"image\":{\"@id\":\"https:\/\/carpe.lt\/lv\/produkts\/carpe-harmony-flex-kombineti-auto-sedeklu-parvalki-eko-ada-audums\/#primaryimage\"},\"thumbnailUrl\":\"https:\/\/carpe.lt\/wp-content\/uploads\/2024\/11\/web-100_result.webp\",\"datePublished\":\"2024-11-06T08:56:49+00:00\",\"dateModified\":\"2025-11-10T13:01:22+00:00\",\"breadcrumb\":{\"@id\":\"https:\/\/carpe.lt\/lv\/produkts\/carpe-harmony-flex-kombineti-auto-sedeklu-parvalki-eko-ada-audums\/#breadcrumb\"},\"inLanguage\":\"lv-LV\",\"potentialAction\":[{\"@type\":\"ReadAction\",\"target\":[\"https:\/\/carpe.lt\/lv\/produkts\/carpe-harmony-flex-kombineti-auto-sedeklu-parvalki-eko-ada-audums\/\"]}]},{\"@type\":\"ImageObject\",\"inLanguage\":\"lv-LV\",\"@id\":\"https:\/\/carpe.lt\/lv\/produkts\/carpe-harmony-flex-kombineti-auto-sedeklu-parvalki-eko-ada-audums\/#primaryimage\",\"url\":\"https:\/\/carpe.lt\/wp-content\/uploads\/2024\/11\/web-100_result.webp\",\"contentUrl\":\"https:\/\/carpe.lt\/wp-content\/uploads\/2024\/11\/web-100_result.webp\",\"width\":1000,\"height\":1000},{\"@type\":\"BreadcrumbList\",\"@id\":\"https:\/\/carpe.lt\/lv\/produkts\/carpe-harmony-flex-kombineti-auto-sedeklu-parvalki-eko-ada-audums\/#breadcrumb\",\"itemListElement\":[{\"@type\":\"ListItem\",\"position\":1,\"name\":\"Home\",\"item\":\"https:\/\/carpe.lt\/lv\/sakums\/\"},{\"@type\":\"ListItem\",\"position\":2,\"name\":\"Parduotuv\u0117\",\"item\":\"https:\/\/carpe.lt\/parduotuve\/\"},{\"@type\":\"ListItem\",\"position\":3,\"name\":\"CARPE HARMONY FLEX &#8211; Kombin\u0113ti auto s\u0113dek\u013cu p\u0101rvalki eko \u0101da + audums\"}]},{\"@type\":\"WebSite\",\"@id\":\"https:\/\/carpe.lt\/lv\/#website\",\"url\":\"https:\/\/carpe.lt\/lv\/\",\"name\":\"carpe.lt\",\"description\":\"Materi\u0101ls auto pakl\u0101ji\u0146i\",\"potentialAction\":[{\"@type\":\"SearchAction\",\"target\":{\"@type\":\"EntryPoint\",\"urlTemplate\":\"https:\/\/carpe.lt\/lv\/?s={search_term_string}\"},\"query-input\":{\"@type\":\"PropertyValueSpecification\",\"valueRequired\":true,\"valueName\":\"search_term_string\"}}],\"inLanguage\":\"lv-LV\"}]}<\/script>\n<!-- \/ Yoast SEO plugin. -->","yoast_head_json":{"title":"CARPE HARMONY FLEX - Kombin\u0113ti auto s\u0113dek\u013cu p\u0101rvalki eko \u0101da + audums - carpe.lt","robots":{"index":"index","follow":"follow","max-snippet":"max-snippet:-1","max-image-preview":"max-image-preview:large","max-video-preview":"max-video-preview:-1"},"canonical":"https:\/\/carpe.lt\/lv\/produkts\/carpe-harmony-flex-kombineti-auto-sedeklu-parvalki-eko-ada-audums\/","og_locale":"lv_LV","og_type":"article","og_title":"CARPE HARMONY FLEX - Kombin\u0113ti auto s\u0113dek\u013cu p\u0101rvalki eko \u0101da + audums - carpe.lt","og_description":"Greznuma un komforta apvienojums, kas piel\u0101gots j\u016bsu ce\u013cojumiem. Harmony Flex ir veidots no eko\u0101das un auduma, kas nodro\u0161ina unik\u0101lu saj\u016btu un modernu stilu, un ir paredz\u0113ts tiem, kas mekl\u0113 izcilu dizainu un nep\u0101rsp\u0113jamu komfortu.","og_url":"https:\/\/carpe.lt\/lv\/produkts\/carpe-harmony-flex-kombineti-auto-sedeklu-parvalki-eko-ada-audums\/","og_site_name":"carpe.lt","article_modified_time":"2025-11-10T13:01:22+00:00","og_image":[{"width":1000,"height":1000,"url":"https:\/\/carpe.lt\/wp-content\/uploads\/2024\/11\/web-100_result.webp","type":"image\/webp"}],"twitter_card":"summary_large_image","twitter_misc":{"Est. reading time":"2 minutes"},"schema":{"@context":"https:\/\/schema.org","@graph":[{"@type":"WebPage","@id":"https:\/\/carpe.lt\/lv\/produkts\/carpe-harmony-flex-kombineti-auto-sedeklu-parvalki-eko-ada-audums\/","url":"https:\/\/carpe.lt\/lv\/produkts\/carpe-harmony-flex-kombineti-auto-sedeklu-parvalki-eko-ada-audums\/","name":"CARPE HARMONY FLEX - Kombin\u0113ti auto s\u0113dek\u013cu p\u0101rvalki eko \u0101da + audums - carpe.lt","isPartOf":{"@id":"https:\/\/carpe.lt\/lv\/#website"},"primaryImageOfPage":{"@id":"https:\/\/carpe.lt\/lv\/produkts\/carpe-harmony-flex-kombineti-auto-sedeklu-parvalki-eko-ada-audums\/#primaryimage"},"image":{"@id":"https:\/\/carpe.lt\/lv\/produkts\/carpe-harmony-flex-kombineti-auto-sedeklu-parvalki-eko-ada-audums\/#primaryimage"},"thumbnailUrl":"https:\/\/carpe.lt\/wp-content\/uploads\/2024\/11\/web-100_result.webp","datePublished":"2024-11-06T08:56:49+00:00","dateModified":"2025-11-10T13:01:22+00:00","breadcrumb":{"@id":"https:\/\/carpe.lt\/lv\/produkts\/carpe-harmony-flex-kombineti-auto-sedeklu-parvalki-eko-ada-audums\/#breadcrumb"},"inLanguage":"lv-LV","potentialAction":[{"@type":"ReadAction","target":["https:\/\/carpe.lt\/lv\/produkts\/carpe-harmony-flex-kombineti-auto-sedeklu-parvalki-eko-ada-audums\/"]}]},{"@type":"ImageObject","inLanguage":"lv-LV","@id":"https:\/\/carpe.lt\/lv\/produkts\/carpe-harmony-flex-kombineti-auto-sedeklu-parvalki-eko-ada-audums\/#primaryimage","url":"https:\/\/carpe.lt\/wp-content\/uploads\/2024\/11\/web-100_result.webp","contentUrl":"https:\/\/carpe.lt\/wp-content\/uploads\/2024\/11\/web-100_result.webp","width":1000,"height":1000},{"@type":"BreadcrumbList","@id":"https:\/\/carpe.lt\/lv\/produkts\/carpe-harmony-flex-kombineti-auto-sedeklu-parvalki-eko-ada-audums\/#breadcrumb","itemListElement":[{"@type":"ListItem","position":1,"name":"Home","item":"https:\/\/carpe.lt\/lv\/sakums\/"},{"@type":"ListItem","position":2,"name":"Parduotuv\u0117","item":"https:\/\/carpe.lt\/parduotuve\/"},{"@type":"ListItem","position":3,"name":"CARPE HARMONY FLEX &#8211; Kombin\u0113ti auto s\u0113dek\u013cu p\u0101rvalki eko \u0101da + audums"}]},{"@type":"WebSite","@id":"https:\/\/carpe.lt\/lv\/#website","url":"https:\/\/carpe.lt\/lv\/","name":"carpe.lt","description":"Materi\u0101ls auto pakl\u0101ji\u0146i","potentialAction":[{"@type":"SearchAction","target":{"@type":"EntryPoint","urlTemplate":"https:\/\/carpe.lt\/lv\/?s={search_term_string}"},"query-input":{"@type":"PropertyValueSpecification","valueRequired":true,"valueName":"search_term_string"}}],"inLanguage":"lv-LV"}]}},"_links":{"self":[{"href":"https:\/\/carpe.lt\/lv\/wp-json\/wp\/v2\/product\/73518","targetHints":{"allow":["GET"]}}],"collection":[{"href":"https:\/\/carpe.lt\/lv\/wp-json\/wp\/v2\/product"}],"about":[{"href":"https:\/\/carpe.lt\/lv\/wp-json\/wp\/v2\/types\/product"}],"replies":[{"embeddable":true,"href":"https:\/\/carpe.lt\/lv\/wp-json\/wp\/v2\/comments?post=73518"}],"wp:featuredmedia":[{"embeddable":true,"href":"https:\/\/carpe.lt\/lv\/wp-json\/wp\/v2\/media\/73470"}],"wp:attachment":[{"href":"https:\/\/carpe.lt\/lv\/wp-json\/wp\/v2\/media?parent=73518"}],"wp:term":[{"taxonomy":"product_brand","embeddable":true,"href":"https:\/\/carpe.lt\/lv\/wp-json\/wp\/v2\/product_brand?post=73518"},{"taxonomy":"product_cat","embeddable":true,"href":"https:\/\/carpe.lt\/lv\/wp-json\/wp\/v2\/product_cat?post=73518"},{"taxonomy":"product_tag","embeddable":true,"href":"https:\/\/carpe.lt\/lv\/wp-json\/wp\/v2\/product_tag?post=73518"}],"curies":[{"name":"wp","href":"https:\/\/api.w.org\/{rel}","templated":true}]}}