{"id":48673,"date":"2022-12-27T19:45:57","date_gmt":"2022-12-27T19:45:57","guid":{"rendered":"https:\/\/carpe.lt\/produktas\/materials-auto-paklajini-citroen-c5-20082012\/"},"modified":"2022-12-27T19:45:57","modified_gmt":"2022-12-27T19:45:57","slug":"materials-auto-paklajini-citroen-c5-20082012","status":"publish","type":"product","link":"https:\/\/carpe.lt\/lv\/produkts\/materials-auto-paklajini-citroen-c5-20082012\/","title":{"rendered":"Materi\u0101ls auto pakl\u0101ji\u0146i CITROEN C5 2008&gt;,2012&gt;"},"content":{"rendered":"","protected":false},"excerpt":{"rendered":"<p><strong>Visi materi\u0101lu planieri ir izgatavoti p\u0113c ori\u0123in\u0101laj\u0101m automobi\u013cu ra\u017eot\u0101ja veidn\u0113m.<\/strong><\/p>\n<p><strong>Jauni pakl\u0101ji pie\u0161\u0137irs j\u016bsu izst\u0101\u017eu z\u0101lei lielisku izskatu.<\/strong><\/p>\n<p><strong>Pla\u0161ais p\u0101rkl\u0101jumu un apdares materi\u0101lu kl\u0101sts \u013caus jums atrais\u012bt izt\u0113li un atsvaidzin\u0101t automa\u0161\u012bnas salonu p\u0113c savas gaumes.<\/strong><\/p>\n<p><strong>Pakl\u0101ji ir apr\u012bkoti ar blo\u0137\u0113\u0161anas ier\u012bc\u0113m. Stiprin\u0101jumi ir iek\u013cauti cen\u0101.<\/strong><\/p>\n","protected":false},"featured_media":35303,"comment_status":"open","ping_status":"closed","template":"","meta":[],"product_brand":[],"product_cat":[1266],"product_tag":[1009],"class_list":{"0":"post-48673","1":"product","2":"type-product","3":"status-publish","4":"has-post-thumbnail","6":"product_cat-c5-lv","7":"product_tag-tekstila","9":"entry","10":"has-media","12":"first","13":"instock","14":"taxable","15":"shipping-taxable","16":"purchasable","17":"product-type-variable","18":"has-product-nav","19":"col","20":"span_1_of_4","21":"owp-content-center","22":"owp-thumbs-layout-horizontal","23":"owp-btn-normal","24":"owp-tabs-layout-horizontal","25":"has-no-thumbnails"},"yoast_head":"<!-- This site is optimized with the Yoast SEO plugin v27.1.1 - https:\/\/yoast.com\/product\/yoast-seo-wordpress\/ -->\n<title>Materi\u0101ls auto pakl\u0101ji\u0146i CITROEN C5 2008&gt;,2012&gt; - carpe.lt<\/title>\n<meta name=\"description\" content=\"Materi\u0101ls auto pakl\u0101ji\u0146i CITROEN C5 2008&gt;,2012&gt; | Visi materi\u0101li, no kuriem izgatavoti automobi\u013cu planieri, atbilst ori\u0123in\u0101laj\u0101m automobi\u013cu ra\u017eot\u0101ju veidn\u0113m.\" \/>\n<meta name=\"robots\" content=\"index, follow, max-snippet:-1, max-image-preview:large, max-video-preview:-1\" \/>\n<link rel=\"canonical\" href=\"https:\/\/carpe.lt\/lv\/produkts\/materials-auto-paklajini-citroen-c5-20082012\/\" \/>\n<meta property=\"og:locale\" content=\"lv_LV\" \/>\n<meta property=\"og:type\" content=\"article\" \/>\n<meta property=\"og:title\" content=\"Materi\u0101ls auto pakl\u0101ji\u0146i CITROEN C5 2008&gt;,2012&gt; - carpe.lt\" \/>\n<meta property=\"og:description\" content=\"Materi\u0101ls auto pakl\u0101ji\u0146i CITROEN C5 2008&gt;,2012&gt; | Visi materi\u0101li, no kuriem izgatavoti automobi\u013cu planieri, atbilst ori\u0123in\u0101laj\u0101m automobi\u013cu ra\u017eot\u0101ju veidn\u0113m.\" \/>\n<meta property=\"og:url\" content=\"https:\/\/carpe.lt\/lv\/produkts\/materials-auto-paklajini-citroen-c5-20082012\/\" \/>\n<meta property=\"og:site_name\" content=\"carpe.lt\" \/>\n<meta property=\"og:image\" content=\"https:\/\/carpe.lt\/wp-content\/uploads\/2023\/03\/Citroen-C5-2008-800-03.jpg\" \/>\n\t<meta property=\"og:image:width\" content=\"800\" \/>\n\t<meta property=\"og:image:height\" content=\"600\" \/>\n\t<meta property=\"og:image:type\" content=\"image\/jpeg\" \/>\n<meta name=\"twitter:card\" content=\"summary_large_image\" \/>\n<script type=\"application\/ld+json\" class=\"yoast-schema-graph\">{\"@context\":\"https:\/\/schema.org\",\"@graph\":[{\"@type\":\"WebPage\",\"@id\":\"https:\/\/carpe.lt\/lv\/produkts\/materials-auto-paklajini-citroen-c5-20082012\/\",\"url\":\"https:\/\/carpe.lt\/lv\/produkts\/materials-auto-paklajini-citroen-c5-20082012\/\",\"name\":\"Materi\u0101ls auto pakl\u0101ji\u0146i CITROEN C5 2008&gt;,2012&gt; - carpe.lt\",\"isPartOf\":{\"@id\":\"https:\/\/carpe.lt\/lv\/#website\"},\"primaryImageOfPage\":{\"@id\":\"https:\/\/carpe.lt\/lv\/produkts\/materials-auto-paklajini-citroen-c5-20082012\/#primaryimage\"},\"image\":{\"@id\":\"https:\/\/carpe.lt\/lv\/produkts\/materials-auto-paklajini-citroen-c5-20082012\/#primaryimage\"},\"thumbnailUrl\":\"https:\/\/carpe.lt\/wp-content\/uploads\/2023\/03\/Citroen-C5-2008-800-03.jpg\",\"datePublished\":\"2022-12-27T19:45:57+00:00\",\"description\":\"Materi\u0101ls auto pakl\u0101ji\u0146i CITROEN C5 2008&gt;,2012&gt; | Visi materi\u0101li, no kuriem izgatavoti automobi\u013cu planieri, atbilst ori\u0123in\u0101laj\u0101m automobi\u013cu ra\u017eot\u0101ju veidn\u0113m.\",\"breadcrumb\":{\"@id\":\"https:\/\/carpe.lt\/lv\/produkts\/materials-auto-paklajini-citroen-c5-20082012\/#breadcrumb\"},\"inLanguage\":\"lv-LV\",\"potentialAction\":[{\"@type\":\"ReadAction\",\"target\":[\"https:\/\/carpe.lt\/lv\/produkts\/materials-auto-paklajini-citroen-c5-20082012\/\"]}]},{\"@type\":\"ImageObject\",\"inLanguage\":\"lv-LV\",\"@id\":\"https:\/\/carpe.lt\/lv\/produkts\/materials-auto-paklajini-citroen-c5-20082012\/#primaryimage\",\"url\":\"https:\/\/carpe.lt\/wp-content\/uploads\/2023\/03\/Citroen-C5-2008-800-03.jpg\",\"contentUrl\":\"https:\/\/carpe.lt\/wp-content\/uploads\/2023\/03\/Citroen-C5-2008-800-03.jpg\",\"width\":800,\"height\":600},{\"@type\":\"BreadcrumbList\",\"@id\":\"https:\/\/carpe.lt\/lv\/produkts\/materials-auto-paklajini-citroen-c5-20082012\/#breadcrumb\",\"itemListElement\":[{\"@type\":\"ListItem\",\"position\":1,\"name\":\"Home\",\"item\":\"https:\/\/carpe.lt\/lv\/sakums\/\"},{\"@type\":\"ListItem\",\"position\":2,\"name\":\"Parduotuv\u0117\",\"item\":\"https:\/\/carpe.lt\/parduotuve\/\"},{\"@type\":\"ListItem\",\"position\":3,\"name\":\"Materi\u0101ls auto pakl\u0101ji\u0146i CITROEN C5 2008&gt;,2012&gt;\"}]},{\"@type\":\"WebSite\",\"@id\":\"https:\/\/carpe.lt\/lv\/#website\",\"url\":\"https:\/\/carpe.lt\/lv\/\",\"name\":\"carpe.lt\",\"description\":\"Materi\u0101ls auto pakl\u0101ji\u0146i\",\"potentialAction\":[{\"@type\":\"SearchAction\",\"target\":{\"@type\":\"EntryPoint\",\"urlTemplate\":\"https:\/\/carpe.lt\/lv\/?s={search_term_string}\"},\"query-input\":{\"@type\":\"PropertyValueSpecification\",\"valueRequired\":true,\"valueName\":\"search_term_string\"}}],\"inLanguage\":\"lv-LV\"}]}<\/script>\n<!-- \/ Yoast SEO plugin. -->","yoast_head_json":{"title":"Materi\u0101ls auto pakl\u0101ji\u0146i CITROEN C5 2008&gt;,2012&gt; - carpe.lt","description":"Materi\u0101ls auto pakl\u0101ji\u0146i CITROEN C5 2008&gt;,2012&gt; | Visi materi\u0101li, no kuriem izgatavoti automobi\u013cu planieri, atbilst ori\u0123in\u0101laj\u0101m automobi\u013cu ra\u017eot\u0101ju veidn\u0113m.","robots":{"index":"index","follow":"follow","max-snippet":"max-snippet:-1","max-image-preview":"max-image-preview:large","max-video-preview":"max-video-preview:-1"},"canonical":"https:\/\/carpe.lt\/lv\/produkts\/materials-auto-paklajini-citroen-c5-20082012\/","og_locale":"lv_LV","og_type":"article","og_title":"Materi\u0101ls auto pakl\u0101ji\u0146i CITROEN C5 2008&gt;,2012&gt; - carpe.lt","og_description":"Materi\u0101ls auto pakl\u0101ji\u0146i CITROEN C5 2008&gt;,2012&gt; | Visi materi\u0101li, no kuriem izgatavoti automobi\u013cu planieri, atbilst ori\u0123in\u0101laj\u0101m automobi\u013cu ra\u017eot\u0101ju veidn\u0113m.","og_url":"https:\/\/carpe.lt\/lv\/produkts\/materials-auto-paklajini-citroen-c5-20082012\/","og_site_name":"carpe.lt","og_image":[{"width":800,"height":600,"url":"https:\/\/carpe.lt\/wp-content\/uploads\/2023\/03\/Citroen-C5-2008-800-03.jpg","type":"image\/jpeg"}],"twitter_card":"summary_large_image","schema":{"@context":"https:\/\/schema.org","@graph":[{"@type":"WebPage","@id":"https:\/\/carpe.lt\/lv\/produkts\/materials-auto-paklajini-citroen-c5-20082012\/","url":"https:\/\/carpe.lt\/lv\/produkts\/materials-auto-paklajini-citroen-c5-20082012\/","name":"Materi\u0101ls auto pakl\u0101ji\u0146i CITROEN C5 2008&gt;,2012&gt; - carpe.lt","isPartOf":{"@id":"https:\/\/carpe.lt\/lv\/#website"},"primaryImageOfPage":{"@id":"https:\/\/carpe.lt\/lv\/produkts\/materials-auto-paklajini-citroen-c5-20082012\/#primaryimage"},"image":{"@id":"https:\/\/carpe.lt\/lv\/produkts\/materials-auto-paklajini-citroen-c5-20082012\/#primaryimage"},"thumbnailUrl":"https:\/\/carpe.lt\/wp-content\/uploads\/2023\/03\/Citroen-C5-2008-800-03.jpg","datePublished":"2022-12-27T19:45:57+00:00","description":"Materi\u0101ls auto pakl\u0101ji\u0146i CITROEN C5 2008&gt;,2012&gt; | Visi materi\u0101li, no kuriem izgatavoti automobi\u013cu planieri, atbilst ori\u0123in\u0101laj\u0101m automobi\u013cu ra\u017eot\u0101ju veidn\u0113m.","breadcrumb":{"@id":"https:\/\/carpe.lt\/lv\/produkts\/materials-auto-paklajini-citroen-c5-20082012\/#breadcrumb"},"inLanguage":"lv-LV","potentialAction":[{"@type":"ReadAction","target":["https:\/\/carpe.lt\/lv\/produkts\/materials-auto-paklajini-citroen-c5-20082012\/"]}]},{"@type":"ImageObject","inLanguage":"lv-LV","@id":"https:\/\/carpe.lt\/lv\/produkts\/materials-auto-paklajini-citroen-c5-20082012\/#primaryimage","url":"https:\/\/carpe.lt\/wp-content\/uploads\/2023\/03\/Citroen-C5-2008-800-03.jpg","contentUrl":"https:\/\/carpe.lt\/wp-content\/uploads\/2023\/03\/Citroen-C5-2008-800-03.jpg","width":800,"height":600},{"@type":"BreadcrumbList","@id":"https:\/\/carpe.lt\/lv\/produkts\/materials-auto-paklajini-citroen-c5-20082012\/#breadcrumb","itemListElement":[{"@type":"ListItem","position":1,"name":"Home","item":"https:\/\/carpe.lt\/lv\/sakums\/"},{"@type":"ListItem","position":2,"name":"Parduotuv\u0117","item":"https:\/\/carpe.lt\/parduotuve\/"},{"@type":"ListItem","position":3,"name":"Materi\u0101ls auto pakl\u0101ji\u0146i CITROEN C5 2008&gt;,2012&gt;"}]},{"@type":"WebSite","@id":"https:\/\/carpe.lt\/lv\/#website","url":"https:\/\/carpe.lt\/lv\/","name":"carpe.lt","description":"Materi\u0101ls auto pakl\u0101ji\u0146i","potentialAction":[{"@type":"SearchAction","target":{"@type":"EntryPoint","urlTemplate":"https:\/\/carpe.lt\/lv\/?s={search_term_string}"},"query-input":{"@type":"PropertyValueSpecification","valueRequired":true,"valueName":"search_term_string"}}],"inLanguage":"lv-LV"}]}},"_links":{"self":[{"href":"https:\/\/carpe.lt\/lv\/wp-json\/wp\/v2\/product\/48673","targetHints":{"allow":["GET"]}}],"collection":[{"href":"https:\/\/carpe.lt\/lv\/wp-json\/wp\/v2\/product"}],"about":[{"href":"https:\/\/carpe.lt\/lv\/wp-json\/wp\/v2\/types\/product"}],"replies":[{"embeddable":true,"href":"https:\/\/carpe.lt\/lv\/wp-json\/wp\/v2\/comments?post=48673"}],"wp:featuredmedia":[{"embeddable":true,"href":"https:\/\/carpe.lt\/lv\/wp-json\/wp\/v2\/media\/35303"}],"wp:attachment":[{"href":"https:\/\/carpe.lt\/lv\/wp-json\/wp\/v2\/media?parent=48673"}],"wp:term":[{"taxonomy":"product_brand","embeddable":true,"href":"https:\/\/carpe.lt\/lv\/wp-json\/wp\/v2\/product_brand?post=48673"},{"taxonomy":"product_cat","embeddable":true,"href":"https:\/\/carpe.lt\/lv\/wp-json\/wp\/v2\/product_cat?post=48673"},{"taxonomy":"product_tag","embeddable":true,"href":"https:\/\/carpe.lt\/lv\/wp-json\/wp\/v2\/product_tag?post=48673"}],"curies":[{"name":"wp","href":"https:\/\/api.w.org\/{rel}","templated":true}]}}