{"id":53372,"date":"2022-09-13T16:44:11","date_gmt":"2022-09-13T16:44:11","guid":{"rendered":"https:\/\/carpe.lt\/konfidencialitates-politika\/"},"modified":"2024-09-13T09:11:43","modified_gmt":"2024-09-13T09:11:43","slug":"konfidencialitates-politika","status":"publish","type":"page","link":"https:\/\/carpe.lt\/lv\/konfidencialitates-politika\/","title":{"rendered":"Konfidencialit\u0101tes politika"},"content":{"rendered":"\t\t<div data-elementor-type=\"wp-page\" data-elementor-id=\"53372\" class=\"elementor elementor-53372 elementor-3\" data-elementor-post-type=\"page\">\n\t\t\t\t\t\t<section class=\"elementor-section elementor-top-section elementor-element elementor-element-7cdfacbd elementor-section-boxed elementor-section-height-default elementor-section-height-default\" data-id=\"7cdfacbd\" data-element_type=\"section\" data-e-type=\"section\">\n\t\t\t\t\t\t<div class=\"elementor-container elementor-column-gap-default\">\n\t\t\t\t\t<div class=\"elementor-column elementor-col-100 elementor-top-column elementor-element elementor-element-207f7179\" data-id=\"207f7179\" data-element_type=\"column\" data-e-type=\"column\">\n\t\t\t<div class=\"elementor-widget-wrap elementor-element-populated\">\n\t\t\t\t\t\t<div class=\"elementor-element elementor-element-975ca41 elementor-widget elementor-widget-text-editor\" data-id=\"975ca41\" data-element_type=\"widget\" data-e-type=\"widget\" data-widget_type=\"text-editor.default\">\n\t\t\t\t<div class=\"elementor-widget-container\">\n\t\t\t\t\t\t\t\t\t<p>\u0160aj\u0101 carpe.lt konfidencialit\u0101tes politik\u0101 ir aprakst\u012bts, k\u0101du inform\u0101ciju m\u0113s apkopojam un k\u0101 to izmantojam.<\/p>\n<p><b>1. K\u0101du inform\u0101ciju m\u0113s apkopojam?<\/b><br \/>M\u0113s varam v\u0101kt, glab\u0101t un izmantot \u0161\u0101da veida inform\u0101ciju:<br \/>&#8211; inform\u0101ciju par j\u016bsu datoru un \u0161\u012bs vietnes apmekl\u0113jumiem un lieto\u0161anu (tostarp j\u016bsu IP adresi, \u0123eogr\u0101fisko atra\u0161an\u0101s vietu, p\u0101rl\u016bkprogrammas veidu, no kurienes esat novirz\u012bts, apmekl\u0113juma ilgumu un apskat\u012bto lapu skaitu);<br \/>&#8211; inform\u0101ciju, ko sniedzat mums, lai abon\u0113tu m\u016bsu t\u012bmek\u013ca vietnes pakalpojumus, e-pasta pazi\u0146ojumus un\/vai jaunumus;<br \/>&#8211; jebk\u0101du citu inform\u0101ciju, ko v\u0113laties mums nos\u016bt\u012bt.<\/p>\n<p><b>2. S\u012bkfaili<\/b><br \/>S\u012bkfails ir inform\u0101cija, ko t\u012bkla pakalpojumu stacija nos\u016bta t\u012bmek\u013ca p\u0101rl\u016bkprogrammai un p\u0101rl\u016bkprogramma to saglab\u0101. P\u0113c tam \u0161\u012b inform\u0101cija tiek nos\u016bt\u012bta atpaka\u013c uz pakalpojumu staciju, kad p\u0101rl\u016bkprogramma pieprasa lapu no \u0161\u012bs pakalpojumu stacijas. Tas \u013cauj t\u012bkla pakalpojumu stacijai identific\u0113t un izsekot t\u012bmek\u013ca p\u0101rl\u016bkprogrammu. M\u0113s izmantojam Google Analytics, lai analiz\u0113tu \u0161\u012bs vietnes izmanto\u0161anu. Google Analytics \u0123ener\u0113 statistikas un citu inform\u0101ciju par vietnes izmanto\u0161anu, izmantojot s\u012bkfailus, kas tiek ievietoti lietot\u0101ju datoros. Inform\u0101cija, kas ieg\u016bta saist\u012bb\u0101 ar m\u016bsu vietni, tiek izmantota, lai sagatavotu p\u0101rskatus par \u0161\u012bs vietnes izmanto\u0161anu. \u0160o inform\u0101ciju glab\u0101s Google. Google konfidencialit\u0101tes politika ir pieejama \u0161eit: <a href=\"https:\/\/www.google.com\/privacypolicy.html\">http:\/\/www.google.com\/privacypolicy.html . <\/a> M\u016bsu rekl\u0101mdev\u0113ji vai maks\u0101jumu pakalpojumu sniedz\u0113ji ar\u012b var jums s\u016bt\u012bt s\u012bkfailus. M\u016bsu vietn\u0113 tiek public\u0113tas uz interes\u0113m balst\u012btas Google Adsense rekl\u0101mas. Tos atlasa Google, lai atspogu\u013cotu j\u016bsu intereses. Google, izmantojot s\u012bkfailus, izseko j\u016bsu uzved\u012bbu tie\u0161saist\u0113, lai noteiktu j\u016bsu intereses. Ar p\u0101rl\u016bkprogrammu saist\u012bt\u0101s intere\u0161u kategorijas varat apskat\u012bt, dz\u0113st un pievienot, izmantojot Google rekl\u0101mu preferen\u010du p\u0101rvaldnieku, kas pieejams vietn\u0113 <a href=\"https:\/\/www.google.com\/ads\/preferences\/\">http:\/\/www.google.com\/ads\/preferences\/<\/a>. No Adsense partneru t\u012bkla s\u012bkfaila varat atteikties vietn\u0113 <a href=\"https:\/\/www.google.com\/privacy_ads.html\">http:\/\/www.google.com\/privacy_ads.html . <\/a> Tom\u0113r \u0161aj\u0101 atteik\u0161an\u0101s meh\u0101nism\u0101 tiek izmantots s\u012bkfails, un, ja dz\u0113s\u012bsiet s\u012bkfailus no sava datora, j\u016bsu atteik\u0161an\u0101s netiks saglab\u0101ta. Lai nodro\u0161in\u0101tu, ka atteik\u0161an\u0101s tiek saglab\u0101ta j\u016bsu p\u0101rl\u016bkprogramm\u0101, izmantojiet Google p\u0101rl\u016bkprogrammas spraudni, kas pieejams vietn\u0113 <a href=\"https:\/\/www.google.com\/ads\/preferences\/plugin\">http:\/\/www.google.com\/ads\/preferences\/plugin . <\/a> Liel\u0101k\u0101 da\u013ca p\u0101rl\u016bkprogrammu \u013cauj nepie\u0146emt s\u012bkfailus, lai gan da\u017eas p\u0101rl\u016bkprogrammas \u013cauj nepie\u0146emt tikai tre\u0161o pu\u0161u s\u012bkfailus. &gt; &gt; Piem\u0113ram, p\u0101rl\u016bk\u0101 Internet Explorer varat atteikties no vis\u0101m s\u012bkdatn\u0113m, noklik\u0161\u0137inot uz &#8220;R\u012bki&#8221;, &#8220;Interneta opcijas&#8221;, &#8220;Priv\u0101tums&#8221; un izv\u0113loties &#8220;Blo\u0137\u0113t visas s\u012bkdatnes&#8221; (p\u0101rsl\u0113dzot sl\u0113dzi). Tom\u0113r visu s\u012bkfailu blo\u0137\u0113\u0161ana negat\u012bvi ietekm\u0113s j\u016bsu iesp\u0113jas izmantot daudzas vietnes, tostarp \u0161o vietni.<\/p>\n<p><b>3. J\u016bsu personas datu izmanto\u0161ana<\/b><br \/>\u0160aj\u0101 t\u012bmek\u013ca vietn\u0113 sniegtie personas dati tiks izmantoti m\u0113r\u0137iem, kas izkl\u0101st\u012bti \u0161aj\u0101 priv\u0101tuma politik\u0101 vai attiec\u012bgaj\u0101s \u0161\u012bs t\u012bmek\u013ca vietnes da\u013c\u0101s. M\u0113s varam izmantot j\u016bsu personisko inform\u0101ciju \u0161\u0101diem m\u0113r\u0137iem:<br \/>&#8211; T\u012bmek\u013ca vietnes administr\u0113\u0161anai;<br \/>&#8211; Lai uzlabotu j\u016bsu p\u0101rl\u016bko\u0161anas pieredzi, personaliz\u0113jot \u0161o vietni;<br \/>&#8211; ar j\u016bsu piekri\u0161anu, lai nos\u016bt\u012btu jums e-pastu. pa e-pastu &#8211; m\u016bsu bi\u013cetenu, kas, m\u016bsupr\u0101t, var\u0113tu j\u016bs interes\u0113t (jebkur\u0101 laik\u0101 varat m\u016bs inform\u0113t, ja vairs nev\u0113laties sa\u0146emt m\u016bsu bi\u013cetenu);<br \/>&#8211; sniegt statistikas inform\u0101ciju par m\u016bsu lietot\u0101jiem tre\u0161aj\u0101m pus\u0113m, ta\u010du \u0161\u012b inform\u0101cija netiks izmantota, lai identific\u0113tu atsevi\u0161\u0137us lietot\u0101jus;<br \/>Bez j\u016bsu skaidras piekri\u0161anas m\u0113s nenodro\u0161in\u0101sim j\u016bsu personas datus tre\u0161\u0101m pus\u0113m tie\u0161\u0101 m\u0101rketinga nol\u016bkos.<\/p>\n<p><b>4. Politikas izmai\u0146as<\/b><br \/>M\u0113s laiku pa laikam varam atjaunin\u0101t \u0161o konfidencialit\u0101tes politiku, public\u0113jot jaunu versiju sav\u0101 t\u012bmek\u013ca vietn\u0113. Jums laiku pa laikam j\u0101p\u0101rbauda \u0161\u012b lapa, lai p\u0101rliecin\u0101tos, ka esat apmierin\u0101ts ar vis\u0101m izmai\u0146\u0101m.<\/p>\n<p><b>5. Tre\u0161o personu t\u012bmek\u013ca vietnes<\/b><br \/>\u0160aj\u0101 t\u012bmek\u013ca vietn\u0113 ir saites uz cit\u0101m t\u012bmek\u013ca vietn\u0113m. M\u0113s neesam atbild\u012bgi par tre\u0161o pu\u0161u viet\u0146u konfidencialit\u0101tes politiku vai praksi.<\/p>\n\t\t\t\t\t\t\t\t<\/div>\n\t\t\t\t<\/div>\n\t\t\t\t\t<\/div>\n\t\t<\/div>\n\t\t\t\t\t<\/div>\n\t\t<\/section>\n\t\t\t\t<\/div>\n\t\t","protected":false},"excerpt":{"rendered":"<p>\u0160aj\u0101 carpe.lt konfidencialit\u0101tes politik\u0101 ir aprakst\u012bts, k\u0101du inform\u0101ciju m\u0113s apkopojam un k\u0101 to izmantojam. 1. K\u0101du inform\u0101ciju m\u0113s apkopojam?M\u0113s varam v\u0101kt, glab\u0101t un izmantot \u0161\u0101da veida inform\u0101ciju:&#8211; inform\u0101ciju par j\u016bsu datoru un \u0161\u012bs vietnes apmekl\u0113jumiem un lieto\u0161anu (tostarp j\u016bsu IP adresi, \u0123eogr\u0101fisko atra\u0161an\u0101s vietu, p\u0101rl\u016bkprogrammas veidu, no kurienes esat novirz\u012bts, apmekl\u0113juma ilgumu un apskat\u012bto lapu [&hellip;]<\/p>\n","protected":false},"author":1,"featured_media":0,"parent":0,"menu_order":0,"comment_status":"closed","ping_status":"open","template":"","meta":{"footnotes":""},"class_list":["post-53372","page","type-page","status-publish","hentry","entry","owp-thumbs-layout-horizontal","owp-btn-normal","owp-tabs-layout-horizontal","has-no-thumbnails","has-product-nav"],"yoast_head":"<!-- This site is optimized with the Yoast SEO plugin v27.1.1 - https:\/\/yoast.com\/product\/yoast-seo-wordpress\/ -->\n<title>Konfidencialit\u0101tes politika - carpe.lt<\/title>\n<meta name=\"robots\" content=\"index, follow, max-snippet:-1, max-image-preview:large, max-video-preview:-1\" \/>\n<link rel=\"canonical\" href=\"https:\/\/carpe.lt\/lv\/konfidencialitates-politika\/\" \/>\n<meta property=\"og:locale\" content=\"lv_LV\" \/>\n<meta property=\"og:type\" content=\"article\" \/>\n<meta property=\"og:title\" content=\"Konfidencialit\u0101tes politika - carpe.lt\" \/>\n<meta property=\"og:description\" content=\"\u0160aj\u0101 carpe.lt konfidencialit\u0101tes politik\u0101 ir aprakst\u012bts, k\u0101du inform\u0101ciju m\u0113s apkopojam un k\u0101 to izmantojam. 1. K\u0101du inform\u0101ciju m\u0113s apkopojam?M\u0113s varam v\u0101kt, glab\u0101t un izmantot \u0161\u0101da veida inform\u0101ciju:&#8211; inform\u0101ciju par j\u016bsu datoru un \u0161\u012bs vietnes apmekl\u0113jumiem un lieto\u0161anu (tostarp j\u016bsu IP adresi, \u0123eogr\u0101fisko atra\u0161an\u0101s vietu, p\u0101rl\u016bkprogrammas veidu, no kurienes esat novirz\u012bts, apmekl\u0113juma ilgumu un apskat\u012bto lapu [&hellip;]\" \/>\n<meta property=\"og:url\" content=\"https:\/\/carpe.lt\/lv\/konfidencialitates-politika\/\" \/>\n<meta property=\"og:site_name\" content=\"carpe.lt\" \/>\n<meta property=\"article:modified_time\" content=\"2024-09-13T09:11:43+00:00\" \/>\n<meta name=\"twitter:card\" content=\"summary_large_image\" \/>\n<meta name=\"twitter:label1\" content=\"Est. reading time\" \/>\n\t<meta name=\"twitter:data1\" content=\"4 minutes\" \/>\n<script type=\"application\/ld+json\" class=\"yoast-schema-graph\">{\"@context\":\"https:\/\/schema.org\",\"@graph\":[{\"@type\":\"WebPage\",\"@id\":\"https:\/\/carpe.lt\/lv\/konfidencialitates-politika\/\",\"url\":\"https:\/\/carpe.lt\/lv\/konfidencialitates-politika\/\",\"name\":\"Konfidencialit\u0101tes politika - carpe.lt\",\"isPartOf\":{\"@id\":\"https:\/\/carpe.lt\/lv\/#website\"},\"datePublished\":\"2022-09-13T16:44:11+00:00\",\"dateModified\":\"2024-09-13T09:11:43+00:00\",\"breadcrumb\":{\"@id\":\"https:\/\/carpe.lt\/lv\/konfidencialitates-politika\/#breadcrumb\"},\"inLanguage\":\"lv-LV\",\"potentialAction\":[{\"@type\":\"ReadAction\",\"target\":[\"https:\/\/carpe.lt\/lv\/konfidencialitates-politika\/\"]}]},{\"@type\":\"BreadcrumbList\",\"@id\":\"https:\/\/carpe.lt\/lv\/konfidencialitates-politika\/#breadcrumb\",\"itemListElement\":[{\"@type\":\"ListItem\",\"position\":1,\"name\":\"Home\",\"item\":\"https:\/\/carpe.lt\/lv\/sakums\/\"},{\"@type\":\"ListItem\",\"position\":2,\"name\":\"Konfidencialit\u0101tes politika\"}]},{\"@type\":\"WebSite\",\"@id\":\"https:\/\/carpe.lt\/lv\/#website\",\"url\":\"https:\/\/carpe.lt\/lv\/\",\"name\":\"carpe.lt\",\"description\":\"Materi\u0101ls auto pakl\u0101ji\u0146i\",\"potentialAction\":[{\"@type\":\"SearchAction\",\"target\":{\"@type\":\"EntryPoint\",\"urlTemplate\":\"https:\/\/carpe.lt\/lv\/?s={search_term_string}\"},\"query-input\":{\"@type\":\"PropertyValueSpecification\",\"valueRequired\":true,\"valueName\":\"search_term_string\"}}],\"inLanguage\":\"lv-LV\"}]}<\/script>\n<!-- \/ Yoast SEO plugin. -->","yoast_head_json":{"title":"Konfidencialit\u0101tes politika - carpe.lt","robots":{"index":"index","follow":"follow","max-snippet":"max-snippet:-1","max-image-preview":"max-image-preview:large","max-video-preview":"max-video-preview:-1"},"canonical":"https:\/\/carpe.lt\/lv\/konfidencialitates-politika\/","og_locale":"lv_LV","og_type":"article","og_title":"Konfidencialit\u0101tes politika - carpe.lt","og_description":"\u0160aj\u0101 carpe.lt konfidencialit\u0101tes politik\u0101 ir aprakst\u012bts, k\u0101du inform\u0101ciju m\u0113s apkopojam un k\u0101 to izmantojam. 1. K\u0101du inform\u0101ciju m\u0113s apkopojam?M\u0113s varam v\u0101kt, glab\u0101t un izmantot \u0161\u0101da veida inform\u0101ciju:&#8211; inform\u0101ciju par j\u016bsu datoru un \u0161\u012bs vietnes apmekl\u0113jumiem un lieto\u0161anu (tostarp j\u016bsu IP adresi, \u0123eogr\u0101fisko atra\u0161an\u0101s vietu, p\u0101rl\u016bkprogrammas veidu, no kurienes esat novirz\u012bts, apmekl\u0113juma ilgumu un apskat\u012bto lapu [&hellip;]","og_url":"https:\/\/carpe.lt\/lv\/konfidencialitates-politika\/","og_site_name":"carpe.lt","article_modified_time":"2024-09-13T09:11:43+00:00","twitter_card":"summary_large_image","twitter_misc":{"Est. reading time":"4 minutes"},"schema":{"@context":"https:\/\/schema.org","@graph":[{"@type":"WebPage","@id":"https:\/\/carpe.lt\/lv\/konfidencialitates-politika\/","url":"https:\/\/carpe.lt\/lv\/konfidencialitates-politika\/","name":"Konfidencialit\u0101tes politika - carpe.lt","isPartOf":{"@id":"https:\/\/carpe.lt\/lv\/#website"},"datePublished":"2022-09-13T16:44:11+00:00","dateModified":"2024-09-13T09:11:43+00:00","breadcrumb":{"@id":"https:\/\/carpe.lt\/lv\/konfidencialitates-politika\/#breadcrumb"},"inLanguage":"lv-LV","potentialAction":[{"@type":"ReadAction","target":["https:\/\/carpe.lt\/lv\/konfidencialitates-politika\/"]}]},{"@type":"BreadcrumbList","@id":"https:\/\/carpe.lt\/lv\/konfidencialitates-politika\/#breadcrumb","itemListElement":[{"@type":"ListItem","position":1,"name":"Home","item":"https:\/\/carpe.lt\/lv\/sakums\/"},{"@type":"ListItem","position":2,"name":"Konfidencialit\u0101tes politika"}]},{"@type":"WebSite","@id":"https:\/\/carpe.lt\/lv\/#website","url":"https:\/\/carpe.lt\/lv\/","name":"carpe.lt","description":"Materi\u0101ls auto pakl\u0101ji\u0146i","potentialAction":[{"@type":"SearchAction","target":{"@type":"EntryPoint","urlTemplate":"https:\/\/carpe.lt\/lv\/?s={search_term_string}"},"query-input":{"@type":"PropertyValueSpecification","valueRequired":true,"valueName":"search_term_string"}}],"inLanguage":"lv-LV"}]}},"_links":{"self":[{"href":"https:\/\/carpe.lt\/lv\/wp-json\/wp\/v2\/pages\/53372","targetHints":{"allow":["GET"]}}],"collection":[{"href":"https:\/\/carpe.lt\/lv\/wp-json\/wp\/v2\/pages"}],"about":[{"href":"https:\/\/carpe.lt\/lv\/wp-json\/wp\/v2\/types\/page"}],"author":[{"embeddable":true,"href":"https:\/\/carpe.lt\/lv\/wp-json\/wp\/v2\/users\/1"}],"replies":[{"embeddable":true,"href":"https:\/\/carpe.lt\/lv\/wp-json\/wp\/v2\/comments?post=53372"}],"version-history":[{"count":1,"href":"https:\/\/carpe.lt\/lv\/wp-json\/wp\/v2\/pages\/53372\/revisions"}],"predecessor-version":[{"id":53373,"href":"https:\/\/carpe.lt\/lv\/wp-json\/wp\/v2\/pages\/53372\/revisions\/53373"}],"wp:attachment":[{"href":"https:\/\/carpe.lt\/lv\/wp-json\/wp\/v2\/media?parent=53372"}],"curies":[{"name":"wp","href":"https:\/\/api.w.org\/{rel}","templated":true}]}}