{"id":42524,"date":"2022-09-14T09:24:12","date_gmt":"2022-09-14T09:24:12","guid":{"rendered":"https:\/\/carpe.lt\/biznesa-klientiem\/"},"modified":"2024-09-11T09:47:44","modified_gmt":"2024-09-11T09:47:44","slug":"biznesa-klientiem","status":"publish","type":"page","link":"https:\/\/carpe.lt\/lv\/biznesa-klientiem\/","title":{"rendered":"Biznesa klientiem"},"content":{"rendered":"\t\t<div data-elementor-type=\"wp-page\" data-elementor-id=\"42524\" class=\"elementor elementor-42524 elementor-18\" data-elementor-post-type=\"page\">\n\t\t\t\t\t\t<section class=\"elementor-section elementor-top-section elementor-element elementor-element-8f425d6 elementor-section-height-min-height elementor-section-boxed elementor-section-height-default elementor-section-items-middle\" data-id=\"8f425d6\" data-element_type=\"section\" data-e-type=\"section\" data-settings=\"{&quot;background_background&quot;:&quot;classic&quot;}\">\n\t\t\t\t\t\t\t<div class=\"elementor-background-overlay\"><\/div>\n\t\t\t\t\t\t\t<div class=\"elementor-container elementor-column-gap-default\">\n\t\t\t\t\t<div class=\"elementor-column elementor-col-100 elementor-top-column elementor-element elementor-element-e6d14f0\" data-id=\"e6d14f0\" data-element_type=\"column\" data-e-type=\"column\">\n\t\t\t<div class=\"elementor-widget-wrap elementor-element-populated\">\n\t\t\t\t\t\t<div class=\"elementor-element elementor-element-73c2bdd elementor-widget elementor-widget-heading\" data-id=\"73c2bdd\" data-element_type=\"widget\" data-e-type=\"widget\" data-widget_type=\"heading.default\">\n\t\t\t\t<div class=\"elementor-widget-container\">\n\t\t\t\t\t<h2 class=\"elementor-heading-title elementor-size-default\">Biznesa klientiem<\/h2>\t\t\t\t<\/div>\n\t\t\t\t<\/div>\n\t\t\t\t\t<\/div>\n\t\t<\/div>\n\t\t\t\t\t<\/div>\n\t\t<\/section>\n\t\t\t\t<section class=\"elementor-section elementor-top-section elementor-element elementor-element-2bc8efb elementor-section-boxed elementor-section-height-default elementor-section-height-default\" data-id=\"2bc8efb\" data-element_type=\"section\" data-e-type=\"section\">\n\t\t\t\t\t\t<div class=\"elementor-container elementor-column-gap-default\">\n\t\t\t\t\t<div class=\"elementor-column elementor-col-50 elementor-top-column elementor-element elementor-element-9a87634\" data-id=\"9a87634\" data-element_type=\"column\" data-e-type=\"column\">\n\t\t\t<div class=\"elementor-widget-wrap elementor-element-populated\">\n\t\t\t\t\t\t<div class=\"elementor-element elementor-element-1686703 elementor-widget elementor-widget-heading\" data-id=\"1686703\" data-element_type=\"widget\" data-e-type=\"widget\" data-widget_type=\"heading.default\">\n\t\t\t\t<div class=\"elementor-widget-container\">\n\t\t\t\t\t<h2 class=\"elementor-heading-title elementor-size-default\">Vairumtirdzniec\u012bbas pas\u016bt\u012bjumi<\/h2>\t\t\t\t<\/div>\n\t\t\t\t<\/div>\n\t\t\t\t<div class=\"elementor-element elementor-element-f86ef01 elementor-widget elementor-widget-text-editor\" data-id=\"f86ef01\" data-element_type=\"widget\" data-e-type=\"widget\" data-widget_type=\"text-editor.default\">\n\t\t\t\t<div class=\"elementor-widget-container\">\n\t\t\t\t\t\t\t\t\t<p>Vai esat pakl\u0101ju ra\u017eot\u0101js vai varb\u016bt v\u0113laties to s\u0101kt? Vai varb\u016bt j\u016bs vienk\u0101r\u0161i v\u0113laties t\u0101l\u0101k p\u0101rdot savus pakl\u0101ji\u0146us un nopeln\u012bt naudu? M\u0113s varam jums pied\u0101v\u0101t kvalitat\u012bvus materi\u0101lus un labi izgatavotus pakl\u0101jus. Sazinieties ar mums vai aizpildiet veidlapu, un m\u0113s ar jums sazin\u0101simies tuv\u0101k\u0101s stundas laik\u0101! Ja jums ir k\u0101di jaut\u0101jumi, nekautr\u0113jieties zvan\u012bt!<\/p>\n\t\t\t\t\t\t\t\t<\/div>\n\t\t\t\t<\/div>\n\t\t\t\t<div class=\"elementor-element elementor-element-72343c2 elementor-widget elementor-widget-button\" data-id=\"72343c2\" data-element_type=\"widget\" data-e-type=\"widget\" data-widget_type=\"button.default\">\n\t\t\t\t<div class=\"elementor-widget-container\">\n\t\t\t\t\t\t\t\t\t<div class=\"elementor-button-wrapper\">\n\t\t\t\t\t<a class=\"elementor-button elementor-button-link elementor-size-sm\" href=\"https:\/\/carpe.lt\/lv\/kontaktai\/\">\n\t\t\t\t\t\t<span class=\"elementor-button-content-wrapper\">\n\t\t\t\t\t\t\t\t\t<span class=\"elementor-button-text\">Sazinieties ar<\/span>\n\t\t\t\t\t<\/span>\n\t\t\t\t\t<\/a>\n\t\t\t\t<\/div>\n\t\t\t\t\t\t\t\t<\/div>\n\t\t\t\t<\/div>\n\t\t\t\t\t<\/div>\n\t\t<\/div>\n\t\t\t\t<div class=\"elementor-column elementor-col-50 elementor-top-column elementor-element elementor-element-d084c45\" data-id=\"d084c45\" data-element_type=\"column\" data-e-type=\"column\">\n\t\t\t<div class=\"elementor-widget-wrap elementor-element-populated\">\n\t\t\t\t\t\t<div class=\"elementor-element elementor-element-22387e3 elementor-widget elementor-widget-image\" data-id=\"22387e3\" data-element_type=\"widget\" data-e-type=\"widget\" data-widget_type=\"image.default\">\n\t\t\t\t<div class=\"elementor-widget-container\">\n\t\t\t\t\t\t\t\t\t\t\t\t\t\t\t<img fetchpriority=\"high\" decoding=\"async\" width=\"800\" height=\"533\" src=\"https:\/\/carpe.lt\/wp-content\/uploads\/2022\/11\/DSC05627-Edit_result-1.webp\" class=\"attachment-large size-large wp-image-1230\" alt=\"\" srcset=\"https:\/\/carpe.lt\/wp-content\/uploads\/2022\/11\/DSC05627-Edit_result-1.webp 800w, https:\/\/carpe.lt\/wp-content\/uploads\/2022\/11\/DSC05627-Edit_result-1-300x200.webp 300w, https:\/\/carpe.lt\/wp-content\/uploads\/2022\/11\/DSC05627-Edit_result-1-768x512.webp 768w, https:\/\/carpe.lt\/wp-content\/uploads\/2022\/11\/DSC05627-Edit_result-1-600x400.webp 600w\" sizes=\"(max-width: 800px) 100vw, 800px\" \/>\t\t\t\t\t\t\t\t\t\t\t\t\t\t\t<\/div>\n\t\t\t\t<\/div>\n\t\t\t\t\t<\/div>\n\t\t<\/div>\n\t\t\t\t\t<\/div>\n\t\t<\/section>\n\t\t\t\t<section class=\"elementor-section elementor-top-section elementor-element elementor-element-5b335f2 elementor-section-boxed elementor-section-height-default elementor-section-height-default\" data-id=\"5b335f2\" data-element_type=\"section\" data-e-type=\"section\">\n\t\t\t\t\t\t<div class=\"elementor-container elementor-column-gap-default\">\n\t\t\t\t\t<div class=\"elementor-column elementor-col-100 elementor-top-column elementor-element elementor-element-bb70043\" data-id=\"bb70043\" data-element_type=\"column\" data-e-type=\"column\">\n\t\t\t<div class=\"elementor-widget-wrap elementor-element-populated\">\n\t\t\t\t\t\t<div class=\"elementor-element elementor-element-305c796 elementor-widget elementor-widget-heading\" data-id=\"305c796\" data-element_type=\"widget\" data-e-type=\"widget\" data-widget_type=\"heading.default\">\n\t\t\t\t<div class=\"elementor-widget-container\">\n\t\t\t\t\t<h2 class=\"elementor-heading-title elementor-size-default\">Ja v\u0113laties sa\u0146emt m\u016bsu katalogu, l\u016bdzu, aizpildiet veidlapu, un m\u0113s ar jums sazin\u0101simies.<\/h2>\t\t\t\t<\/div>\n\t\t\t\t<\/div>\n\t\t\t\t<div class=\"elementor-element elementor-element-46fbeea elementor-widget elementor-widget-wpforms\" data-id=\"46fbeea\" data-element_type=\"widget\" data-e-type=\"widget\" data-widget_type=\"wpforms.default\">\n\t\t\t\t<div class=\"elementor-widget-container\">\n\t\t\t\t\t<div class=\"wpforms-container wpforms-container-full\" id=\"wpforms-537\"><form id=\"wpforms-form-537\" class=\"wpforms-validate wpforms-form wpforms-ajax-form\" data-formid=\"537\" method=\"post\" enctype=\"multipart\/form-data\" action=\"\/lv\/wp-json\/wp\/v2\/pages\/42524\" data-token=\"4e4bbec87a69bdeae6e80f2a8bfd1370\" data-token-time=\"1778665799\"><noscript class=\"wpforms-error-noscript\">Please enable JavaScript in your browser to complete this form.<\/noscript><div class=\"wpforms-field-container\"><div id=\"wpforms-537-field_1-container\" class=\"wpforms-field wpforms-field-text wpforms-one-half wpforms-first\" data-field-id=\"1\"><label class=\"wpforms-field-label\" for=\"wpforms-537-field_1\">Uz\u0146\u0113muma nosaukums<\/label><input type=\"text\" id=\"wpforms-537-field_1\" class=\"wpforms-field-large\" name=\"wpforms[fields][1]\" ><\/div><div id=\"wpforms-537-field_2-container\" class=\"wpforms-field wpforms-field-text wpforms-one-half\" data-field-id=\"2\"><label class=\"wpforms-field-label\" for=\"wpforms-537-field_2\">P\u0101rst\u0101vja v\u0101rds un uzv\u0101rds<\/label><input type=\"text\" id=\"wpforms-537-field_2\" class=\"wpforms-field-large\" name=\"wpforms[fields][2]\" ><\/div><div id=\"wpforms-537-field_5-container\" class=\"wpforms-field wpforms-field-text wpforms-one-half wpforms-first\" data-field-id=\"5\"><label class=\"wpforms-field-label\" for=\"wpforms-537-field_5\">T\u0101lru\u0146a numurs<\/label><input type=\"text\" id=\"wpforms-537-field_5\" class=\"wpforms-field-large\" name=\"wpforms[fields][5]\" ><\/div><div id=\"wpforms-537-field_6-container\" class=\"wpforms-field wpforms-field-text wpforms-one-half\" data-field-id=\"6\"><label class=\"wpforms-field-label\" for=\"wpforms-537-field_6\">El.\nE-pasts: <\/label><input type=\"text\" id=\"wpforms-537-field_6\" class=\"wpforms-field-large\" name=\"wpforms[fields][6]\" ><\/div><div id=\"wpforms-537-field_3-container\" class=\"wpforms-field wpforms-field-textarea\" data-field-id=\"3\"><label class=\"wpforms-field-label\" for=\"wpforms-537-field_3\">Zi\u0146ojums<\/label><textarea id=\"wpforms-537-field_3\" class=\"wpforms-field-medium\" name=\"wpforms[fields][3]\" ><\/textarea><\/div><\/div><!-- .wpforms-field-container --><div class=\"wpforms-submit-container\" ><input type=\"hidden\" name=\"wpforms[id]\" value=\"537\"><input type=\"hidden\" name=\"page_title\" value=\"\"><input type=\"hidden\" name=\"page_url\" value=\"https:\/\/carpe.lt\/lv\/wp-json\/wp\/v2\/pages\/42524\"><input type=\"hidden\" name=\"url_referer\" value=\"\"><button type=\"submit\" name=\"wpforms[submit]\" id=\"wpforms-submit-537\" class=\"wpforms-submit\" data-alt-text=\"Nos\u016btot...\" data-submit-text=\"Sazinieties ar\" aria-live=\"assertive\" value=\"wpforms-submit\">Sazinieties ar<\/button><img decoding=\"async\" src=\"https:\/\/carpe.lt\/wp-content\/plugins\/wpforms-lite\/assets\/images\/submit-spin.svg\" class=\"wpforms-submit-spinner\" style=\"display: none;\" width=\"26\" height=\"26\" alt=\"Loading\"><\/div><\/form><\/div>  <!-- .wpforms-container -->\t\t\t\t<\/div>\n\t\t\t\t<\/div>\n\t\t\t\t\t<\/div>\n\t\t<\/div>\n\t\t\t\t\t<\/div>\n\t\t<\/section>\n\t\t\t\t<section class=\"elementor-section elementor-top-section elementor-element elementor-element-3cf55c1 elementor-section-boxed elementor-section-height-default elementor-section-height-default\" data-id=\"3cf55c1\" data-element_type=\"section\" data-e-type=\"section\">\n\t\t\t\t\t\t<div class=\"elementor-container elementor-column-gap-default\">\n\t\t\t\t\t<div class=\"elementor-column elementor-col-100 elementor-top-column elementor-element elementor-element-67aca3a\" data-id=\"67aca3a\" data-element_type=\"column\" data-e-type=\"column\">\n\t\t\t<div class=\"elementor-widget-wrap elementor-element-populated\">\n\t\t\t\t\t\t<div class=\"elementor-element elementor-element-34e36ed elementor-widget elementor-widget-heading\" data-id=\"34e36ed\" data-element_type=\"widget\" data-e-type=\"widget\" data-widget_type=\"heading.default\">\n\t\t\t\t<div class=\"elementor-widget-container\">\n\t\t\t\t\t<h2 class=\"elementor-heading-title elementor-size-default\">Sazinieties ar<\/h2>\t\t\t\t<\/div>\n\t\t\t\t<\/div>\n\t\t\t\t<section class=\"elementor-section elementor-inner-section elementor-element elementor-element-bc2e7bd elementor-section-boxed elementor-section-height-default elementor-section-height-default\" data-id=\"bc2e7bd\" data-element_type=\"section\" data-e-type=\"section\">\n\t\t\t\t\t\t<div class=\"elementor-container elementor-column-gap-default\">\n\t\t\t\t\t<div class=\"elementor-column elementor-col-33 elementor-inner-column elementor-element elementor-element-7a1fafe\" data-id=\"7a1fafe\" data-element_type=\"column\" data-e-type=\"column\">\n\t\t\t<div class=\"elementor-widget-wrap elementor-element-populated\">\n\t\t\t\t\t\t<div class=\"elementor-element elementor-element-d1926c2 elementor-view-default elementor-widget elementor-widget-icon\" data-id=\"d1926c2\" data-element_type=\"widget\" data-e-type=\"widget\" data-widget_type=\"icon.default\">\n\t\t\t\t<div class=\"elementor-widget-container\">\n\t\t\t\t\t\t\t<div class=\"elementor-icon-wrapper\">\n\t\t\t<div class=\"elementor-icon\">\n\t\t\t<i aria-hidden=\"true\" class=\"fas fa-phone-alt\"><\/i>\t\t\t<\/div>\n\t\t<\/div>\n\t\t\t\t\t\t<\/div>\n\t\t\t\t<\/div>\n\t\t\t\t<div class=\"elementor-element elementor-element-a300701 elementor-widget elementor-widget-heading\" data-id=\"a300701\" data-element_type=\"widget\" data-e-type=\"widget\" data-widget_type=\"heading.default\">\n\t\t\t\t<div class=\"elementor-widget-container\">\n\t\t\t\t\t<h2 class=\"elementor-heading-title elementor-size-default\">T\u0101lru\u0146a numurs<\/h2>\t\t\t\t<\/div>\n\t\t\t\t<\/div>\n\t\t\t\t<div class=\"elementor-element elementor-element-b008418 elementor-widget elementor-widget-heading\" data-id=\"b008418\" data-element_type=\"widget\" data-e-type=\"widget\" data-widget_type=\"heading.default\">\n\t\t\t\t<div class=\"elementor-widget-container\">\n\t\t\t\t\t<h2 class=\"elementor-heading-title elementor-size-default\"><a href=\"tel:+37062726409\">+37062726409<\/a><\/h2>\t\t\t\t<\/div>\n\t\t\t\t<\/div>\n\t\t\t\t\t<\/div>\n\t\t<\/div>\n\t\t\t\t<div class=\"elementor-column elementor-col-33 elementor-inner-column elementor-element elementor-element-ea94bdf\" data-id=\"ea94bdf\" data-element_type=\"column\" data-e-type=\"column\">\n\t\t\t<div class=\"elementor-widget-wrap elementor-element-populated\">\n\t\t\t\t\t\t<div class=\"elementor-element elementor-element-d61be71 elementor-view-default elementor-widget elementor-widget-icon\" data-id=\"d61be71\" data-element_type=\"widget\" data-e-type=\"widget\" data-widget_type=\"icon.default\">\n\t\t\t\t<div class=\"elementor-widget-container\">\n\t\t\t\t\t\t\t<div class=\"elementor-icon-wrapper\">\n\t\t\t<div class=\"elementor-icon\">\n\t\t\t<i aria-hidden=\"true\" class=\"fas fa-envelope\"><\/i>\t\t\t<\/div>\n\t\t<\/div>\n\t\t\t\t\t\t<\/div>\n\t\t\t\t<\/div>\n\t\t\t\t<div class=\"elementor-element elementor-element-e90f2da elementor-widget elementor-widget-heading\" data-id=\"e90f2da\" data-element_type=\"widget\" data-e-type=\"widget\" data-widget_type=\"heading.default\">\n\t\t\t\t<div class=\"elementor-widget-container\">\n\t\t\t\t\t<h2 class=\"elementor-heading-title elementor-size-default\">E-pasts<\/h2>\t\t\t\t<\/div>\n\t\t\t\t<\/div>\n\t\t\t\t<div class=\"elementor-element elementor-element-b4272f1 elementor-widget elementor-widget-heading\" data-id=\"b4272f1\" data-element_type=\"widget\" data-e-type=\"widget\" data-widget_type=\"heading.default\">\n\t\t\t\t<div class=\"elementor-widget-container\">\n\t\t\t\t\t<h2 class=\"elementor-heading-title elementor-size-default\"><a href=\"mailto:info@carpe.lt\">info@carpe.lt<\/a><\/h2>\t\t\t\t<\/div>\n\t\t\t\t<\/div>\n\t\t\t\t\t<\/div>\n\t\t<\/div>\n\t\t\t\t<div class=\"elementor-column elementor-col-33 elementor-inner-column elementor-element elementor-element-b2c65bd\" data-id=\"b2c65bd\" data-element_type=\"column\" data-e-type=\"column\">\n\t\t\t<div class=\"elementor-widget-wrap elementor-element-populated\">\n\t\t\t\t\t\t<div class=\"elementor-element elementor-element-201ed44 elementor-view-default elementor-widget elementor-widget-icon\" data-id=\"201ed44\" data-element_type=\"widget\" data-e-type=\"widget\" data-widget_type=\"icon.default\">\n\t\t\t\t<div class=\"elementor-widget-container\">\n\t\t\t\t\t\t\t<div class=\"elementor-icon-wrapper\">\n\t\t\t<div class=\"elementor-icon\">\n\t\t\t<i aria-hidden=\"true\" class=\"fas fa-location-arrow\"><\/i>\t\t\t<\/div>\n\t\t<\/div>\n\t\t\t\t\t\t<\/div>\n\t\t\t\t<\/div>\n\t\t\t\t<div class=\"elementor-element elementor-element-643d75e elementor-widget elementor-widget-heading\" data-id=\"643d75e\" data-element_type=\"widget\" data-e-type=\"widget\" data-widget_type=\"heading.default\">\n\t\t\t\t<div class=\"elementor-widget-container\">\n\t\t\t\t\t<h2 class=\"elementor-heading-title elementor-size-default\">Adrese<\/h2>\t\t\t\t<\/div>\n\t\t\t\t<\/div>\n\t\t\t\t<div class=\"elementor-element elementor-element-b03657e elementor-widget elementor-widget-heading\" data-id=\"b03657e\" data-element_type=\"widget\" data-e-type=\"widget\" data-widget_type=\"heading.default\">\n\t\t\t\t<div class=\"elementor-widget-container\">\n\t\t\t\t\t<h2 class=\"elementor-heading-title elementor-size-default\">Alyv\u0173 takas 4, Ma\u017eei\u0137i<\/h2>\t\t\t\t<\/div>\n\t\t\t\t<\/div>\n\t\t\t\t\t<\/div>\n\t\t<\/div>\n\t\t\t\t\t<\/div>\n\t\t<\/section>\n\t\t\t\t\t<\/div>\n\t\t<\/div>\n\t\t\t\t\t<\/div>\n\t\t<\/section>\n\t\t\t\t<\/div>\n\t\t","protected":false},"excerpt":{"rendered":"<p>Biznesa klientiem Vairumtirdzniec\u012bbas pas\u016bt\u012bjumi Vai esat pakl\u0101ju ra\u017eot\u0101js vai varb\u016bt v\u0113laties to s\u0101kt? Vai varb\u016bt j\u016bs vienk\u0101r\u0161i v\u0113laties t\u0101l\u0101k p\u0101rdot savus pakl\u0101ji\u0146us un nopeln\u012bt naudu? M\u0113s varam jums pied\u0101v\u0101t kvalitat\u012bvus materi\u0101lus un labi izgatavotus pakl\u0101jus. Sazinieties ar mums vai aizpildiet veidlapu, un m\u0113s ar jums sazin\u0101simies tuv\u0101k\u0101s stundas laik\u0101! Ja jums ir k\u0101di jaut\u0101jumi, nekautr\u0113jieties [&hellip;]<\/p>\n","protected":false},"author":1,"featured_media":0,"parent":0,"menu_order":0,"comment_status":"closed","ping_status":"closed","template":"elementor_header_footer","meta":{"footnotes":""},"class_list":["post-42524","page","type-page","status-publish","hentry","entry","owp-thumbs-layout-horizontal","owp-btn-normal","owp-tabs-layout-horizontal","has-no-thumbnails","has-product-nav"],"yoast_head":"<!-- This site is optimized with the Yoast SEO plugin v27.1.1 - https:\/\/yoast.com\/product\/yoast-seo-wordpress\/ -->\n<title>Materi\u0101lu pakl\u0101ji tirdzniec\u012bbas - carpe.lt<\/title>\n<meta name=\"description\" content=\"Vai esat pakl\u0101ju ra\u017eot\u0101js vai varb\u016bt v\u0113laties to s\u0101kt? Vai varb\u016bt j\u016bs vienk\u0101r\u0161i v\u0113laties t\u0101l\u0101k p\u0101rdot savus pakl\u0101ji\u0146us un nopeln\u012bt naudu? M\u0113s varam jums pal\u012bdz\u0113t!\" \/>\n<meta name=\"robots\" content=\"index, follow, max-snippet:-1, max-image-preview:large, max-video-preview:-1\" \/>\n<link rel=\"canonical\" href=\"https:\/\/carpe.lt\/lv\/biznesa-klientiem\/\" \/>\n<meta property=\"og:locale\" content=\"lv_LV\" \/>\n<meta property=\"og:type\" content=\"article\" \/>\n<meta property=\"og:title\" content=\"Materi\u0101lu pakl\u0101ji tirdzniec\u012bbas - carpe.lt\" \/>\n<meta property=\"og:description\" content=\"Vai esat pakl\u0101ju ra\u017eot\u0101js vai varb\u016bt v\u0113laties to s\u0101kt? Vai varb\u016bt j\u016bs vienk\u0101r\u0161i v\u0113laties t\u0101l\u0101k p\u0101rdot savus pakl\u0101ji\u0146us un nopeln\u012bt naudu? M\u0113s varam jums pal\u012bdz\u0113t!\" \/>\n<meta property=\"og:url\" content=\"https:\/\/carpe.lt\/lv\/biznesa-klientiem\/\" \/>\n<meta property=\"og:site_name\" content=\"carpe.lt\" \/>\n<meta property=\"article:modified_time\" content=\"2024-09-11T09:47:44+00:00\" \/>\n<meta property=\"og:image\" content=\"https:\/\/carpe.lt\/wp-content\/uploads\/2022\/11\/DSC05627-Edit_result-1.webp\" \/>\n<meta name=\"twitter:card\" content=\"summary_large_image\" \/>\n<meta name=\"twitter:label1\" content=\"Est. reading time\" \/>\n\t<meta name=\"twitter:data1\" content=\"1 minute\" \/>\n<script type=\"application\/ld+json\" class=\"yoast-schema-graph\">{\"@context\":\"https:\/\/schema.org\",\"@graph\":[{\"@type\":\"WebPage\",\"@id\":\"https:\/\/carpe.lt\/lv\/biznesa-klientiem\/\",\"url\":\"https:\/\/carpe.lt\/lv\/biznesa-klientiem\/\",\"name\":\"Materi\u0101lu pakl\u0101ji tirdzniec\u012bbas - carpe.lt\",\"isPartOf\":{\"@id\":\"https:\/\/carpe.lt\/lv\/#website\"},\"primaryImageOfPage\":{\"@id\":\"https:\/\/carpe.lt\/lv\/biznesa-klientiem\/#primaryimage\"},\"image\":{\"@id\":\"https:\/\/carpe.lt\/lv\/biznesa-klientiem\/#primaryimage\"},\"thumbnailUrl\":\"https:\/\/carpe.lt\/wp-content\/uploads\/2022\/11\/DSC05627-Edit_result-1.webp\",\"datePublished\":\"2022-09-14T09:24:12+00:00\",\"dateModified\":\"2024-09-11T09:47:44+00:00\",\"description\":\"Vai esat pakl\u0101ju ra\u017eot\u0101js vai varb\u016bt v\u0113laties to s\u0101kt? Vai varb\u016bt j\u016bs vienk\u0101r\u0161i v\u0113laties t\u0101l\u0101k p\u0101rdot savus pakl\u0101ji\u0146us un nopeln\u012bt naudu? M\u0113s varam jums pal\u012bdz\u0113t!\",\"breadcrumb\":{\"@id\":\"https:\/\/carpe.lt\/lv\/biznesa-klientiem\/#breadcrumb\"},\"inLanguage\":\"lv-LV\",\"potentialAction\":[{\"@type\":\"ReadAction\",\"target\":[\"https:\/\/carpe.lt\/lv\/biznesa-klientiem\/\"]}]},{\"@type\":\"ImageObject\",\"inLanguage\":\"lv-LV\",\"@id\":\"https:\/\/carpe.lt\/lv\/biznesa-klientiem\/#primaryimage\",\"url\":\"https:\/\/carpe.lt\/wp-content\/uploads\/2022\/11\/DSC05627-Edit_result-1.webp\",\"contentUrl\":\"https:\/\/carpe.lt\/wp-content\/uploads\/2022\/11\/DSC05627-Edit_result-1.webp\"},{\"@type\":\"BreadcrumbList\",\"@id\":\"https:\/\/carpe.lt\/lv\/biznesa-klientiem\/#breadcrumb\",\"itemListElement\":[{\"@type\":\"ListItem\",\"position\":1,\"name\":\"Home\",\"item\":\"https:\/\/carpe.lt\/lv\/sakums\/\"},{\"@type\":\"ListItem\",\"position\":2,\"name\":\"Biznesa klientiem\"}]},{\"@type\":\"WebSite\",\"@id\":\"https:\/\/carpe.lt\/lv\/#website\",\"url\":\"https:\/\/carpe.lt\/lv\/\",\"name\":\"carpe.lt\",\"description\":\"Materi\u0101ls auto pakl\u0101ji\u0146i\",\"potentialAction\":[{\"@type\":\"SearchAction\",\"target\":{\"@type\":\"EntryPoint\",\"urlTemplate\":\"https:\/\/carpe.lt\/lv\/?s={search_term_string}\"},\"query-input\":{\"@type\":\"PropertyValueSpecification\",\"valueRequired\":true,\"valueName\":\"search_term_string\"}}],\"inLanguage\":\"lv-LV\"}]}<\/script>\n<!-- \/ Yoast SEO plugin. -->","yoast_head_json":{"title":"Materi\u0101lu pakl\u0101ji tirdzniec\u012bbas - carpe.lt","description":"Vai esat pakl\u0101ju ra\u017eot\u0101js vai varb\u016bt v\u0113laties to s\u0101kt? Vai varb\u016bt j\u016bs vienk\u0101r\u0161i v\u0113laties t\u0101l\u0101k p\u0101rdot savus pakl\u0101ji\u0146us un nopeln\u012bt naudu? M\u0113s varam jums pal\u012bdz\u0113t!","robots":{"index":"index","follow":"follow","max-snippet":"max-snippet:-1","max-image-preview":"max-image-preview:large","max-video-preview":"max-video-preview:-1"},"canonical":"https:\/\/carpe.lt\/lv\/biznesa-klientiem\/","og_locale":"lv_LV","og_type":"article","og_title":"Materi\u0101lu pakl\u0101ji tirdzniec\u012bbas - carpe.lt","og_description":"Vai esat pakl\u0101ju ra\u017eot\u0101js vai varb\u016bt v\u0113laties to s\u0101kt? Vai varb\u016bt j\u016bs vienk\u0101r\u0161i v\u0113laties t\u0101l\u0101k p\u0101rdot savus pakl\u0101ji\u0146us un nopeln\u012bt naudu? M\u0113s varam jums pal\u012bdz\u0113t!","og_url":"https:\/\/carpe.lt\/lv\/biznesa-klientiem\/","og_site_name":"carpe.lt","article_modified_time":"2024-09-11T09:47:44+00:00","og_image":[{"url":"https:\/\/carpe.lt\/wp-content\/uploads\/2022\/11\/DSC05627-Edit_result-1.webp","type":"","width":"","height":""}],"twitter_card":"summary_large_image","twitter_misc":{"Est. reading time":"1 minute"},"schema":{"@context":"https:\/\/schema.org","@graph":[{"@type":"WebPage","@id":"https:\/\/carpe.lt\/lv\/biznesa-klientiem\/","url":"https:\/\/carpe.lt\/lv\/biznesa-klientiem\/","name":"Materi\u0101lu pakl\u0101ji tirdzniec\u012bbas - carpe.lt","isPartOf":{"@id":"https:\/\/carpe.lt\/lv\/#website"},"primaryImageOfPage":{"@id":"https:\/\/carpe.lt\/lv\/biznesa-klientiem\/#primaryimage"},"image":{"@id":"https:\/\/carpe.lt\/lv\/biznesa-klientiem\/#primaryimage"},"thumbnailUrl":"https:\/\/carpe.lt\/wp-content\/uploads\/2022\/11\/DSC05627-Edit_result-1.webp","datePublished":"2022-09-14T09:24:12+00:00","dateModified":"2024-09-11T09:47:44+00:00","description":"Vai esat pakl\u0101ju ra\u017eot\u0101js vai varb\u016bt v\u0113laties to s\u0101kt? Vai varb\u016bt j\u016bs vienk\u0101r\u0161i v\u0113laties t\u0101l\u0101k p\u0101rdot savus pakl\u0101ji\u0146us un nopeln\u012bt naudu? M\u0113s varam jums pal\u012bdz\u0113t!","breadcrumb":{"@id":"https:\/\/carpe.lt\/lv\/biznesa-klientiem\/#breadcrumb"},"inLanguage":"lv-LV","potentialAction":[{"@type":"ReadAction","target":["https:\/\/carpe.lt\/lv\/biznesa-klientiem\/"]}]},{"@type":"ImageObject","inLanguage":"lv-LV","@id":"https:\/\/carpe.lt\/lv\/biznesa-klientiem\/#primaryimage","url":"https:\/\/carpe.lt\/wp-content\/uploads\/2022\/11\/DSC05627-Edit_result-1.webp","contentUrl":"https:\/\/carpe.lt\/wp-content\/uploads\/2022\/11\/DSC05627-Edit_result-1.webp"},{"@type":"BreadcrumbList","@id":"https:\/\/carpe.lt\/lv\/biznesa-klientiem\/#breadcrumb","itemListElement":[{"@type":"ListItem","position":1,"name":"Home","item":"https:\/\/carpe.lt\/lv\/sakums\/"},{"@type":"ListItem","position":2,"name":"Biznesa klientiem"}]},{"@type":"WebSite","@id":"https:\/\/carpe.lt\/lv\/#website","url":"https:\/\/carpe.lt\/lv\/","name":"carpe.lt","description":"Materi\u0101ls auto pakl\u0101ji\u0146i","potentialAction":[{"@type":"SearchAction","target":{"@type":"EntryPoint","urlTemplate":"https:\/\/carpe.lt\/lv\/?s={search_term_string}"},"query-input":{"@type":"PropertyValueSpecification","valueRequired":true,"valueName":"search_term_string"}}],"inLanguage":"lv-LV"}]}},"_links":{"self":[{"href":"https:\/\/carpe.lt\/lv\/wp-json\/wp\/v2\/pages\/42524","targetHints":{"allow":["GET"]}}],"collection":[{"href":"https:\/\/carpe.lt\/lv\/wp-json\/wp\/v2\/pages"}],"about":[{"href":"https:\/\/carpe.lt\/lv\/wp-json\/wp\/v2\/types\/page"}],"author":[{"embeddable":true,"href":"https:\/\/carpe.lt\/lv\/wp-json\/wp\/v2\/users\/1"}],"replies":[{"embeddable":true,"href":"https:\/\/carpe.lt\/lv\/wp-json\/wp\/v2\/comments?post=42524"}],"version-history":[{"count":4,"href":"https:\/\/carpe.lt\/lv\/wp-json\/wp\/v2\/pages\/42524\/revisions"}],"predecessor-version":[{"id":42540,"href":"https:\/\/carpe.lt\/lv\/wp-json\/wp\/v2\/pages\/42524\/revisions\/42540"}],"wp:attachment":[{"href":"https:\/\/carpe.lt\/lv\/wp-json\/wp\/v2\/media?parent=42524"}],"curies":[{"name":"wp","href":"https:\/\/api.w.org\/{rel}","templated":true}]}}