{"id":42520,"date":"2022-09-14T09:24:12","date_gmt":"2022-09-14T09:24:12","guid":{"rendered":"https:\/\/carpe.lt\/pakalpojumi\/"},"modified":"2024-09-11T09:47:44","modified_gmt":"2024-09-11T09:47:44","slug":"pakalpojumi","status":"publish","type":"page","link":"https:\/\/carpe.lt\/lv\/pakalpojumi\/","title":{"rendered":"Pakalpojumi"},"content":{"rendered":"\t\t<div data-elementor-type=\"wp-page\" data-elementor-id=\"42520\" class=\"elementor elementor-42520 elementor-19\" data-elementor-post-type=\"page\">\n\t\t\t\t\t\t<section class=\"elementor-section elementor-top-section elementor-element elementor-element-ac87ef9 elementor-section-height-min-height elementor-section-boxed elementor-section-height-default elementor-section-items-middle\" data-id=\"ac87ef9\" data-element_type=\"section\" data-e-type=\"section\" data-settings=\"{&quot;background_background&quot;:&quot;classic&quot;}\">\n\t\t\t\t\t\t\t<div class=\"elementor-background-overlay\"><\/div>\n\t\t\t\t\t\t\t<div class=\"elementor-container elementor-column-gap-default\">\n\t\t\t\t\t<div class=\"elementor-column elementor-col-100 elementor-top-column elementor-element elementor-element-13d6514\" data-id=\"13d6514\" data-element_type=\"column\" data-e-type=\"column\">\n\t\t\t<div class=\"elementor-widget-wrap elementor-element-populated\">\n\t\t\t\t\t\t<div class=\"elementor-element elementor-element-2b524de elementor-widget elementor-widget-heading\" data-id=\"2b524de\" data-element_type=\"widget\" data-e-type=\"widget\" data-widget_type=\"heading.default\">\n\t\t\t\t<div class=\"elementor-widget-container\">\n\t\t\t\t\t<h2 class=\"elementor-heading-title elementor-size-default\">M\u016bsu pakalpojumi<\/h2>\t\t\t\t<\/div>\n\t\t\t\t<\/div>\n\t\t\t\t\t<\/div>\n\t\t<\/div>\n\t\t\t\t\t<\/div>\n\t\t<\/section>\n\t\t\t\t<section class=\"elementor-section elementor-top-section elementor-element elementor-element-6ac01a8a elementor-section-boxed elementor-section-height-default elementor-section-height-default\" data-id=\"6ac01a8a\" data-element_type=\"section\" data-e-type=\"section\">\n\t\t\t\t\t\t<div class=\"elementor-container elementor-column-gap-default\">\n\t\t\t\t\t<div class=\"elementor-column elementor-col-50 elementor-top-column elementor-element elementor-element-18710e26\" data-id=\"18710e26\" data-element_type=\"column\" data-e-type=\"column\">\n\t\t\t<div class=\"elementor-widget-wrap elementor-element-populated\">\n\t\t\t\t\t\t<div class=\"elementor-element elementor-element-6eafe9a6 elementor-widget elementor-widget-image\" data-id=\"6eafe9a6\" data-element_type=\"widget\" data-e-type=\"widget\" data-widget_type=\"image.default\">\n\t\t\t\t<div class=\"elementor-widget-container\">\n\t\t\t\t\t\t\t\t\t\t\t\t\t\t\t<img fetchpriority=\"high\" decoding=\"async\" width=\"800\" height=\"533\" src=\"https:\/\/carpe.lt\/wp-content\/uploads\/2022\/11\/DSC05620_result.webp\" class=\"attachment-full size-full wp-image-1134\" alt=\"\" srcset=\"https:\/\/carpe.lt\/wp-content\/uploads\/2022\/11\/DSC05620_result.webp 800w, https:\/\/carpe.lt\/wp-content\/uploads\/2022\/11\/DSC05620_result-300x200.webp 300w, https:\/\/carpe.lt\/wp-content\/uploads\/2022\/11\/DSC05620_result-768x512.webp 768w, https:\/\/carpe.lt\/wp-content\/uploads\/2022\/11\/DSC05620_result-600x400.webp 600w\" sizes=\"(max-width: 800px) 100vw, 800px\" \/>\t\t\t\t\t\t\t\t\t\t\t\t\t\t\t<\/div>\n\t\t\t\t<\/div>\n\t\t\t\t\t<\/div>\n\t\t<\/div>\n\t\t\t\t<div class=\"elementor-column elementor-col-50 elementor-top-column elementor-element elementor-element-6cac3c19\" data-id=\"6cac3c19\" data-element_type=\"column\" data-e-type=\"column\">\n\t\t\t<div class=\"elementor-widget-wrap elementor-element-populated\">\n\t\t\t\t\t\t<div class=\"elementor-element elementor-element-400d8ba0 elementor-widget elementor-widget-heading\" data-id=\"400d8ba0\" data-element_type=\"widget\" data-e-type=\"widget\" data-widget_type=\"heading.default\">\n\t\t\t\t<div class=\"elementor-widget-container\">\n\t\t\t\t\t<h2 class=\"elementor-heading-title elementor-size-default\">Par mums<\/h2>\t\t\t\t<\/div>\n\t\t\t\t<\/div>\n\t\t\t\t<div class=\"elementor-element elementor-element-7226a07e elementor-widget elementor-widget-text-editor\" data-id=\"7226a07e\" data-element_type=\"widget\" data-e-type=\"widget\" data-widget_type=\"text-editor.default\">\n\t\t\t\t<div class=\"elementor-widget-container\">\n\t\t\t\t\t\t\t\t\t<p>M\u016bsu uz\u0146\u0113mums UAB &#8220;Komentaras&#8221; past\u0101v jau gandr\u012bz 27 gadus! M\u0113s varam pied\u0101v\u0101t un izgatavot vair\u0101k nek\u0101 40 veidu un kr\u0101su m\u0101jas vai biroja pakl\u0101jus. Mums ir pla\u0161s PVC p\u0101rkl\u0101jumu kl\u0101sts. M\u0113s ra\u017eojam auto pakl\u0101ji\u0146us, un mums ir vair\u0101k nek\u0101 1000 mode\u013cu. M\u0113s pie\u0146emam ar\u012b \u012bpa\u0161us pas\u016bt\u012bjumus p\u0113c klienta v\u0113lm\u0113m, neatkar\u012bgi no t\u0101, vai tas ir pakl\u0101js kravas automa\u0161\u012bn\u0101m, laiv\u0101m, autobusiem, birojiem vai m\u0101j\u0101m &#8211; m\u016bsu uz\u0146\u0113mums pal\u012bdz\u0113s jums atjaunoties!<\/p>\n\t\t\t\t\t\t\t\t<\/div>\n\t\t\t\t<\/div>\n\t\t\t\t\t<\/div>\n\t\t<\/div>\n\t\t\t\t\t<\/div>\n\t\t<\/section>\n\t\t\t\t<section class=\"elementor-section elementor-top-section elementor-element elementor-element-f4335d1 elementor-section-boxed elementor-section-height-default elementor-section-height-default\" data-id=\"f4335d1\" data-element_type=\"section\" data-e-type=\"section\">\n\t\t\t\t\t\t<div class=\"elementor-container elementor-column-gap-default\">\n\t\t\t\t\t<div class=\"elementor-column elementor-col-100 elementor-top-column elementor-element elementor-element-2a127c5\" data-id=\"2a127c5\" data-element_type=\"column\" data-e-type=\"column\">\n\t\t\t<div class=\"elementor-widget-wrap elementor-element-populated\">\n\t\t\t\t\t\t<div class=\"elementor-element elementor-element-6a70c83 elementor-widget elementor-widget-heading\" data-id=\"6a70c83\" data-element_type=\"widget\" data-e-type=\"widget\" data-widget_type=\"heading.default\">\n\t\t\t\t<div class=\"elementor-widget-container\">\n\t\t\t\t\t<h2 class=\"elementor-heading-title elementor-size-default\">M\u016bsu pakalpojumi<\/h2>\t\t\t\t<\/div>\n\t\t\t\t<\/div>\n\t\t\t\t<div class=\"elementor-element elementor-element-f51f83e elementor-widget elementor-widget-text-editor\" data-id=\"f51f83e\" data-element_type=\"widget\" data-e-type=\"widget\" data-widget_type=\"text-editor.default\">\n\t\t\t\t<div class=\"elementor-widget-container\">\n\t\t\t\t\t\t\t\t\t<ul>\n<li>Auto pakl\u0101ji\u0146u ra\u017eo\u0161ana (vair\u0101k nek\u0101 1000 mode\u013cu!)<\/li>\n<li>Pakl\u0101ju ra\u017eo\u0161ana kravas automa\u0161\u012bn\u0101m un autobusiem (m\u0113s ierodamies un m\u0113ra pakl\u0101jus atbilsto\u0161i j\u016bsu v\u0113lm\u0113m!)<\/li>\n<li>Pakl\u0101ju ra\u017eo\u0161ana p\u0113c specifik\u0101cij\u0101m. pas\u016bt\u012bjuma pas\u016bt\u012bjumi (neparasti pakl\u0101ji)<\/li>\n<li>M\u0113s pieg\u0101d\u0101jam un grie\u017eam visu izm\u0113ru pakl\u0101jus m\u0101jok\u013ciem, birojiem u. c. (vair\u0101k nek\u0101 40 veidu un kr\u0101su!)<\/li>\n<li>M\u0113s varam apdarin\u0101t da\u017e\u0101d\u0101s kr\u0101s\u0101s (vair\u0101k nek\u0101 40 kr\u0101s\u0101s!)<\/li>\n<li>M\u0113s ra\u017eojam ar\u012b pakl\u0101jus ar garu kaudzi. Ide\u0101li piem\u0113rots j\u016bsu m\u0101j\u0101m (m\u0113s varam sagriezt to p\u0113c j\u016bsu izv\u0113les)!<\/li>\n<li>M\u0113s sagrie\u017eam PVC ap\u0161uvumu da\u017e\u0101dos izm\u0113ros (vair\u0101k nek\u0101 40 kr\u0101sas un raksti, labs nodiluma sl\u0101nis!)<\/li>\n<\/ul>\n\t\t\t\t\t\t\t\t<\/div>\n\t\t\t\t<\/div>\n\t\t\t\t\t<\/div>\n\t\t<\/div>\n\t\t\t\t\t<\/div>\n\t\t<\/section>\n\t\t\t\t<section class=\"elementor-section elementor-top-section elementor-element elementor-element-69259a42 elementor-section-boxed elementor-section-height-default elementor-section-height-default\" data-id=\"69259a42\" data-element_type=\"section\" data-e-type=\"section\">\n\t\t\t\t\t\t<div class=\"elementor-container elementor-column-gap-default\">\n\t\t\t\t\t<div class=\"elementor-column elementor-col-100 elementor-top-column elementor-element elementor-element-33b56cc7\" data-id=\"33b56cc7\" data-element_type=\"column\" data-e-type=\"column\">\n\t\t\t<div class=\"elementor-widget-wrap elementor-element-populated\">\n\t\t\t\t\t\t<div class=\"elementor-element elementor-element-7d3ec839 elementor-widget elementor-widget-heading\" data-id=\"7d3ec839\" data-element_type=\"widget\" data-e-type=\"widget\" data-widget_type=\"heading.default\">\n\t\t\t\t<div class=\"elementor-widget-container\">\n\t\t\t\t\t<h2 class=\"elementor-heading-title elementor-size-default\">Sazinieties ar<\/h2>\t\t\t\t<\/div>\n\t\t\t\t<\/div>\n\t\t\t\t<section class=\"elementor-section elementor-inner-section elementor-element elementor-element-3064fe7c elementor-section-boxed elementor-section-height-default elementor-section-height-default\" data-id=\"3064fe7c\" data-element_type=\"section\" data-e-type=\"section\">\n\t\t\t\t\t\t<div class=\"elementor-container elementor-column-gap-default\">\n\t\t\t\t\t<div class=\"elementor-column elementor-col-33 elementor-inner-column elementor-element elementor-element-4c6b1013\" data-id=\"4c6b1013\" data-element_type=\"column\" data-e-type=\"column\">\n\t\t\t<div class=\"elementor-widget-wrap elementor-element-populated\">\n\t\t\t\t\t\t<div class=\"elementor-element elementor-element-599e26b9 elementor-view-default elementor-widget elementor-widget-icon\" data-id=\"599e26b9\" data-element_type=\"widget\" data-e-type=\"widget\" data-widget_type=\"icon.default\">\n\t\t\t\t<div class=\"elementor-widget-container\">\n\t\t\t\t\t\t\t<div class=\"elementor-icon-wrapper\">\n\t\t\t<div class=\"elementor-icon\">\n\t\t\t<i aria-hidden=\"true\" class=\"fas fa-phone-alt\"><\/i>\t\t\t<\/div>\n\t\t<\/div>\n\t\t\t\t\t\t<\/div>\n\t\t\t\t<\/div>\n\t\t\t\t<div class=\"elementor-element elementor-element-9f74df2 elementor-widget elementor-widget-heading\" data-id=\"9f74df2\" data-element_type=\"widget\" data-e-type=\"widget\" data-widget_type=\"heading.default\">\n\t\t\t\t<div class=\"elementor-widget-container\">\n\t\t\t\t\t<h2 class=\"elementor-heading-title elementor-size-default\">T\u0101lru\u0146a numurs<\/h2>\t\t\t\t<\/div>\n\t\t\t\t<\/div>\n\t\t\t\t<div class=\"elementor-element elementor-element-094f208 elementor-widget elementor-widget-heading\" data-id=\"094f208\" data-element_type=\"widget\" data-e-type=\"widget\" data-widget_type=\"heading.default\">\n\t\t\t\t<div class=\"elementor-widget-container\">\n\t\t\t\t\t<h2 class=\"elementor-heading-title elementor-size-default\"><a href=\"tel:+37062726409\">+37062726409<\/a><\/h2>\t\t\t\t<\/div>\n\t\t\t\t<\/div>\n\t\t\t\t\t<\/div>\n\t\t<\/div>\n\t\t\t\t<div class=\"elementor-column elementor-col-33 elementor-inner-column elementor-element elementor-element-4717a03f\" data-id=\"4717a03f\" data-element_type=\"column\" data-e-type=\"column\">\n\t\t\t<div class=\"elementor-widget-wrap elementor-element-populated\">\n\t\t\t\t\t\t<div class=\"elementor-element elementor-element-1e7d2b6c elementor-view-default elementor-widget elementor-widget-icon\" data-id=\"1e7d2b6c\" data-element_type=\"widget\" data-e-type=\"widget\" data-widget_type=\"icon.default\">\n\t\t\t\t<div class=\"elementor-widget-container\">\n\t\t\t\t\t\t\t<div class=\"elementor-icon-wrapper\">\n\t\t\t<div class=\"elementor-icon\">\n\t\t\t<i aria-hidden=\"true\" class=\"fas fa-envelope\"><\/i>\t\t\t<\/div>\n\t\t<\/div>\n\t\t\t\t\t\t<\/div>\n\t\t\t\t<\/div>\n\t\t\t\t<div class=\"elementor-element elementor-element-294cfaf0 elementor-widget elementor-widget-heading\" data-id=\"294cfaf0\" data-element_type=\"widget\" data-e-type=\"widget\" data-widget_type=\"heading.default\">\n\t\t\t\t<div class=\"elementor-widget-container\">\n\t\t\t\t\t<h2 class=\"elementor-heading-title elementor-size-default\">E-pasts<\/h2>\t\t\t\t<\/div>\n\t\t\t\t<\/div>\n\t\t\t\t<div class=\"elementor-element elementor-element-42b610f elementor-widget elementor-widget-heading\" data-id=\"42b610f\" data-element_type=\"widget\" data-e-type=\"widget\" data-widget_type=\"heading.default\">\n\t\t\t\t<div class=\"elementor-widget-container\">\n\t\t\t\t\t<h2 class=\"elementor-heading-title elementor-size-default\"><a href=\"mailto:info@carpe.lt\">info@carpe.lt<\/a><\/h2>\t\t\t\t<\/div>\n\t\t\t\t<\/div>\n\t\t\t\t\t<\/div>\n\t\t<\/div>\n\t\t\t\t<div class=\"elementor-column elementor-col-33 elementor-inner-column elementor-element elementor-element-66f1b5eb\" data-id=\"66f1b5eb\" data-element_type=\"column\" data-e-type=\"column\">\n\t\t\t<div class=\"elementor-widget-wrap elementor-element-populated\">\n\t\t\t\t\t\t<div class=\"elementor-element elementor-element-5232b99e elementor-view-default elementor-widget elementor-widget-icon\" data-id=\"5232b99e\" data-element_type=\"widget\" data-e-type=\"widget\" data-widget_type=\"icon.default\">\n\t\t\t\t<div class=\"elementor-widget-container\">\n\t\t\t\t\t\t\t<div class=\"elementor-icon-wrapper\">\n\t\t\t<div class=\"elementor-icon\">\n\t\t\t<i aria-hidden=\"true\" class=\"fas fa-location-arrow\"><\/i>\t\t\t<\/div>\n\t\t<\/div>\n\t\t\t\t\t\t<\/div>\n\t\t\t\t<\/div>\n\t\t\t\t<div class=\"elementor-element elementor-element-7bb0948d elementor-widget elementor-widget-heading\" data-id=\"7bb0948d\" data-element_type=\"widget\" data-e-type=\"widget\" data-widget_type=\"heading.default\">\n\t\t\t\t<div class=\"elementor-widget-container\">\n\t\t\t\t\t<h2 class=\"elementor-heading-title elementor-size-default\">Adrese<\/h2>\t\t\t\t<\/div>\n\t\t\t\t<\/div>\n\t\t\t\t<div class=\"elementor-element elementor-element-53aba858 elementor-widget elementor-widget-heading\" data-id=\"53aba858\" data-element_type=\"widget\" data-e-type=\"widget\" data-widget_type=\"heading.default\">\n\t\t\t\t<div class=\"elementor-widget-container\">\n\t\t\t\t\t<h2 class=\"elementor-heading-title elementor-size-default\">Alyv\u0173 takas 4, Ma\u017eei\u0137i<\/h2>\t\t\t\t<\/div>\n\t\t\t\t<\/div>\n\t\t\t\t\t<\/div>\n\t\t<\/div>\n\t\t\t\t\t<\/div>\n\t\t<\/section>\n\t\t\t\t<section class=\"elementor-section elementor-inner-section elementor-element elementor-element-1c1d256e elementor-section-boxed elementor-section-height-default elementor-section-height-default\" data-id=\"1c1d256e\" data-element_type=\"section\" data-e-type=\"section\">\n\t\t\t\t\t\t<div class=\"elementor-container elementor-column-gap-default\">\n\t\t\t\t\t<div class=\"elementor-column elementor-col-50 elementor-inner-column elementor-element elementor-element-6a6975a6\" data-id=\"6a6975a6\" data-element_type=\"column\" data-e-type=\"column\">\n\t\t\t<div class=\"elementor-widget-wrap elementor-element-populated\">\n\t\t\t\t\t\t<div class=\"elementor-element elementor-element-3e6b533 elementor-widget elementor-widget-google_maps\" data-id=\"3e6b533\" data-element_type=\"widget\" data-e-type=\"widget\" data-widget_type=\"google_maps.default\">\n\t\t\t\t<div class=\"elementor-widget-container\">\n\t\t\t\t\t\t\t<div class=\"elementor-custom-embed\">\n\t\t\t<iframe loading=\"lazy\"\n\t\t\t\t\tsrc=\"https:\/\/maps.google.com\/maps?q=Alyv%C5%B3%20takas%204%2C%20Ma%C5%BEeikiai&#038;t=m&#038;z=16&#038;output=embed&#038;iwloc=near\"\n\t\t\t\t\ttitle=\"Alyv\u0173 takas 4, Ma\u017eeikiai\"\n\t\t\t\t\taria-label=\"Alyv\u0173 takas 4, Ma\u017eeikiai\"\n\t\t\t><\/iframe>\n\t\t<\/div>\n\t\t\t\t\t\t<\/div>\n\t\t\t\t<\/div>\n\t\t\t\t\t<\/div>\n\t\t<\/div>\n\t\t\t\t<div class=\"elementor-column elementor-col-50 elementor-inner-column elementor-element elementor-element-60a6127e\" data-id=\"60a6127e\" data-element_type=\"column\" data-e-type=\"column\">\n\t\t\t<div class=\"elementor-widget-wrap elementor-element-populated\">\n\t\t\t\t\t\t<div class=\"elementor-element elementor-element-23277eb5 elementor-widget elementor-widget-wpforms\" data-id=\"23277eb5\" data-element_type=\"widget\" data-e-type=\"widget\" data-widget_type=\"wpforms.default\">\n\t\t\t\t<div class=\"elementor-widget-container\">\n\t\t\t\t\t<div class=\"wpforms-container wpforms-container-full\" id=\"wpforms-10262\"><form id=\"wpforms-form-10262\" class=\"wpforms-validate wpforms-form wpforms-ajax-form\" data-formid=\"10262\" method=\"post\" enctype=\"multipart\/form-data\" action=\"\/lv\/wp-json\/wp\/v2\/pages\/42520\" data-token=\"1176af16e6fec01cd17af066f67bb477\" data-token-time=\"1778666239\"><noscript class=\"wpforms-error-noscript\">Please enable JavaScript in your browser to complete this form.<\/noscript><div class=\"wpforms-field-container\"><div id=\"wpforms-10262-field_0-container\" class=\"wpforms-field wpforms-field-name\" data-field-id=\"0\"><input type=\"text\" id=\"wpforms-10262-field_0\" class=\"wpforms-field-large wpforms-field-required\" name=\"wpforms[fields][0]\" placeholder=\"Nosaukums\" required><\/div><div id=\"wpforms-10262-field_3-container\" class=\"wpforms-field wpforms-field-number\" data-field-id=\"3\"><input type=\"number\" id=\"wpforms-10262-field_3\" class=\"wpforms-field-large\" name=\"wpforms[fields][3]\" placeholder=\"T\u0101lru\u0146a numurs\" step=\"any\" ><\/div><div id=\"wpforms-10262-field_1-container\" class=\"wpforms-field wpforms-field-email\" data-field-id=\"1\"><input type=\"email\" id=\"wpforms-10262-field_1\" class=\"wpforms-field-medium wpforms-field-required\" name=\"wpforms[fields][1]\" placeholder=\"E-pasts: \" spellcheck=\"false\" required><\/div><div id=\"wpforms-10262-field_2-container\" class=\"wpforms-field wpforms-field-textarea\" data-field-id=\"2\"><textarea id=\"wpforms-10262-field_2\" class=\"wpforms-field-medium\" name=\"wpforms[fields][2]\" placeholder=\"Zi\u0146ojums\" ><\/textarea><\/div><\/div><!-- .wpforms-field-container --><div class=\"wpforms-submit-container\" ><input type=\"hidden\" name=\"wpforms[id]\" value=\"10262\"><input type=\"hidden\" name=\"page_title\" value=\"\"><input type=\"hidden\" name=\"page_url\" value=\"https:\/\/carpe.lt\/lv\/wp-json\/wp\/v2\/pages\/42520\"><input type=\"hidden\" name=\"url_referer\" value=\"\"><button type=\"submit\" name=\"wpforms[submit]\" id=\"wpforms-submit-10262\" class=\"wpforms-submit\" data-alt-text=\"Nos\u016btot...\" data-submit-text=\"Sazinieties ar\" aria-live=\"assertive\" value=\"wpforms-submit\">Sazinieties ar<\/button><img decoding=\"async\" src=\"https:\/\/carpe.lt\/wp-content\/plugins\/wpforms-lite\/assets\/images\/submit-spin.svg\" class=\"wpforms-submit-spinner\" style=\"display: none;\" width=\"26\" height=\"26\" alt=\"Loading\"><\/div><\/form><\/div>  <!-- .wpforms-container -->\t\t\t\t<\/div>\n\t\t\t\t<\/div>\n\t\t\t\t\t<\/div>\n\t\t<\/div>\n\t\t\t\t\t<\/div>\n\t\t<\/section>\n\t\t\t\t\t<\/div>\n\t\t<\/div>\n\t\t\t\t\t<\/div>\n\t\t<\/section>\n\t\t\t\t<\/div>\n\t\t","protected":false},"excerpt":{"rendered":"<p>M\u016bsu pakalpojumi Par mums M\u016bsu uz\u0146\u0113mums UAB &#8220;Komentaras&#8221; past\u0101v jau gandr\u012bz 27 gadus! M\u0113s varam pied\u0101v\u0101t un izgatavot vair\u0101k nek\u0101 40 veidu un kr\u0101su m\u0101jas vai biroja pakl\u0101jus. Mums ir pla\u0161s PVC p\u0101rkl\u0101jumu kl\u0101sts. M\u0113s ra\u017eojam auto pakl\u0101ji\u0146us, un mums ir vair\u0101k nek\u0101 1000 mode\u013cu. M\u0113s pie\u0146emam ar\u012b \u012bpa\u0161us pas\u016bt\u012bjumus p\u0113c klienta v\u0113lm\u0113m, neatkar\u012bgi no [&hellip;]<\/p>\n","protected":false},"author":1,"featured_media":0,"parent":0,"menu_order":0,"comment_status":"closed","ping_status":"closed","template":"elementor_header_footer","meta":{"footnotes":""},"class_list":["post-42520","page","type-page","status-publish","hentry","entry","owp-thumbs-layout-horizontal","owp-btn-normal","owp-tabs-layout-horizontal","has-no-thumbnails","has-product-nav"],"yoast_head":"<!-- This site is optimized with the Yoast SEO plugin v27.1.1 - https:\/\/yoast.com\/product\/yoast-seo-wordpress\/ -->\n<title>\u0160\u016b\u0161ana auduma pakl\u0101ji - carpe.lt<\/title>\n<meta name=\"description\" content=\"M\u0113s pied\u0101v\u0101jam auduma pakl\u0101ji\u0146us visda\u017e\u0101d\u0101kajiem transportl\u012bdzek\u013ciem un daudz kam citam. M\u0113s varam izgatavot da\u017e\u0101du izm\u0113ru pakl\u0101jus.\" \/>\n<meta name=\"robots\" content=\"index, follow, max-snippet:-1, max-image-preview:large, max-video-preview:-1\" \/>\n<link rel=\"canonical\" href=\"https:\/\/carpe.lt\/lv\/pakalpojumi\/\" \/>\n<meta property=\"og:locale\" content=\"lv_LV\" \/>\n<meta property=\"og:type\" content=\"article\" \/>\n<meta property=\"og:title\" content=\"\u0160\u016b\u0161ana auduma pakl\u0101ji - carpe.lt\" \/>\n<meta property=\"og:description\" content=\"M\u0113s pied\u0101v\u0101jam auduma pakl\u0101ji\u0146us visda\u017e\u0101d\u0101kajiem transportl\u012bdzek\u013ciem un daudz kam citam. M\u0113s varam izgatavot da\u017e\u0101du izm\u0113ru pakl\u0101jus.\" \/>\n<meta property=\"og:url\" content=\"https:\/\/carpe.lt\/lv\/pakalpojumi\/\" \/>\n<meta property=\"og:site_name\" content=\"carpe.lt\" \/>\n<meta property=\"article:modified_time\" content=\"2024-09-11T09:47:44+00:00\" \/>\n<meta property=\"og:image\" content=\"https:\/\/carpe.lt\/wp-content\/uploads\/2022\/11\/DSC05620_result.webp\" \/>\n<meta name=\"twitter:card\" content=\"summary_large_image\" \/>\n<meta name=\"twitter:label1\" content=\"Est. reading time\" \/>\n\t<meta name=\"twitter:data1\" content=\"1 minute\" \/>\n<script type=\"application\/ld+json\" class=\"yoast-schema-graph\">{\"@context\":\"https:\/\/schema.org\",\"@graph\":[{\"@type\":\"WebPage\",\"@id\":\"https:\/\/carpe.lt\/lv\/pakalpojumi\/\",\"url\":\"https:\/\/carpe.lt\/lv\/pakalpojumi\/\",\"name\":\"\u0160\u016b\u0161ana auduma pakl\u0101ji - carpe.lt\",\"isPartOf\":{\"@id\":\"https:\/\/carpe.lt\/lv\/#website\"},\"primaryImageOfPage\":{\"@id\":\"https:\/\/carpe.lt\/lv\/pakalpojumi\/#primaryimage\"},\"image\":{\"@id\":\"https:\/\/carpe.lt\/lv\/pakalpojumi\/#primaryimage\"},\"thumbnailUrl\":\"https:\/\/carpe.lt\/wp-content\/uploads\/2022\/11\/DSC05620_result.webp\",\"datePublished\":\"2022-09-14T09:24:12+00:00\",\"dateModified\":\"2024-09-11T09:47:44+00:00\",\"description\":\"M\u0113s pied\u0101v\u0101jam auduma pakl\u0101ji\u0146us visda\u017e\u0101d\u0101kajiem transportl\u012bdzek\u013ciem un daudz kam citam. M\u0113s varam izgatavot da\u017e\u0101du izm\u0113ru pakl\u0101jus.\",\"breadcrumb\":{\"@id\":\"https:\/\/carpe.lt\/lv\/pakalpojumi\/#breadcrumb\"},\"inLanguage\":\"lv-LV\",\"potentialAction\":[{\"@type\":\"ReadAction\",\"target\":[\"https:\/\/carpe.lt\/lv\/pakalpojumi\/\"]}]},{\"@type\":\"ImageObject\",\"inLanguage\":\"lv-LV\",\"@id\":\"https:\/\/carpe.lt\/lv\/pakalpojumi\/#primaryimage\",\"url\":\"https:\/\/carpe.lt\/wp-content\/uploads\/2022\/11\/DSC05620_result.webp\",\"contentUrl\":\"https:\/\/carpe.lt\/wp-content\/uploads\/2022\/11\/DSC05620_result.webp\"},{\"@type\":\"BreadcrumbList\",\"@id\":\"https:\/\/carpe.lt\/lv\/pakalpojumi\/#breadcrumb\",\"itemListElement\":[{\"@type\":\"ListItem\",\"position\":1,\"name\":\"Home\",\"item\":\"https:\/\/carpe.lt\/lv\/sakums\/\"},{\"@type\":\"ListItem\",\"position\":2,\"name\":\"Pakalpojumi\"}]},{\"@type\":\"WebSite\",\"@id\":\"https:\/\/carpe.lt\/lv\/#website\",\"url\":\"https:\/\/carpe.lt\/lv\/\",\"name\":\"carpe.lt\",\"description\":\"Materi\u0101ls auto pakl\u0101ji\u0146i\",\"potentialAction\":[{\"@type\":\"SearchAction\",\"target\":{\"@type\":\"EntryPoint\",\"urlTemplate\":\"https:\/\/carpe.lt\/lv\/?s={search_term_string}\"},\"query-input\":{\"@type\":\"PropertyValueSpecification\",\"valueRequired\":true,\"valueName\":\"search_term_string\"}}],\"inLanguage\":\"lv-LV\"}]}<\/script>\n<!-- \/ Yoast SEO plugin. -->","yoast_head_json":{"title":"\u0160\u016b\u0161ana auduma pakl\u0101ji - carpe.lt","description":"M\u0113s pied\u0101v\u0101jam auduma pakl\u0101ji\u0146us visda\u017e\u0101d\u0101kajiem transportl\u012bdzek\u013ciem un daudz kam citam. M\u0113s varam izgatavot da\u017e\u0101du izm\u0113ru pakl\u0101jus.","robots":{"index":"index","follow":"follow","max-snippet":"max-snippet:-1","max-image-preview":"max-image-preview:large","max-video-preview":"max-video-preview:-1"},"canonical":"https:\/\/carpe.lt\/lv\/pakalpojumi\/","og_locale":"lv_LV","og_type":"article","og_title":"\u0160\u016b\u0161ana auduma pakl\u0101ji - carpe.lt","og_description":"M\u0113s pied\u0101v\u0101jam auduma pakl\u0101ji\u0146us visda\u017e\u0101d\u0101kajiem transportl\u012bdzek\u013ciem un daudz kam citam. M\u0113s varam izgatavot da\u017e\u0101du izm\u0113ru pakl\u0101jus.","og_url":"https:\/\/carpe.lt\/lv\/pakalpojumi\/","og_site_name":"carpe.lt","article_modified_time":"2024-09-11T09:47:44+00:00","og_image":[{"url":"https:\/\/carpe.lt\/wp-content\/uploads\/2022\/11\/DSC05620_result.webp","type":"","width":"","height":""}],"twitter_card":"summary_large_image","twitter_misc":{"Est. reading time":"1 minute"},"schema":{"@context":"https:\/\/schema.org","@graph":[{"@type":"WebPage","@id":"https:\/\/carpe.lt\/lv\/pakalpojumi\/","url":"https:\/\/carpe.lt\/lv\/pakalpojumi\/","name":"\u0160\u016b\u0161ana auduma pakl\u0101ji - carpe.lt","isPartOf":{"@id":"https:\/\/carpe.lt\/lv\/#website"},"primaryImageOfPage":{"@id":"https:\/\/carpe.lt\/lv\/pakalpojumi\/#primaryimage"},"image":{"@id":"https:\/\/carpe.lt\/lv\/pakalpojumi\/#primaryimage"},"thumbnailUrl":"https:\/\/carpe.lt\/wp-content\/uploads\/2022\/11\/DSC05620_result.webp","datePublished":"2022-09-14T09:24:12+00:00","dateModified":"2024-09-11T09:47:44+00:00","description":"M\u0113s pied\u0101v\u0101jam auduma pakl\u0101ji\u0146us visda\u017e\u0101d\u0101kajiem transportl\u012bdzek\u013ciem un daudz kam citam. M\u0113s varam izgatavot da\u017e\u0101du izm\u0113ru pakl\u0101jus.","breadcrumb":{"@id":"https:\/\/carpe.lt\/lv\/pakalpojumi\/#breadcrumb"},"inLanguage":"lv-LV","potentialAction":[{"@type":"ReadAction","target":["https:\/\/carpe.lt\/lv\/pakalpojumi\/"]}]},{"@type":"ImageObject","inLanguage":"lv-LV","@id":"https:\/\/carpe.lt\/lv\/pakalpojumi\/#primaryimage","url":"https:\/\/carpe.lt\/wp-content\/uploads\/2022\/11\/DSC05620_result.webp","contentUrl":"https:\/\/carpe.lt\/wp-content\/uploads\/2022\/11\/DSC05620_result.webp"},{"@type":"BreadcrumbList","@id":"https:\/\/carpe.lt\/lv\/pakalpojumi\/#breadcrumb","itemListElement":[{"@type":"ListItem","position":1,"name":"Home","item":"https:\/\/carpe.lt\/lv\/sakums\/"},{"@type":"ListItem","position":2,"name":"Pakalpojumi"}]},{"@type":"WebSite","@id":"https:\/\/carpe.lt\/lv\/#website","url":"https:\/\/carpe.lt\/lv\/","name":"carpe.lt","description":"Materi\u0101ls auto pakl\u0101ji\u0146i","potentialAction":[{"@type":"SearchAction","target":{"@type":"EntryPoint","urlTemplate":"https:\/\/carpe.lt\/lv\/?s={search_term_string}"},"query-input":{"@type":"PropertyValueSpecification","valueRequired":true,"valueName":"search_term_string"}}],"inLanguage":"lv-LV"}]}},"_links":{"self":[{"href":"https:\/\/carpe.lt\/lv\/wp-json\/wp\/v2\/pages\/42520","targetHints":{"allow":["GET"]}}],"collection":[{"href":"https:\/\/carpe.lt\/lv\/wp-json\/wp\/v2\/pages"}],"about":[{"href":"https:\/\/carpe.lt\/lv\/wp-json\/wp\/v2\/types\/page"}],"author":[{"embeddable":true,"href":"https:\/\/carpe.lt\/lv\/wp-json\/wp\/v2\/users\/1"}],"replies":[{"embeddable":true,"href":"https:\/\/carpe.lt\/lv\/wp-json\/wp\/v2\/comments?post=42520"}],"version-history":[{"count":3,"href":"https:\/\/carpe.lt\/lv\/wp-json\/wp\/v2\/pages\/42520\/revisions"}],"predecessor-version":[{"id":42541,"href":"https:\/\/carpe.lt\/lv\/wp-json\/wp\/v2\/pages\/42520\/revisions\/42541"}],"wp:attachment":[{"href":"https:\/\/carpe.lt\/lv\/wp-json\/wp\/v2\/media?parent=42520"}],"curies":[{"name":"wp","href":"https:\/\/api.w.org\/{rel}","templated":true}]}}