{"id":42513,"date":"2022-09-14T09:24:12","date_gmt":"2022-09-14T06:24:12","guid":{"rendered":"https:\/\/carpe.lt\/kontaktai\/"},"modified":"2024-09-11T09:43:27","modified_gmt":"2024-09-11T09:43:27","slug":"kontaktai","status":"publish","type":"page","link":"https:\/\/carpe.lt\/lv\/kontaktai\/","title":{"rendered":"Sazinieties ar"},"content":{"rendered":"\t\t<div data-elementor-type=\"wp-page\" data-elementor-id=\"42513\" class=\"elementor elementor-42513 elementor-16\" data-elementor-post-type=\"page\">\n\t\t\t\t\t\t<section class=\"elementor-section elementor-top-section elementor-element elementor-element-0b48f98 elementor-section-height-min-height elementor-section-boxed elementor-section-height-default elementor-section-items-middle\" data-id=\"0b48f98\" data-element_type=\"section\" data-e-type=\"section\" data-settings=\"{&quot;background_background&quot;:&quot;classic&quot;}\">\n\t\t\t\t\t\t\t<div class=\"elementor-background-overlay\"><\/div>\n\t\t\t\t\t\t\t<div class=\"elementor-container elementor-column-gap-default\">\n\t\t\t\t\t<div class=\"elementor-column elementor-col-100 elementor-top-column elementor-element elementor-element-5c6b847\" data-id=\"5c6b847\" data-element_type=\"column\" data-e-type=\"column\">\n\t\t\t<div class=\"elementor-widget-wrap elementor-element-populated\">\n\t\t\t\t\t\t<div class=\"elementor-element elementor-element-42b56ef9 elementor-widget elementor-widget-heading\" data-id=\"42b56ef9\" data-element_type=\"widget\" data-e-type=\"widget\" data-widget_type=\"heading.default\">\n\t\t\t\t<div class=\"elementor-widget-container\">\n\t\t\t\t\t<h2 class=\"elementor-heading-title elementor-size-default\">Sazinieties ar<\/h2>\t\t\t\t<\/div>\n\t\t\t\t<\/div>\n\t\t\t\t\t<\/div>\n\t\t<\/div>\n\t\t\t\t\t<\/div>\n\t\t<\/section>\n\t\t\t\t<section class=\"elementor-section elementor-top-section elementor-element elementor-element-6323275b elementor-section-boxed elementor-section-height-default elementor-section-height-default\" data-id=\"6323275b\" data-element_type=\"section\" data-e-type=\"section\">\n\t\t\t\t\t\t<div class=\"elementor-container elementor-column-gap-default\">\n\t\t\t\t\t<div class=\"elementor-column elementor-col-100 elementor-top-column elementor-element elementor-element-58522e8d\" data-id=\"58522e8d\" data-element_type=\"column\" data-e-type=\"column\">\n\t\t\t<div class=\"elementor-widget-wrap elementor-element-populated\">\n\t\t\t\t\t\t<section class=\"elementor-section elementor-inner-section elementor-element elementor-element-3e3b1d56 elementor-section-boxed elementor-section-height-default elementor-section-height-default\" data-id=\"3e3b1d56\" data-element_type=\"section\" data-e-type=\"section\">\n\t\t\t\t\t\t<div class=\"elementor-container elementor-column-gap-default\">\n\t\t\t\t\t<div class=\"elementor-column elementor-col-33 elementor-inner-column elementor-element elementor-element-2ad696ba\" data-id=\"2ad696ba\" data-element_type=\"column\" data-e-type=\"column\">\n\t\t\t<div class=\"elementor-widget-wrap elementor-element-populated\">\n\t\t\t\t\t\t<div class=\"elementor-element elementor-element-38027346 elementor-view-default elementor-widget elementor-widget-icon\" data-id=\"38027346\" data-element_type=\"widget\" data-e-type=\"widget\" data-widget_type=\"icon.default\">\n\t\t\t\t<div class=\"elementor-widget-container\">\n\t\t\t\t\t\t\t<div class=\"elementor-icon-wrapper\">\n\t\t\t<div class=\"elementor-icon\">\n\t\t\t<i aria-hidden=\"true\" class=\"fas fa-phone-alt\"><\/i>\t\t\t<\/div>\n\t\t<\/div>\n\t\t\t\t\t\t<\/div>\n\t\t\t\t<\/div>\n\t\t\t\t<div class=\"elementor-element elementor-element-1f872146 elementor-widget elementor-widget-heading\" data-id=\"1f872146\" data-element_type=\"widget\" data-e-type=\"widget\" data-widget_type=\"heading.default\">\n\t\t\t\t<div class=\"elementor-widget-container\">\n\t\t\t\t\t<h2 class=\"elementor-heading-title elementor-size-default\">T\u0101lru\u0146a numurs<\/h2>\t\t\t\t<\/div>\n\t\t\t\t<\/div>\n\t\t\t\t<div class=\"elementor-element elementor-element-33ab11be elementor-widget elementor-widget-heading\" data-id=\"33ab11be\" data-element_type=\"widget\" data-e-type=\"widget\" data-widget_type=\"heading.default\">\n\t\t\t\t<div class=\"elementor-widget-container\">\n\t\t\t\t\t<h2 class=\"elementor-heading-title elementor-size-default\"><a href=\"tel:+37062726409\">+37062726409<\/a><\/h2>\t\t\t\t<\/div>\n\t\t\t\t<\/div>\n\t\t\t\t\t<\/div>\n\t\t<\/div>\n\t\t\t\t<div class=\"elementor-column elementor-col-33 elementor-inner-column elementor-element elementor-element-6c0cfee\" data-id=\"6c0cfee\" data-element_type=\"column\" data-e-type=\"column\">\n\t\t\t<div class=\"elementor-widget-wrap elementor-element-populated\">\n\t\t\t\t\t\t<div class=\"elementor-element elementor-element-5d606fc3 elementor-view-default elementor-widget elementor-widget-icon\" data-id=\"5d606fc3\" data-element_type=\"widget\" data-e-type=\"widget\" data-widget_type=\"icon.default\">\n\t\t\t\t<div class=\"elementor-widget-container\">\n\t\t\t\t\t\t\t<div class=\"elementor-icon-wrapper\">\n\t\t\t<div class=\"elementor-icon\">\n\t\t\t<i aria-hidden=\"true\" class=\"fas fa-envelope\"><\/i>\t\t\t<\/div>\n\t\t<\/div>\n\t\t\t\t\t\t<\/div>\n\t\t\t\t<\/div>\n\t\t\t\t<div class=\"elementor-element elementor-element-6108ecbc elementor-widget elementor-widget-heading\" data-id=\"6108ecbc\" data-element_type=\"widget\" data-e-type=\"widget\" data-widget_type=\"heading.default\">\n\t\t\t\t<div class=\"elementor-widget-container\">\n\t\t\t\t\t<h2 class=\"elementor-heading-title elementor-size-default\">E-pasts<\/h2>\t\t\t\t<\/div>\n\t\t\t\t<\/div>\n\t\t\t\t<div class=\"elementor-element elementor-element-133ac1bc elementor-widget elementor-widget-heading\" data-id=\"133ac1bc\" data-element_type=\"widget\" data-e-type=\"widget\" data-widget_type=\"heading.default\">\n\t\t\t\t<div class=\"elementor-widget-container\">\n\t\t\t\t\t<h2 class=\"elementor-heading-title elementor-size-default\"><a href=\"mailto:info@carpe.lt\">info@carpe.lt<\/a><\/h2>\t\t\t\t<\/div>\n\t\t\t\t<\/div>\n\t\t\t\t\t<\/div>\n\t\t<\/div>\n\t\t\t\t<div class=\"elementor-column elementor-col-33 elementor-inner-column elementor-element elementor-element-26d7a41d\" data-id=\"26d7a41d\" data-element_type=\"column\" data-e-type=\"column\">\n\t\t\t<div class=\"elementor-widget-wrap elementor-element-populated\">\n\t\t\t\t\t\t<div class=\"elementor-element elementor-element-c7bcfa6 elementor-view-default elementor-widget elementor-widget-icon\" data-id=\"c7bcfa6\" data-element_type=\"widget\" data-e-type=\"widget\" data-widget_type=\"icon.default\">\n\t\t\t\t<div class=\"elementor-widget-container\">\n\t\t\t\t\t\t\t<div class=\"elementor-icon-wrapper\">\n\t\t\t<div class=\"elementor-icon\">\n\t\t\t<i aria-hidden=\"true\" class=\"fas fa-location-arrow\"><\/i>\t\t\t<\/div>\n\t\t<\/div>\n\t\t\t\t\t\t<\/div>\n\t\t\t\t<\/div>\n\t\t\t\t<div class=\"elementor-element elementor-element-37e2188 elementor-widget elementor-widget-heading\" data-id=\"37e2188\" data-element_type=\"widget\" data-e-type=\"widget\" data-widget_type=\"heading.default\">\n\t\t\t\t<div class=\"elementor-widget-container\">\n\t\t\t\t\t<h2 class=\"elementor-heading-title elementor-size-default\">Adrese<\/h2>\t\t\t\t<\/div>\n\t\t\t\t<\/div>\n\t\t\t\t<div class=\"elementor-element elementor-element-5c02aa6 elementor-widget elementor-widget-heading\" data-id=\"5c02aa6\" data-element_type=\"widget\" data-e-type=\"widget\" data-widget_type=\"heading.default\">\n\t\t\t\t<div class=\"elementor-widget-container\">\n\t\t\t\t\t<h2 class=\"elementor-heading-title elementor-size-default\">Alyv\u0173 takas 4, Ma\u017eei\u0137i<\/h2>\t\t\t\t<\/div>\n\t\t\t\t<\/div>\n\t\t\t\t\t<\/div>\n\t\t<\/div>\n\t\t\t\t\t<\/div>\n\t\t<\/section>\n\t\t\t\t<section class=\"elementor-section elementor-inner-section elementor-element elementor-element-3cefea7a elementor-section-boxed elementor-section-height-default elementor-section-height-default\" data-id=\"3cefea7a\" data-element_type=\"section\" data-e-type=\"section\">\n\t\t\t\t\t\t<div class=\"elementor-container elementor-column-gap-default\">\n\t\t\t\t\t<div class=\"elementor-column elementor-col-50 elementor-inner-column elementor-element elementor-element-4750a31f\" data-id=\"4750a31f\" data-element_type=\"column\" data-e-type=\"column\">\n\t\t\t<div class=\"elementor-widget-wrap elementor-element-populated\">\n\t\t\t\t\t\t<div class=\"elementor-element elementor-element-436d996b elementor-widget elementor-widget-google_maps\" data-id=\"436d996b\" data-element_type=\"widget\" data-e-type=\"widget\" data-widget_type=\"google_maps.default\">\n\t\t\t\t<div class=\"elementor-widget-container\">\n\t\t\t\t\t\t\t<div class=\"elementor-custom-embed\">\n\t\t\t<iframe loading=\"lazy\"\n\t\t\t\t\tsrc=\"https:\/\/maps.google.com\/maps?q=Alyv%C5%B3%20takas%204%2C%20Ma%C5%BEeikiai&#038;t=m&#038;z=16&#038;output=embed&#038;iwloc=near\"\n\t\t\t\t\ttitle=\"Alyv\u0173 takas 4, Ma\u017eeikiai\"\n\t\t\t\t\taria-label=\"Alyv\u0173 takas 4, Ma\u017eeikiai\"\n\t\t\t><\/iframe>\n\t\t<\/div>\n\t\t\t\t\t\t<\/div>\n\t\t\t\t<\/div>\n\t\t\t\t\t<\/div>\n\t\t<\/div>\n\t\t\t\t<div class=\"elementor-column elementor-col-50 elementor-inner-column elementor-element elementor-element-693208ba\" data-id=\"693208ba\" data-element_type=\"column\" data-e-type=\"column\">\n\t\t\t<div class=\"elementor-widget-wrap elementor-element-populated\">\n\t\t\t\t\t\t<div class=\"elementor-element elementor-element-336bca13 elementor-widget elementor-widget-wpforms\" data-id=\"336bca13\" data-element_type=\"widget\" data-e-type=\"widget\" data-widget_type=\"wpforms.default\">\n\t\t\t\t<div class=\"elementor-widget-container\">\n\t\t\t\t\t<div class=\"wpforms-container wpforms-container-full\" id=\"wpforms-10262\"><form id=\"wpforms-form-10262\" class=\"wpforms-validate wpforms-form wpforms-ajax-form\" data-formid=\"10262\" method=\"post\" enctype=\"multipart\/form-data\" action=\"\/lv\/wp-json\/wp\/v2\/pages\/42513\" data-token=\"1176af16e6fec01cd17af066f67bb477\" data-token-time=\"1778666239\"><noscript class=\"wpforms-error-noscript\">Please enable JavaScript in your browser to complete this form.<\/noscript><div class=\"wpforms-field-container\"><div id=\"wpforms-10262-field_0-container\" class=\"wpforms-field wpforms-field-name\" data-field-id=\"0\"><input type=\"text\" id=\"wpforms-10262-field_0\" class=\"wpforms-field-large wpforms-field-required\" name=\"wpforms[fields][0]\" placeholder=\"Nosaukums\" required><\/div><div id=\"wpforms-10262-field_3-container\" class=\"wpforms-field wpforms-field-number\" data-field-id=\"3\"><input type=\"number\" id=\"wpforms-10262-field_3\" class=\"wpforms-field-large\" name=\"wpforms[fields][3]\" placeholder=\"T\u0101lru\u0146a numurs\" step=\"any\" ><\/div><div id=\"wpforms-10262-field_1-container\" class=\"wpforms-field wpforms-field-email\" data-field-id=\"1\"><input type=\"email\" id=\"wpforms-10262-field_1\" class=\"wpforms-field-medium wpforms-field-required\" name=\"wpforms[fields][1]\" placeholder=\"E-pasts: \" spellcheck=\"false\" required><\/div><div id=\"wpforms-10262-field_2-container\" class=\"wpforms-field wpforms-field-textarea\" data-field-id=\"2\"><textarea id=\"wpforms-10262-field_2\" class=\"wpforms-field-medium\" name=\"wpforms[fields][2]\" placeholder=\"Zi\u0146ojums\" ><\/textarea><\/div><\/div><!-- .wpforms-field-container --><div class=\"wpforms-submit-container\" ><input type=\"hidden\" name=\"wpforms[id]\" value=\"10262\"><input type=\"hidden\" name=\"page_title\" value=\"\"><input type=\"hidden\" name=\"page_url\" value=\"https:\/\/carpe.lt\/lv\/wp-json\/wp\/v2\/pages\/42513\"><input type=\"hidden\" name=\"url_referer\" value=\"\"><button type=\"submit\" name=\"wpforms[submit]\" id=\"wpforms-submit-10262\" class=\"wpforms-submit\" data-alt-text=\"Nos\u016btot...\" data-submit-text=\"Sazinieties ar\" aria-live=\"assertive\" value=\"wpforms-submit\">Sazinieties ar<\/button><img decoding=\"async\" src=\"https:\/\/carpe.lt\/wp-content\/plugins\/wpforms-lite\/assets\/images\/submit-spin.svg\" class=\"wpforms-submit-spinner\" style=\"display: none;\" width=\"26\" height=\"26\" alt=\"Loading\"><\/div><\/form><\/div>  <!-- .wpforms-container -->\t\t\t\t<\/div>\n\t\t\t\t<\/div>\n\t\t\t\t\t<\/div>\n\t\t<\/div>\n\t\t\t\t\t<\/div>\n\t\t<\/section>\n\t\t\t\t\t<\/div>\n\t\t<\/div>\n\t\t\t\t\t<\/div>\n\t\t<\/section>\n\t\t\t\t<\/div>\n\t\t","protected":false},"excerpt":{"rendered":"<p>Sazinieties ar T\u0101lru\u0146a numurs +37062726409 E-pasts info@carpe.lt Adrese Alyv\u0173 takas 4, Ma\u017eei\u0137i Please enable JavaScript in your browser to complete this form. Si\u0173sti<\/p>\n","protected":false},"author":1,"featured_media":0,"parent":0,"menu_order":0,"comment_status":"closed","ping_status":"closed","template":"elementor_header_footer","meta":{"footnotes":""},"class_list":["post-42513","page","type-page","status-publish","hentry","entry","owp-thumbs-layout-horizontal","owp-btn-normal","owp-tabs-layout-horizontal","has-no-thumbnails","has-product-nav"],"yoast_head":"<!-- This site is optimized with the Yoast SEO plugin v27.1.1 - https:\/\/yoast.com\/product\/yoast-seo-wordpress\/ -->\n<title>Sazinieties ar - carpe.lt<\/title>\n<meta name=\"description\" content=\"T\u0101lru\u0146a numurs: +37062726409 | E-pasts: pa\u0161tasinfo@carpe.lt | Adrese: Ventos g. 23A, Ma\u017eei\u0137i | Materi\u0101lu auto pakl\u0101ji\u0146i\" \/>\n<meta name=\"robots\" content=\"index, follow, max-snippet:-1, max-image-preview:large, max-video-preview:-1\" \/>\n<link rel=\"canonical\" href=\"https:\/\/carpe.lt\/lv\/kontaktai\/\" \/>\n<meta property=\"og:locale\" content=\"lv_LV\" \/>\n<meta property=\"og:type\" content=\"article\" \/>\n<meta property=\"og:title\" content=\"Sazinieties ar - carpe.lt\" \/>\n<meta property=\"og:description\" content=\"T\u0101lru\u0146a numurs: +37062726409 | E-pasts: pa\u0161tasinfo@carpe.lt | Adrese: Ventos g. 23A, Ma\u017eei\u0137i | Materi\u0101lu auto pakl\u0101ji\u0146i\" \/>\n<meta property=\"og:url\" content=\"https:\/\/carpe.lt\/lv\/kontaktai\/\" \/>\n<meta property=\"og:site_name\" content=\"carpe.lt\" \/>\n<meta property=\"article:modified_time\" content=\"2024-09-11T09:43:27+00:00\" \/>\n<meta property=\"og:image\" content=\"https:\/\/carpe.lt\/wp-content\/plugins\/wpforms-lite\/assets\/images\/submit-spin.svg\" \/>\n<meta name=\"twitter:card\" content=\"summary_large_image\" \/>\n<script type=\"application\/ld+json\" class=\"yoast-schema-graph\">{\"@context\":\"https:\/\/schema.org\",\"@graph\":[{\"@type\":\"WebPage\",\"@id\":\"https:\/\/carpe.lt\/lv\/kontaktai\/\",\"url\":\"https:\/\/carpe.lt\/lv\/kontaktai\/\",\"name\":\"Sazinieties ar - carpe.lt\",\"isPartOf\":{\"@id\":\"https:\/\/carpe.lt\/lv\/#website\"},\"primaryImageOfPage\":{\"@id\":\"https:\/\/carpe.lt\/lv\/kontaktai\/#primaryimage\"},\"image\":{\"@id\":\"https:\/\/carpe.lt\/lv\/kontaktai\/#primaryimage\"},\"thumbnailUrl\":\"https:\/\/carpe.lt\/wp-content\/plugins\/wpforms-lite\/assets\/images\/submit-spin.svg\",\"datePublished\":\"2022-09-14T06:24:12+00:00\",\"dateModified\":\"2024-09-11T09:43:27+00:00\",\"description\":\"T\u0101lru\u0146a numurs: +37062726409 | E-pasts: pa\u0161tasinfo@carpe.lt | Adrese: Ventos g. 23A, Ma\u017eei\u0137i | Materi\u0101lu auto pakl\u0101ji\u0146i\",\"breadcrumb\":{\"@id\":\"https:\/\/carpe.lt\/lv\/kontaktai\/#breadcrumb\"},\"inLanguage\":\"lv-LV\",\"potentialAction\":[{\"@type\":\"ReadAction\",\"target\":[\"https:\/\/carpe.lt\/lv\/kontaktai\/\"]}]},{\"@type\":\"ImageObject\",\"inLanguage\":\"lv-LV\",\"@id\":\"https:\/\/carpe.lt\/lv\/kontaktai\/#primaryimage\",\"url\":\"https:\/\/carpe.lt\/wp-content\/plugins\/wpforms-lite\/assets\/images\/submit-spin.svg\",\"contentUrl\":\"https:\/\/carpe.lt\/wp-content\/plugins\/wpforms-lite\/assets\/images\/submit-spin.svg\"},{\"@type\":\"BreadcrumbList\",\"@id\":\"https:\/\/carpe.lt\/lv\/kontaktai\/#breadcrumb\",\"itemListElement\":[{\"@type\":\"ListItem\",\"position\":1,\"name\":\"Home\",\"item\":\"https:\/\/carpe.lt\/lv\/sakums\/\"},{\"@type\":\"ListItem\",\"position\":2,\"name\":\"Sazinieties ar\"}]},{\"@type\":\"WebSite\",\"@id\":\"https:\/\/carpe.lt\/lv\/#website\",\"url\":\"https:\/\/carpe.lt\/lv\/\",\"name\":\"carpe.lt\",\"description\":\"Materi\u0101ls auto pakl\u0101ji\u0146i\",\"potentialAction\":[{\"@type\":\"SearchAction\",\"target\":{\"@type\":\"EntryPoint\",\"urlTemplate\":\"https:\/\/carpe.lt\/lv\/?s={search_term_string}\"},\"query-input\":{\"@type\":\"PropertyValueSpecification\",\"valueRequired\":true,\"valueName\":\"search_term_string\"}}],\"inLanguage\":\"lv-LV\"}]}<\/script>\n<!-- \/ Yoast SEO plugin. -->","yoast_head_json":{"title":"Sazinieties ar - carpe.lt","description":"T\u0101lru\u0146a numurs: +37062726409 | E-pasts: pa\u0161tasinfo@carpe.lt | Adrese: Ventos g. 23A, Ma\u017eei\u0137i | Materi\u0101lu auto pakl\u0101ji\u0146i","robots":{"index":"index","follow":"follow","max-snippet":"max-snippet:-1","max-image-preview":"max-image-preview:large","max-video-preview":"max-video-preview:-1"},"canonical":"https:\/\/carpe.lt\/lv\/kontaktai\/","og_locale":"lv_LV","og_type":"article","og_title":"Sazinieties ar - carpe.lt","og_description":"T\u0101lru\u0146a numurs: +37062726409 | E-pasts: pa\u0161tasinfo@carpe.lt | Adrese: Ventos g. 23A, Ma\u017eei\u0137i | Materi\u0101lu auto pakl\u0101ji\u0146i","og_url":"https:\/\/carpe.lt\/lv\/kontaktai\/","og_site_name":"carpe.lt","article_modified_time":"2024-09-11T09:43:27+00:00","og_image":[{"url":"https:\/\/carpe.lt\/wp-content\/plugins\/wpforms-lite\/assets\/images\/submit-spin.svg","type":"","width":"","height":""}],"twitter_card":"summary_large_image","schema":{"@context":"https:\/\/schema.org","@graph":[{"@type":"WebPage","@id":"https:\/\/carpe.lt\/lv\/kontaktai\/","url":"https:\/\/carpe.lt\/lv\/kontaktai\/","name":"Sazinieties ar - carpe.lt","isPartOf":{"@id":"https:\/\/carpe.lt\/lv\/#website"},"primaryImageOfPage":{"@id":"https:\/\/carpe.lt\/lv\/kontaktai\/#primaryimage"},"image":{"@id":"https:\/\/carpe.lt\/lv\/kontaktai\/#primaryimage"},"thumbnailUrl":"https:\/\/carpe.lt\/wp-content\/plugins\/wpforms-lite\/assets\/images\/submit-spin.svg","datePublished":"2022-09-14T06:24:12+00:00","dateModified":"2024-09-11T09:43:27+00:00","description":"T\u0101lru\u0146a numurs: +37062726409 | E-pasts: pa\u0161tasinfo@carpe.lt | Adrese: Ventos g. 23A, Ma\u017eei\u0137i | Materi\u0101lu auto pakl\u0101ji\u0146i","breadcrumb":{"@id":"https:\/\/carpe.lt\/lv\/kontaktai\/#breadcrumb"},"inLanguage":"lv-LV","potentialAction":[{"@type":"ReadAction","target":["https:\/\/carpe.lt\/lv\/kontaktai\/"]}]},{"@type":"ImageObject","inLanguage":"lv-LV","@id":"https:\/\/carpe.lt\/lv\/kontaktai\/#primaryimage","url":"https:\/\/carpe.lt\/wp-content\/plugins\/wpforms-lite\/assets\/images\/submit-spin.svg","contentUrl":"https:\/\/carpe.lt\/wp-content\/plugins\/wpforms-lite\/assets\/images\/submit-spin.svg"},{"@type":"BreadcrumbList","@id":"https:\/\/carpe.lt\/lv\/kontaktai\/#breadcrumb","itemListElement":[{"@type":"ListItem","position":1,"name":"Home","item":"https:\/\/carpe.lt\/lv\/sakums\/"},{"@type":"ListItem","position":2,"name":"Sazinieties ar"}]},{"@type":"WebSite","@id":"https:\/\/carpe.lt\/lv\/#website","url":"https:\/\/carpe.lt\/lv\/","name":"carpe.lt","description":"Materi\u0101ls auto pakl\u0101ji\u0146i","potentialAction":[{"@type":"SearchAction","target":{"@type":"EntryPoint","urlTemplate":"https:\/\/carpe.lt\/lv\/?s={search_term_string}"},"query-input":{"@type":"PropertyValueSpecification","valueRequired":true,"valueName":"search_term_string"}}],"inLanguage":"lv-LV"}]}},"_links":{"self":[{"href":"https:\/\/carpe.lt\/lv\/wp-json\/wp\/v2\/pages\/42513","targetHints":{"allow":["GET"]}}],"collection":[{"href":"https:\/\/carpe.lt\/lv\/wp-json\/wp\/v2\/pages"}],"about":[{"href":"https:\/\/carpe.lt\/lv\/wp-json\/wp\/v2\/types\/page"}],"author":[{"embeddable":true,"href":"https:\/\/carpe.lt\/lv\/wp-json\/wp\/v2\/users\/1"}],"replies":[{"embeddable":true,"href":"https:\/\/carpe.lt\/lv\/wp-json\/wp\/v2\/comments?post=42513"}],"version-history":[{"count":3,"href":"https:\/\/carpe.lt\/lv\/wp-json\/wp\/v2\/pages\/42513\/revisions"}],"predecessor-version":[{"id":42532,"href":"https:\/\/carpe.lt\/lv\/wp-json\/wp\/v2\/pages\/42513\/revisions\/42532"}],"wp:attachment":[{"href":"https:\/\/carpe.lt\/lv\/wp-json\/wp\/v2\/media?parent=42513"}],"curies":[{"name":"wp","href":"https:\/\/api.w.org\/{rel}","templated":true}]}}