{"id":73563,"date":"2024-11-06T10:35:16","date_gmt":"2024-11-06T08:35:16","guid":{"rendered":"https:\/\/carpe.lt\/produktas\/carpe-harmony-touch-autode-nahast-istmekatted\/"},"modified":"2025-11-10T15:01:21","modified_gmt":"2025-11-10T13:01:21","slug":"carpe-harmony-touch-autode-nahast-istmekatted","status":"publish","type":"product","link":"https:\/\/carpe.lt\/et\/toode\/carpe-harmony-touch-autode-nahast-istmekatted\/","title":{"rendered":"CARPE HARMONY TOUCH &#8211; Autode nahast istmekatted"},"content":{"rendered":"<h2>Juhised<\/h2>\n<p class=\"responsive-video-wrap clr\"><iframe title=\"Carpe Sedynes uzvalkalai\/Carpe Seat Covers\" width=\"1200\" height=\"675\" src=\"https:\/\/www.youtube.com\/embed\/Sg3A-tP8PJo?feature=oembed\" frameborder=\"0\" allow=\"accelerometer; autoplay; clipboard-write; encrypted-media; gyroscope; picture-in-picture; web-share\" referrerpolicy=\"strict-origin-when-cross-origin\" allowfullscreen><\/iframe><\/p>\n<p>&#8220;Harmony Touch&#8221; on luksuslik \u00f6konahast slipcover neile, kes hindavad elegantsust ja pikaajalist kvaliteeti. Kvaliteetsest \u00f6konahast valmistatud katted annavad teie autole soliidse ja peene l\u00e4ike. Pehme puudutusega, ei loo need mitte ainult mugavustunnet, vaid aitavad ka anda auto sisustusele rafineeritud stiili. &#8220;Harmony Touch kollektsioon on keerulise maitse valik neile, kes hindavad luksust igap\u00e4evaelus.<\/p>\n<p><strong>Hooldus ja pikaealisus:<\/strong><br \/>\n&#8220;Harmony Touch&#8221; \u00f6konahast istmekatted on m\u00f5eldud pikaajaliseks kasutamiseks &#8211; isegi k\u00f5ige intensiivsema kasutuse korral s\u00e4ilitab juhiistme kvaliteet 3-5 aastat. \u00d6ko-nahk on vastupidav nii k\u00fclma kui ka kuumuse suhtes ning ei karda p\u00e4ikesevalgust, mist\u00f5ttu j\u00e4\u00e4b see ka \u00e4\u00e4rmuslikes ilmastikutingimustes suurep\u00e4rase v\u00e4ljan\u00e4gemisega. Kaaned on ka kemikaalikindlad ja neid saab puhastada mahedate pesuvahendite v\u00f5i \u00f6konahkade hooldusvahenditega. &#8220;Harmony Touch on elegantse, vastupidava ja lihtsa hooldusega, et teie auto n\u00e4eks hea v\u00e4lja.<\/p>\n<p><strong><span lang=\"LT\">Abik\u00f5lblikkus:<\/span><\/strong><span lang=\"LT\">  &#8220;Harmony kollektsiooni istmekatted on mitmek\u00fclgse disainiga, mis muudab need ideaalseks paljudele s\u00f5idukitele. Esiistmete katted sobivad peaaegu k\u00f5ikidele automudelitele, tagades lihtsa pealekandmise ja mugavuse. Tagumiste istmete katted sobivad ideaalselt s\u00f5iduautodele, eriti tagaistmete kokkuklapitavate tagaistmetega sedaanidele, samuti m\u00f5nedele maasturimudelitele.<\/span><\/p>\n<p><strong><span lang=\"LT\">M\u00e4rkus:<\/span><\/strong><span lang=\"LT\"> Need katted ei sobi kaubaveokitele, mille tagaistmed on kombineeritud kahekordseks istmekonfiguratsiooniks.<\/span><\/p>\n","protected":false},"excerpt":{"rendered":"<p><strong>Elegantsus, mis ei kao kunagi &#8211; olenemata ajast ja ilmast.<\/strong><br \/>\nLuksuslikud \u00f6konahast istmekatted, mis peavad vastu \u00e4\u00e4rmuslikes tingimustes &#8211; alates kuumast p\u00e4ikesest kuni k\u00fclma talveni. &#8220;Harmony Touch&#8221; mitte ainult ei kaunista, vaid ka teenib, andes autole ajatu rafineerituse.<\/p>\n","protected":false},"featured_media":73409,"comment_status":"open","ping_status":"closed","template":"","meta":[],"product_brand":[],"product_cat":[2887],"product_tag":[],"class_list":{"0":"post-73563","1":"product","2":"type-product","3":"status-publish","4":"has-post-thumbnail","6":"product_cat-istmekatted","7":"product_shipping_class-xl-et","9":"entry","10":"has-media","12":"first","13":"instock","14":"taxable","15":"shipping-taxable","16":"purchasable","17":"product-type-variable","18":"has-default-attributes","19":"has-product-nav","20":"col","21":"span_1_of_4","22":"owp-content-center","23":"owp-thumbs-layout-horizontal","24":"owp-btn-normal","25":"owp-tabs-layout-horizontal"},"yoast_head":"<!-- This site is optimized with the Yoast SEO plugin v27.1.1 - https:\/\/yoast.com\/product\/yoast-seo-wordpress\/ -->\n<title>CARPE HARMONY TOUCH - Autode nahast istmekatted - carpe.lt<\/title>\n<meta name=\"robots\" content=\"index, follow, max-snippet:-1, max-image-preview:large, max-video-preview:-1\" \/>\n<link rel=\"canonical\" href=\"https:\/\/carpe.lt\/et\/toode\/carpe-harmony-touch-autode-nahast-istmekatted\/\" \/>\n<meta property=\"og:locale\" content=\"et_EE\" \/>\n<meta property=\"og:type\" content=\"article\" \/>\n<meta property=\"og:title\" content=\"CARPE HARMONY TOUCH - Autode nahast istmekatted - carpe.lt\" \/>\n<meta property=\"og:description\" content=\"Elegantsus, mis ei kao kunagi - olenemata ajast ja ilmast. Luksuslikud \u00f6konahast istmekatted, mis peavad vastu \u00e4\u00e4rmuslikes tingimustes - alates kuumast p\u00e4ikesest kuni k\u00fclma talveni. &quot;Harmony Touch&quot; mitte ainult ei kaunista, vaid ka teenib, andes autole ajatu rafineerituse.\" \/>\n<meta property=\"og:url\" content=\"https:\/\/carpe.lt\/et\/toode\/carpe-harmony-touch-autode-nahast-istmekatted\/\" \/>\n<meta property=\"og:site_name\" content=\"carpe.lt\" \/>\n<meta property=\"article:modified_time\" content=\"2025-11-10T13:01:21+00:00\" \/>\n<meta property=\"og:image\" content=\"https:\/\/carpe.lt\/wp-content\/uploads\/2024\/11\/web-8_result.webp\" \/>\n\t<meta property=\"og:image:width\" content=\"1000\" \/>\n\t<meta property=\"og:image:height\" content=\"1000\" \/>\n\t<meta property=\"og:image:type\" content=\"image\/webp\" \/>\n<meta name=\"twitter:card\" content=\"summary_large_image\" \/>\n<meta name=\"twitter:label1\" content=\"Est. reading time\" \/>\n\t<meta name=\"twitter:data1\" content=\"1 minut\" \/>\n<script type=\"application\/ld+json\" class=\"yoast-schema-graph\">{\"@context\":\"https:\/\/schema.org\",\"@graph\":[{\"@type\":\"WebPage\",\"@id\":\"https:\/\/carpe.lt\/et\/toode\/carpe-harmony-touch-autode-nahast-istmekatted\/\",\"url\":\"https:\/\/carpe.lt\/et\/toode\/carpe-harmony-touch-autode-nahast-istmekatted\/\",\"name\":\"CARPE HARMONY TOUCH - Autode nahast istmekatted - carpe.lt\",\"isPartOf\":{\"@id\":\"https:\/\/carpe.lt\/et\/#website\"},\"primaryImageOfPage\":{\"@id\":\"https:\/\/carpe.lt\/et\/toode\/carpe-harmony-touch-autode-nahast-istmekatted\/#primaryimage\"},\"image\":{\"@id\":\"https:\/\/carpe.lt\/et\/toode\/carpe-harmony-touch-autode-nahast-istmekatted\/#primaryimage\"},\"thumbnailUrl\":\"https:\/\/carpe.lt\/wp-content\/uploads\/2024\/11\/web-8_result.webp\",\"datePublished\":\"2024-11-06T08:35:16+00:00\",\"dateModified\":\"2025-11-10T13:01:21+00:00\",\"breadcrumb\":{\"@id\":\"https:\/\/carpe.lt\/et\/toode\/carpe-harmony-touch-autode-nahast-istmekatted\/#breadcrumb\"},\"inLanguage\":\"et\",\"potentialAction\":[{\"@type\":\"ReadAction\",\"target\":[\"https:\/\/carpe.lt\/et\/toode\/carpe-harmony-touch-autode-nahast-istmekatted\/\"]}]},{\"@type\":\"ImageObject\",\"inLanguage\":\"et\",\"@id\":\"https:\/\/carpe.lt\/et\/toode\/carpe-harmony-touch-autode-nahast-istmekatted\/#primaryimage\",\"url\":\"https:\/\/carpe.lt\/wp-content\/uploads\/2024\/11\/web-8_result.webp\",\"contentUrl\":\"https:\/\/carpe.lt\/wp-content\/uploads\/2024\/11\/web-8_result.webp\",\"width\":1000,\"height\":1000},{\"@type\":\"BreadcrumbList\",\"@id\":\"https:\/\/carpe.lt\/et\/toode\/carpe-harmony-touch-autode-nahast-istmekatted\/#breadcrumb\",\"itemListElement\":[{\"@type\":\"ListItem\",\"position\":1,\"name\":\"Home\",\"item\":\"https:\/\/carpe.lt\/et\/kodu-2\/\"},{\"@type\":\"ListItem\",\"position\":2,\"name\":\"Parduotuv\u0117\",\"item\":\"https:\/\/carpe.lt\/parduotuve\/\"},{\"@type\":\"ListItem\",\"position\":3,\"name\":\"CARPE HARMONY TOUCH &#8211; Autode nahast istmekatted\"}]},{\"@type\":\"WebSite\",\"@id\":\"https:\/\/carpe.lt\/et\/#website\",\"url\":\"https:\/\/carpe.lt\/et\/\",\"name\":\"carpe.lt\",\"description\":\"Materiaalsed automattid\",\"potentialAction\":[{\"@type\":\"SearchAction\",\"target\":{\"@type\":\"EntryPoint\",\"urlTemplate\":\"https:\/\/carpe.lt\/et\/?s={search_term_string}\"},\"query-input\":{\"@type\":\"PropertyValueSpecification\",\"valueRequired\":true,\"valueName\":\"search_term_string\"}}],\"inLanguage\":\"et\"}]}<\/script>\n<!-- \/ Yoast SEO plugin. -->","yoast_head_json":{"title":"CARPE HARMONY TOUCH - Autode nahast istmekatted - carpe.lt","robots":{"index":"index","follow":"follow","max-snippet":"max-snippet:-1","max-image-preview":"max-image-preview:large","max-video-preview":"max-video-preview:-1"},"canonical":"https:\/\/carpe.lt\/et\/toode\/carpe-harmony-touch-autode-nahast-istmekatted\/","og_locale":"et_EE","og_type":"article","og_title":"CARPE HARMONY TOUCH - Autode nahast istmekatted - carpe.lt","og_description":"Elegantsus, mis ei kao kunagi - olenemata ajast ja ilmast. Luksuslikud \u00f6konahast istmekatted, mis peavad vastu \u00e4\u00e4rmuslikes tingimustes - alates kuumast p\u00e4ikesest kuni k\u00fclma talveni. \"Harmony Touch\" mitte ainult ei kaunista, vaid ka teenib, andes autole ajatu rafineerituse.","og_url":"https:\/\/carpe.lt\/et\/toode\/carpe-harmony-touch-autode-nahast-istmekatted\/","og_site_name":"carpe.lt","article_modified_time":"2025-11-10T13:01:21+00:00","og_image":[{"width":1000,"height":1000,"url":"https:\/\/carpe.lt\/wp-content\/uploads\/2024\/11\/web-8_result.webp","type":"image\/webp"}],"twitter_card":"summary_large_image","twitter_misc":{"Est. reading time":"1 minut"},"schema":{"@context":"https:\/\/schema.org","@graph":[{"@type":"WebPage","@id":"https:\/\/carpe.lt\/et\/toode\/carpe-harmony-touch-autode-nahast-istmekatted\/","url":"https:\/\/carpe.lt\/et\/toode\/carpe-harmony-touch-autode-nahast-istmekatted\/","name":"CARPE HARMONY TOUCH - Autode nahast istmekatted - carpe.lt","isPartOf":{"@id":"https:\/\/carpe.lt\/et\/#website"},"primaryImageOfPage":{"@id":"https:\/\/carpe.lt\/et\/toode\/carpe-harmony-touch-autode-nahast-istmekatted\/#primaryimage"},"image":{"@id":"https:\/\/carpe.lt\/et\/toode\/carpe-harmony-touch-autode-nahast-istmekatted\/#primaryimage"},"thumbnailUrl":"https:\/\/carpe.lt\/wp-content\/uploads\/2024\/11\/web-8_result.webp","datePublished":"2024-11-06T08:35:16+00:00","dateModified":"2025-11-10T13:01:21+00:00","breadcrumb":{"@id":"https:\/\/carpe.lt\/et\/toode\/carpe-harmony-touch-autode-nahast-istmekatted\/#breadcrumb"},"inLanguage":"et","potentialAction":[{"@type":"ReadAction","target":["https:\/\/carpe.lt\/et\/toode\/carpe-harmony-touch-autode-nahast-istmekatted\/"]}]},{"@type":"ImageObject","inLanguage":"et","@id":"https:\/\/carpe.lt\/et\/toode\/carpe-harmony-touch-autode-nahast-istmekatted\/#primaryimage","url":"https:\/\/carpe.lt\/wp-content\/uploads\/2024\/11\/web-8_result.webp","contentUrl":"https:\/\/carpe.lt\/wp-content\/uploads\/2024\/11\/web-8_result.webp","width":1000,"height":1000},{"@type":"BreadcrumbList","@id":"https:\/\/carpe.lt\/et\/toode\/carpe-harmony-touch-autode-nahast-istmekatted\/#breadcrumb","itemListElement":[{"@type":"ListItem","position":1,"name":"Home","item":"https:\/\/carpe.lt\/et\/kodu-2\/"},{"@type":"ListItem","position":2,"name":"Parduotuv\u0117","item":"https:\/\/carpe.lt\/parduotuve\/"},{"@type":"ListItem","position":3,"name":"CARPE HARMONY TOUCH &#8211; Autode nahast istmekatted"}]},{"@type":"WebSite","@id":"https:\/\/carpe.lt\/et\/#website","url":"https:\/\/carpe.lt\/et\/","name":"carpe.lt","description":"Materiaalsed automattid","potentialAction":[{"@type":"SearchAction","target":{"@type":"EntryPoint","urlTemplate":"https:\/\/carpe.lt\/et\/?s={search_term_string}"},"query-input":{"@type":"PropertyValueSpecification","valueRequired":true,"valueName":"search_term_string"}}],"inLanguage":"et"}]}},"_links":{"self":[{"href":"https:\/\/carpe.lt\/et\/wp-json\/wp\/v2\/product\/73563","targetHints":{"allow":["GET"]}}],"collection":[{"href":"https:\/\/carpe.lt\/et\/wp-json\/wp\/v2\/product"}],"about":[{"href":"https:\/\/carpe.lt\/et\/wp-json\/wp\/v2\/types\/product"}],"replies":[{"embeddable":true,"href":"https:\/\/carpe.lt\/et\/wp-json\/wp\/v2\/comments?post=73563"}],"wp:featuredmedia":[{"embeddable":true,"href":"https:\/\/carpe.lt\/et\/wp-json\/wp\/v2\/media\/73409"}],"wp:attachment":[{"href":"https:\/\/carpe.lt\/et\/wp-json\/wp\/v2\/media?parent=73563"}],"wp:term":[{"taxonomy":"product_brand","embeddable":true,"href":"https:\/\/carpe.lt\/et\/wp-json\/wp\/v2\/product_brand?post=73563"},{"taxonomy":"product_cat","embeddable":true,"href":"https:\/\/carpe.lt\/et\/wp-json\/wp\/v2\/product_cat?post=73563"},{"taxonomy":"product_tag","embeddable":true,"href":"https:\/\/carpe.lt\/et\/wp-json\/wp\/v2\/product_tag?post=73563"}],"curies":[{"name":"wp","href":"https:\/\/api.w.org\/{rel}","templated":true}]}}