{"id":73556,"date":"2024-11-06T10:04:07","date_gmt":"2024-11-06T08:04:07","guid":{"rendered":"https:\/\/carpe.lt\/produktas\/carpe-harmony-weave-materjalist-autoistmete-katted\/"},"modified":"2025-11-10T15:01:19","modified_gmt":"2025-11-10T13:01:19","slug":"carpe-harmony-weave-materjalist-autoistmete-katted","status":"publish","type":"product","link":"https:\/\/carpe.lt\/et\/toode\/carpe-harmony-weave-materjalist-autoistmete-katted\/","title":{"rendered":"CARPE HARMONY WEAVE &#8211; materjalist autoistmete katted"},"content":{"rendered":"<h2>Juhised<\/h2>\n<p class=\"responsive-video-wrap clr\"><iframe title=\"Carpe Sedynes uzvalkalai\/Carpe Seat Covers\" width=\"1200\" height=\"675\" src=\"https:\/\/www.youtube.com\/embed\/Sg3A-tP8PJo?feature=oembed\" frameborder=\"0\" allow=\"accelerometer; autoplay; clipboard-write; encrypted-media; gyroscope; picture-in-picture; web-share\" referrerpolicy=\"strict-origin-when-cross-origin\" allowfullscreen><\/iframe><\/p>\n<p>&#8220;Harmony Weave&#8221; on kangastest autoistmete kattekollektsioon, mis on m\u00f5eldud neile, kes otsivad laitmatut mugavust ja loomulikku ilu. Need katted ei ole mitte ainult pehmed ja meeldiva puudutusega, vaid sobituvad ka ideaalselt iga auto sisustusega, lisades soojust ja hubasust. Hingav materjal tagab kauakestva mugavuse ka pikkadel s\u00f5itudel, samas kui kanga peen muster annab autole klassikalise, kuid samas kaasaegse stiili.<\/p>\n<p><strong>Hooldus:<\/strong><br \/>\n&#8220;Harmony Weave&#8217;i katted on \u00e4\u00e4rmiselt vastupidavad ja kergesti hooldatavad. Nad ei karda keemilisi puhastusvahendeid, nii et v\u00f5ite julgelt puhastada isegi raskesti eemaldatavaid plekke. Kui katted kaotavad oma v\u00e4rskuse, saate neid lihtsalt pesumasinas pesta, ilma et peaksite muretsema kanga kvaliteedi p\u00e4rast. See kollektsioon mitte ainult ei n\u00e4e v\u00e4lja elegantne, vaid tagab ka lihtsa igap\u00e4evase hoolduse.<\/p>\n<p><strong><span lang=\"LT\">Abik\u00f5lblikkus:<\/span><\/strong><span lang=\"LT\">  &#8220;Harmony kollektsiooni istmekatted on mitmek\u00fclgse disainiga, mis muudab need ideaalseks paljudele s\u00f5idukitele. Esiistmete katted sobivad peaaegu k\u00f5ikidele automudelitele, tagades lihtsa pealekandmise ja mugavuse. Tagumiste istmete katted sobivad ideaalselt s\u00f5iduautodele, eriti tagaistmete kokkuklapitavate tagaistmetega sedaanidele, samuti m\u00f5nedele maasturimudelitele.<\/span><\/p>\n<p><strong><span lang=\"LT\">M\u00e4rkus:<\/span><\/strong><span lang=\"LT\"> Need katted ei sobi kaubaveokitele, mille tagaistmed on kombineeritud kahekordseks istmekonfiguratsiooniks.<\/span><\/p>\n","protected":false},"excerpt":{"rendered":"<p><strong>Hubane \u00f5hkkond, mis \u00fcmbritseb teid kohe, kui istute.<\/strong><br \/>\nLooge oma autosse hubane \u00f5hkkond kergesti hooldatavate, hingavate ja meeldiva puudutusega kangastega. &#8220;Harmony Weave&#8221; on t\u00f5eline mugavustunne, mis saadab teid igal sammul.<\/p>\n","protected":false},"featured_media":73395,"comment_status":"open","ping_status":"closed","template":"","meta":[],"product_brand":[],"product_cat":[2887],"product_tag":[],"class_list":{"0":"post-73556","1":"product","2":"type-product","3":"status-publish","4":"has-post-thumbnail","6":"product_cat-istmekatted","7":"product_shipping_class-xl-et","9":"entry","10":"has-media","12":"first","13":"instock","14":"taxable","15":"shipping-taxable","16":"purchasable","17":"product-type-variable","18":"has-default-attributes","19":"has-product-nav","20":"col","21":"span_1_of_4","22":"owp-content-center","23":"owp-thumbs-layout-horizontal","24":"owp-btn-normal","25":"owp-tabs-layout-horizontal"},"yoast_head":"<!-- This site is optimized with the Yoast SEO plugin v27.1.1 - https:\/\/yoast.com\/product\/yoast-seo-wordpress\/ -->\n<title>CARPE HARMONY WEAVE - materjalist autoistmete katted - carpe.lt<\/title>\n<meta name=\"robots\" content=\"index, follow, max-snippet:-1, max-image-preview:large, max-video-preview:-1\" \/>\n<link rel=\"canonical\" href=\"https:\/\/carpe.lt\/et\/toode\/carpe-harmony-weave-materjalist-autoistmete-katted\/\" \/>\n<meta property=\"og:locale\" content=\"et_EE\" \/>\n<meta property=\"og:type\" content=\"article\" \/>\n<meta property=\"og:title\" content=\"CARPE HARMONY WEAVE - materjalist autoistmete katted - carpe.lt\" \/>\n<meta property=\"og:description\" content=\"Hubane \u00f5hkkond, mis \u00fcmbritseb teid kohe, kui istute. Looge oma autosse hubane \u00f5hkkond kergesti hooldatavate, hingavate ja meeldiva puudutusega kangastega. &quot;Harmony Weave&quot; on t\u00f5eline mugavustunne, mis saadab teid igal sammul.\" \/>\n<meta property=\"og:url\" content=\"https:\/\/carpe.lt\/et\/toode\/carpe-harmony-weave-materjalist-autoistmete-katted\/\" \/>\n<meta property=\"og:site_name\" content=\"carpe.lt\" \/>\n<meta property=\"article:modified_time\" content=\"2025-11-10T13:01:19+00:00\" \/>\n<meta property=\"og:image\" content=\"https:\/\/carpe.lt\/wp-content\/uploads\/2024\/11\/web-13_result-1.webp\" \/>\n\t<meta property=\"og:image:width\" content=\"1000\" \/>\n\t<meta property=\"og:image:height\" content=\"1000\" \/>\n\t<meta property=\"og:image:type\" content=\"image\/webp\" \/>\n<meta name=\"twitter:card\" content=\"summary_large_image\" \/>\n<meta name=\"twitter:label1\" content=\"Est. reading time\" \/>\n\t<meta name=\"twitter:data1\" content=\"1 minut\" \/>\n<script type=\"application\/ld+json\" class=\"yoast-schema-graph\">{\"@context\":\"https:\/\/schema.org\",\"@graph\":[{\"@type\":\"WebPage\",\"@id\":\"https:\/\/carpe.lt\/et\/toode\/carpe-harmony-weave-materjalist-autoistmete-katted\/\",\"url\":\"https:\/\/carpe.lt\/et\/toode\/carpe-harmony-weave-materjalist-autoistmete-katted\/\",\"name\":\"CARPE HARMONY WEAVE - materjalist autoistmete katted - carpe.lt\",\"isPartOf\":{\"@id\":\"https:\/\/carpe.lt\/et\/#website\"},\"primaryImageOfPage\":{\"@id\":\"https:\/\/carpe.lt\/et\/toode\/carpe-harmony-weave-materjalist-autoistmete-katted\/#primaryimage\"},\"image\":{\"@id\":\"https:\/\/carpe.lt\/et\/toode\/carpe-harmony-weave-materjalist-autoistmete-katted\/#primaryimage\"},\"thumbnailUrl\":\"https:\/\/carpe.lt\/wp-content\/uploads\/2024\/11\/web-13_result-1.webp\",\"datePublished\":\"2024-11-06T08:04:07+00:00\",\"dateModified\":\"2025-11-10T13:01:19+00:00\",\"breadcrumb\":{\"@id\":\"https:\/\/carpe.lt\/et\/toode\/carpe-harmony-weave-materjalist-autoistmete-katted\/#breadcrumb\"},\"inLanguage\":\"et\",\"potentialAction\":[{\"@type\":\"ReadAction\",\"target\":[\"https:\/\/carpe.lt\/et\/toode\/carpe-harmony-weave-materjalist-autoistmete-katted\/\"]}]},{\"@type\":\"ImageObject\",\"inLanguage\":\"et\",\"@id\":\"https:\/\/carpe.lt\/et\/toode\/carpe-harmony-weave-materjalist-autoistmete-katted\/#primaryimage\",\"url\":\"https:\/\/carpe.lt\/wp-content\/uploads\/2024\/11\/web-13_result-1.webp\",\"contentUrl\":\"https:\/\/carpe.lt\/wp-content\/uploads\/2024\/11\/web-13_result-1.webp\",\"width\":1000,\"height\":1000},{\"@type\":\"BreadcrumbList\",\"@id\":\"https:\/\/carpe.lt\/et\/toode\/carpe-harmony-weave-materjalist-autoistmete-katted\/#breadcrumb\",\"itemListElement\":[{\"@type\":\"ListItem\",\"position\":1,\"name\":\"Home\",\"item\":\"https:\/\/carpe.lt\/et\/kodu-2\/\"},{\"@type\":\"ListItem\",\"position\":2,\"name\":\"Parduotuv\u0117\",\"item\":\"https:\/\/carpe.lt\/parduotuve\/\"},{\"@type\":\"ListItem\",\"position\":3,\"name\":\"CARPE HARMONY WEAVE &#8211; materjalist autoistmete katted\"}]},{\"@type\":\"WebSite\",\"@id\":\"https:\/\/carpe.lt\/et\/#website\",\"url\":\"https:\/\/carpe.lt\/et\/\",\"name\":\"carpe.lt\",\"description\":\"Materiaalsed automattid\",\"potentialAction\":[{\"@type\":\"SearchAction\",\"target\":{\"@type\":\"EntryPoint\",\"urlTemplate\":\"https:\/\/carpe.lt\/et\/?s={search_term_string}\"},\"query-input\":{\"@type\":\"PropertyValueSpecification\",\"valueRequired\":true,\"valueName\":\"search_term_string\"}}],\"inLanguage\":\"et\"}]}<\/script>\n<!-- \/ Yoast SEO plugin. -->","yoast_head_json":{"title":"CARPE HARMONY WEAVE - materjalist autoistmete katted - carpe.lt","robots":{"index":"index","follow":"follow","max-snippet":"max-snippet:-1","max-image-preview":"max-image-preview:large","max-video-preview":"max-video-preview:-1"},"canonical":"https:\/\/carpe.lt\/et\/toode\/carpe-harmony-weave-materjalist-autoistmete-katted\/","og_locale":"et_EE","og_type":"article","og_title":"CARPE HARMONY WEAVE - materjalist autoistmete katted - carpe.lt","og_description":"Hubane \u00f5hkkond, mis \u00fcmbritseb teid kohe, kui istute. Looge oma autosse hubane \u00f5hkkond kergesti hooldatavate, hingavate ja meeldiva puudutusega kangastega. \"Harmony Weave\" on t\u00f5eline mugavustunne, mis saadab teid igal sammul.","og_url":"https:\/\/carpe.lt\/et\/toode\/carpe-harmony-weave-materjalist-autoistmete-katted\/","og_site_name":"carpe.lt","article_modified_time":"2025-11-10T13:01:19+00:00","og_image":[{"width":1000,"height":1000,"url":"https:\/\/carpe.lt\/wp-content\/uploads\/2024\/11\/web-13_result-1.webp","type":"image\/webp"}],"twitter_card":"summary_large_image","twitter_misc":{"Est. reading time":"1 minut"},"schema":{"@context":"https:\/\/schema.org","@graph":[{"@type":"WebPage","@id":"https:\/\/carpe.lt\/et\/toode\/carpe-harmony-weave-materjalist-autoistmete-katted\/","url":"https:\/\/carpe.lt\/et\/toode\/carpe-harmony-weave-materjalist-autoistmete-katted\/","name":"CARPE HARMONY WEAVE - materjalist autoistmete katted - carpe.lt","isPartOf":{"@id":"https:\/\/carpe.lt\/et\/#website"},"primaryImageOfPage":{"@id":"https:\/\/carpe.lt\/et\/toode\/carpe-harmony-weave-materjalist-autoistmete-katted\/#primaryimage"},"image":{"@id":"https:\/\/carpe.lt\/et\/toode\/carpe-harmony-weave-materjalist-autoistmete-katted\/#primaryimage"},"thumbnailUrl":"https:\/\/carpe.lt\/wp-content\/uploads\/2024\/11\/web-13_result-1.webp","datePublished":"2024-11-06T08:04:07+00:00","dateModified":"2025-11-10T13:01:19+00:00","breadcrumb":{"@id":"https:\/\/carpe.lt\/et\/toode\/carpe-harmony-weave-materjalist-autoistmete-katted\/#breadcrumb"},"inLanguage":"et","potentialAction":[{"@type":"ReadAction","target":["https:\/\/carpe.lt\/et\/toode\/carpe-harmony-weave-materjalist-autoistmete-katted\/"]}]},{"@type":"ImageObject","inLanguage":"et","@id":"https:\/\/carpe.lt\/et\/toode\/carpe-harmony-weave-materjalist-autoistmete-katted\/#primaryimage","url":"https:\/\/carpe.lt\/wp-content\/uploads\/2024\/11\/web-13_result-1.webp","contentUrl":"https:\/\/carpe.lt\/wp-content\/uploads\/2024\/11\/web-13_result-1.webp","width":1000,"height":1000},{"@type":"BreadcrumbList","@id":"https:\/\/carpe.lt\/et\/toode\/carpe-harmony-weave-materjalist-autoistmete-katted\/#breadcrumb","itemListElement":[{"@type":"ListItem","position":1,"name":"Home","item":"https:\/\/carpe.lt\/et\/kodu-2\/"},{"@type":"ListItem","position":2,"name":"Parduotuv\u0117","item":"https:\/\/carpe.lt\/parduotuve\/"},{"@type":"ListItem","position":3,"name":"CARPE HARMONY WEAVE &#8211; materjalist autoistmete katted"}]},{"@type":"WebSite","@id":"https:\/\/carpe.lt\/et\/#website","url":"https:\/\/carpe.lt\/et\/","name":"carpe.lt","description":"Materiaalsed automattid","potentialAction":[{"@type":"SearchAction","target":{"@type":"EntryPoint","urlTemplate":"https:\/\/carpe.lt\/et\/?s={search_term_string}"},"query-input":{"@type":"PropertyValueSpecification","valueRequired":true,"valueName":"search_term_string"}}],"inLanguage":"et"}]}},"_links":{"self":[{"href":"https:\/\/carpe.lt\/et\/wp-json\/wp\/v2\/product\/73556","targetHints":{"allow":["GET"]}}],"collection":[{"href":"https:\/\/carpe.lt\/et\/wp-json\/wp\/v2\/product"}],"about":[{"href":"https:\/\/carpe.lt\/et\/wp-json\/wp\/v2\/types\/product"}],"replies":[{"embeddable":true,"href":"https:\/\/carpe.lt\/et\/wp-json\/wp\/v2\/comments?post=73556"}],"wp:featuredmedia":[{"embeddable":true,"href":"https:\/\/carpe.lt\/et\/wp-json\/wp\/v2\/media\/73395"}],"wp:attachment":[{"href":"https:\/\/carpe.lt\/et\/wp-json\/wp\/v2\/media?parent=73556"}],"wp:term":[{"taxonomy":"product_brand","embeddable":true,"href":"https:\/\/carpe.lt\/et\/wp-json\/wp\/v2\/product_brand?post=73556"},{"taxonomy":"product_cat","embeddable":true,"href":"https:\/\/carpe.lt\/et\/wp-json\/wp\/v2\/product_cat?post=73556"},{"taxonomy":"product_tag","embeddable":true,"href":"https:\/\/carpe.lt\/et\/wp-json\/wp\/v2\/product_tag?post=73556"}],"curies":[{"name":"wp","href":"https:\/\/api.w.org\/{rel}","templated":true}]}}