{"id":45064,"date":"2022-12-27T19:45:57","date_gmt":"2022-12-27T19:45:57","guid":{"rendered":"https:\/\/carpe.lt\/produktas\/materjali-auto-vaibad-citroen-c5-20082012\/"},"modified":"2022-12-27T19:45:57","modified_gmt":"2022-12-27T19:45:57","slug":"materjali-auto-vaibad-citroen-c5-20082012","status":"publish","type":"product","link":"https:\/\/carpe.lt\/et\/toode\/materjali-auto-vaibad-citroen-c5-20082012\/","title":{"rendered":"Materjali auto vaibad CITROEN C5 2008&gt;,2012&gt;"},"content":{"rendered":"","protected":false},"excerpt":{"rendered":"<p><strong>K\u00f5ik materjalist autode liugurid on valmistatud autotootja originaalvormide j\u00e4rgi.<\/strong><\/p>\n<p><strong>Uued vaibad annavad teie m\u00fc\u00fcgisaalile suurep\u00e4rase n\u00e4o.<\/strong><\/p>\n<p><strong>Lai valik katteid ja kaunistusi v\u00f5imaldab teil avada oma kujutlusv\u00f5ime ja v\u00e4rskendada oma auto interj\u00f6\u00f6ri vastavalt oma maitsele.<\/strong><\/p>\n<p><strong>Matid on varustatud lukustusseadmetega. Kinnitused on hinna sees.<\/strong><\/p>\n","protected":false},"featured_media":35302,"comment_status":"open","ping_status":"closed","template":"","meta":[],"product_brand":[],"product_cat":[1267],"product_tag":[1008],"class_list":{"0":"post-45064","1":"product","2":"type-product","3":"status-publish","4":"has-post-thumbnail","6":"product_cat-c5-et","7":"product_tag-tekstiilmatted","9":"entry","10":"has-media","12":"first","13":"instock","14":"taxable","15":"shipping-taxable","16":"purchasable","17":"product-type-variable","18":"has-product-nav","19":"col","20":"span_1_of_4","21":"owp-content-center","22":"owp-thumbs-layout-horizontal","23":"owp-btn-normal","24":"owp-tabs-layout-horizontal","25":"has-no-thumbnails"},"yoast_head":"<!-- This site is optimized with the Yoast SEO plugin v27.1.1 - https:\/\/yoast.com\/product\/yoast-seo-wordpress\/ -->\n<title>Materjali auto vaibad CITROEN C5 2008&gt;,2012&gt; - carpe.lt<\/title>\n<meta name=\"description\" content=\"Materjali auto vaibad CITROEN C5 2008&gt;,2012&gt; | K\u00f5ik materjalist autode liugurid vastavad autotootjate originaalvormidele.\" \/>\n<meta name=\"robots\" content=\"index, follow, max-snippet:-1, max-image-preview:large, max-video-preview:-1\" \/>\n<link rel=\"canonical\" href=\"https:\/\/carpe.lt\/et\/toode\/materjali-auto-vaibad-citroen-c5-20082012\/\" \/>\n<meta property=\"og:locale\" content=\"et_EE\" \/>\n<meta property=\"og:type\" content=\"article\" \/>\n<meta property=\"og:title\" content=\"Materjali auto vaibad CITROEN C5 2008&gt;,2012&gt; - carpe.lt\" \/>\n<meta property=\"og:description\" content=\"Materjali auto vaibad CITROEN C5 2008&gt;,2012&gt; | K\u00f5ik materjalist autode liugurid vastavad autotootjate originaalvormidele.\" \/>\n<meta property=\"og:url\" content=\"https:\/\/carpe.lt\/et\/toode\/materjali-auto-vaibad-citroen-c5-20082012\/\" \/>\n<meta property=\"og:site_name\" content=\"carpe.lt\" \/>\n<meta property=\"og:image\" content=\"https:\/\/carpe.lt\/wp-content\/uploads\/2023\/03\/Citroen-C5-2008-800-03.jpg\" \/>\n\t<meta property=\"og:image:width\" content=\"800\" \/>\n\t<meta property=\"og:image:height\" content=\"600\" \/>\n\t<meta property=\"og:image:type\" content=\"image\/jpeg\" \/>\n<meta name=\"twitter:card\" content=\"summary_large_image\" \/>\n<script type=\"application\/ld+json\" class=\"yoast-schema-graph\">{\"@context\":\"https:\/\/schema.org\",\"@graph\":[{\"@type\":\"WebPage\",\"@id\":\"https:\/\/carpe.lt\/et\/toode\/materjali-auto-vaibad-citroen-c5-20082012\/\",\"url\":\"https:\/\/carpe.lt\/et\/toode\/materjali-auto-vaibad-citroen-c5-20082012\/\",\"name\":\"Materjali auto vaibad CITROEN C5 2008&gt;,2012&gt; - carpe.lt\",\"isPartOf\":{\"@id\":\"https:\/\/carpe.lt\/et\/#website\"},\"primaryImageOfPage\":{\"@id\":\"https:\/\/carpe.lt\/et\/toode\/materjali-auto-vaibad-citroen-c5-20082012\/#primaryimage\"},\"image\":{\"@id\":\"https:\/\/carpe.lt\/et\/toode\/materjali-auto-vaibad-citroen-c5-20082012\/#primaryimage\"},\"thumbnailUrl\":\"https:\/\/carpe.lt\/wp-content\/uploads\/2023\/03\/Citroen-C5-2008-800-03.jpg\",\"datePublished\":\"2022-12-27T19:45:57+00:00\",\"description\":\"Materjali auto vaibad CITROEN C5 2008&gt;,2012&gt; | K\u00f5ik materjalist autode liugurid vastavad autotootjate originaalvormidele.\",\"breadcrumb\":{\"@id\":\"https:\/\/carpe.lt\/et\/toode\/materjali-auto-vaibad-citroen-c5-20082012\/#breadcrumb\"},\"inLanguage\":\"et\",\"potentialAction\":[{\"@type\":\"ReadAction\",\"target\":[\"https:\/\/carpe.lt\/et\/toode\/materjali-auto-vaibad-citroen-c5-20082012\/\"]}]},{\"@type\":\"ImageObject\",\"inLanguage\":\"et\",\"@id\":\"https:\/\/carpe.lt\/et\/toode\/materjali-auto-vaibad-citroen-c5-20082012\/#primaryimage\",\"url\":\"https:\/\/carpe.lt\/wp-content\/uploads\/2023\/03\/Citroen-C5-2008-800-03.jpg\",\"contentUrl\":\"https:\/\/carpe.lt\/wp-content\/uploads\/2023\/03\/Citroen-C5-2008-800-03.jpg\",\"width\":800,\"height\":600},{\"@type\":\"BreadcrumbList\",\"@id\":\"https:\/\/carpe.lt\/et\/toode\/materjali-auto-vaibad-citroen-c5-20082012\/#breadcrumb\",\"itemListElement\":[{\"@type\":\"ListItem\",\"position\":1,\"name\":\"Home\",\"item\":\"https:\/\/carpe.lt\/et\/kodu-2\/\"},{\"@type\":\"ListItem\",\"position\":2,\"name\":\"Parduotuv\u0117\",\"item\":\"https:\/\/carpe.lt\/parduotuve\/\"},{\"@type\":\"ListItem\",\"position\":3,\"name\":\"Materjali auto vaibad CITROEN C5 2008&gt;,2012&gt;\"}]},{\"@type\":\"WebSite\",\"@id\":\"https:\/\/carpe.lt\/et\/#website\",\"url\":\"https:\/\/carpe.lt\/et\/\",\"name\":\"carpe.lt\",\"description\":\"Materiaalsed automattid\",\"potentialAction\":[{\"@type\":\"SearchAction\",\"target\":{\"@type\":\"EntryPoint\",\"urlTemplate\":\"https:\/\/carpe.lt\/et\/?s={search_term_string}\"},\"query-input\":{\"@type\":\"PropertyValueSpecification\",\"valueRequired\":true,\"valueName\":\"search_term_string\"}}],\"inLanguage\":\"et\"}]}<\/script>\n<!-- \/ Yoast SEO plugin. -->","yoast_head_json":{"title":"Materjali auto vaibad CITROEN C5 2008&gt;,2012&gt; - carpe.lt","description":"Materjali auto vaibad CITROEN C5 2008&gt;,2012&gt; | K\u00f5ik materjalist autode liugurid vastavad autotootjate originaalvormidele.","robots":{"index":"index","follow":"follow","max-snippet":"max-snippet:-1","max-image-preview":"max-image-preview:large","max-video-preview":"max-video-preview:-1"},"canonical":"https:\/\/carpe.lt\/et\/toode\/materjali-auto-vaibad-citroen-c5-20082012\/","og_locale":"et_EE","og_type":"article","og_title":"Materjali auto vaibad CITROEN C5 2008&gt;,2012&gt; - carpe.lt","og_description":"Materjali auto vaibad CITROEN C5 2008&gt;,2012&gt; | K\u00f5ik materjalist autode liugurid vastavad autotootjate originaalvormidele.","og_url":"https:\/\/carpe.lt\/et\/toode\/materjali-auto-vaibad-citroen-c5-20082012\/","og_site_name":"carpe.lt","og_image":[{"width":800,"height":600,"url":"https:\/\/carpe.lt\/wp-content\/uploads\/2023\/03\/Citroen-C5-2008-800-03.jpg","type":"image\/jpeg"}],"twitter_card":"summary_large_image","schema":{"@context":"https:\/\/schema.org","@graph":[{"@type":"WebPage","@id":"https:\/\/carpe.lt\/et\/toode\/materjali-auto-vaibad-citroen-c5-20082012\/","url":"https:\/\/carpe.lt\/et\/toode\/materjali-auto-vaibad-citroen-c5-20082012\/","name":"Materjali auto vaibad CITROEN C5 2008&gt;,2012&gt; - carpe.lt","isPartOf":{"@id":"https:\/\/carpe.lt\/et\/#website"},"primaryImageOfPage":{"@id":"https:\/\/carpe.lt\/et\/toode\/materjali-auto-vaibad-citroen-c5-20082012\/#primaryimage"},"image":{"@id":"https:\/\/carpe.lt\/et\/toode\/materjali-auto-vaibad-citroen-c5-20082012\/#primaryimage"},"thumbnailUrl":"https:\/\/carpe.lt\/wp-content\/uploads\/2023\/03\/Citroen-C5-2008-800-03.jpg","datePublished":"2022-12-27T19:45:57+00:00","description":"Materjali auto vaibad CITROEN C5 2008&gt;,2012&gt; | K\u00f5ik materjalist autode liugurid vastavad autotootjate originaalvormidele.","breadcrumb":{"@id":"https:\/\/carpe.lt\/et\/toode\/materjali-auto-vaibad-citroen-c5-20082012\/#breadcrumb"},"inLanguage":"et","potentialAction":[{"@type":"ReadAction","target":["https:\/\/carpe.lt\/et\/toode\/materjali-auto-vaibad-citroen-c5-20082012\/"]}]},{"@type":"ImageObject","inLanguage":"et","@id":"https:\/\/carpe.lt\/et\/toode\/materjali-auto-vaibad-citroen-c5-20082012\/#primaryimage","url":"https:\/\/carpe.lt\/wp-content\/uploads\/2023\/03\/Citroen-C5-2008-800-03.jpg","contentUrl":"https:\/\/carpe.lt\/wp-content\/uploads\/2023\/03\/Citroen-C5-2008-800-03.jpg","width":800,"height":600},{"@type":"BreadcrumbList","@id":"https:\/\/carpe.lt\/et\/toode\/materjali-auto-vaibad-citroen-c5-20082012\/#breadcrumb","itemListElement":[{"@type":"ListItem","position":1,"name":"Home","item":"https:\/\/carpe.lt\/et\/kodu-2\/"},{"@type":"ListItem","position":2,"name":"Parduotuv\u0117","item":"https:\/\/carpe.lt\/parduotuve\/"},{"@type":"ListItem","position":3,"name":"Materjali auto vaibad CITROEN C5 2008&gt;,2012&gt;"}]},{"@type":"WebSite","@id":"https:\/\/carpe.lt\/et\/#website","url":"https:\/\/carpe.lt\/et\/","name":"carpe.lt","description":"Materiaalsed automattid","potentialAction":[{"@type":"SearchAction","target":{"@type":"EntryPoint","urlTemplate":"https:\/\/carpe.lt\/et\/?s={search_term_string}"},"query-input":{"@type":"PropertyValueSpecification","valueRequired":true,"valueName":"search_term_string"}}],"inLanguage":"et"}]}},"_links":{"self":[{"href":"https:\/\/carpe.lt\/et\/wp-json\/wp\/v2\/product\/45064","targetHints":{"allow":["GET"]}}],"collection":[{"href":"https:\/\/carpe.lt\/et\/wp-json\/wp\/v2\/product"}],"about":[{"href":"https:\/\/carpe.lt\/et\/wp-json\/wp\/v2\/types\/product"}],"replies":[{"embeddable":true,"href":"https:\/\/carpe.lt\/et\/wp-json\/wp\/v2\/comments?post=45064"}],"wp:featuredmedia":[{"embeddable":true,"href":"https:\/\/carpe.lt\/et\/wp-json\/wp\/v2\/media\/35302"}],"wp:attachment":[{"href":"https:\/\/carpe.lt\/et\/wp-json\/wp\/v2\/media?parent=45064"}],"wp:term":[{"taxonomy":"product_brand","embeddable":true,"href":"https:\/\/carpe.lt\/et\/wp-json\/wp\/v2\/product_brand?post=45064"},{"taxonomy":"product_cat","embeddable":true,"href":"https:\/\/carpe.lt\/et\/wp-json\/wp\/v2\/product_cat?post=45064"},{"taxonomy":"product_tag","embeddable":true,"href":"https:\/\/carpe.lt\/et\/wp-json\/wp\/v2\/product_tag?post=45064"}],"curies":[{"name":"wp","href":"https:\/\/api.w.org\/{rel}","templated":true}]}}