{"id":53368,"date":"2022-09-14T17:17:49","date_gmt":"2022-09-14T14:17:49","guid":{"rendered":"https:\/\/carpe.lt\/ostutingimused\/"},"modified":"2024-09-13T09:11:21","modified_gmt":"2024-09-13T09:11:21","slug":"ostutingimused","status":"publish","type":"page","link":"https:\/\/carpe.lt\/et\/ostutingimused\/","title":{"rendered":"Ostutingimused"},"content":{"rendered":"\t\t<div data-elementor-type=\"wp-page\" data-elementor-id=\"53368\" class=\"elementor elementor-53368 elementor-152\" data-elementor-post-type=\"page\">\n\t\t\t\t\t\t<section class=\"elementor-section elementor-top-section elementor-element elementor-element-7753ba1 elementor-section-boxed elementor-section-height-default elementor-section-height-default\" data-id=\"7753ba1\" data-element_type=\"section\" data-e-type=\"section\">\n\t\t\t\t\t\t<div class=\"elementor-container elementor-column-gap-default\">\n\t\t\t\t\t<div class=\"elementor-column elementor-col-100 elementor-top-column elementor-element elementor-element-5d9b13d\" data-id=\"5d9b13d\" data-element_type=\"column\" data-e-type=\"column\">\n\t\t\t<div class=\"elementor-widget-wrap elementor-element-populated\">\n\t\t\t\t\t\t<div class=\"elementor-element elementor-element-afd36ad elementor-widget elementor-widget-text-editor\" data-id=\"afd36ad\" data-element_type=\"widget\" data-e-type=\"widget\" data-widget_type=\"text-editor.default\">\n\t\t\t\t<div class=\"elementor-widget-container\">\n\t\t\t\t\t\t\t\t\t<section class=\"elementor-section elementor-top-section elementor-element elementor-element-bb2824e elementor-section-boxed elementor-section-height-default elementor-section-height-default\" data-id=\"bb2824e\" data-element_type=\"section\">\n<div class=\"elementor-container elementor-column-gap-default\">\n<div class=\"elementor-column elementor-col-100 elementor-top-column elementor-element elementor-element-898f5b4\" data-id=\"898f5b4\" data-element_type=\"column\">\n<div class=\"elementor-widget-wrap elementor-element-populated\">\n<div class=\"elementor-element elementor-element-a8bf563 elementor-widget elementor-widget-text-editor\" data-id=\"a8bf563\" data-element_type=\"widget\" data-widget_type=\"text-editor.default\">\n<div class=\"elementor-widget-container\">\n<p><strong>1. \u00dclds\u00e4tted<\/strong><strong>&nbsp;<\/strong><\/p>\n<p>1.1 K\u00e4esolevad kaupade ostu-m\u00fc\u00fcgitingimused (&#8220;Tingimused&#8221;) on siduv juriidiline dokument, milles s\u00e4testatakse meie (M\u00fc\u00fcja) ja teie (Ostja) \u00f5igused ja kohustused, kaupade ostutingimused, maksetingimused, kaupade \u00fcleandmise ja tagastamise kord, poolte vastutus ning muud kaupade ostu-m\u00fc\u00fcgiga seotud s\u00e4tted.<\/p>\n<p>1.2 Ostja kinnitab ostu sooritamisel m\u00e4rkeruutu m\u00e4rgistades, et ta on tutvunud k\u00e4esolevate tingimustega ja n\u00f5ustub nendega.<\/p>\n<p>1.3 M\u00fc\u00fcja j\u00e4tab endale \u00f5iguse muuta, muuta v\u00f5i t\u00e4iendada k\u00e4esolevaid tingimusi, et v\u00f5tta arvesse asjaolude ja\/v\u00f5i seaduslike n\u00f5uete muutumist.<\/p>\n<p><strong>2. Privaatsuspoliitika<\/strong><\/p>\n<p>2.1 Ostja isikuandmed carpe.lt e-mail. t\u00f6\u00f6deldakse vastavalt Leedu Vabariigi isikuandmete \u00f5igusliku kaitse seaduses ja isikuandmete kaitset reguleerivates ja kehtestavates \u00f5igusaktides s\u00e4testatud eeskirjadele.<\/p>\n<p>2.2 Kogu ostu k\u00e4igus esitatud isikuandmeid k\u00e4sitlevat teavet peetakse konfidentsiaalseks ja mitteavalikuks.<\/p>\n<p>2.3 Registreerudes ja kaupa tellides kohustub Ostja kaitsma ja mitte avaldama oma sisselogimisandmeid kellelegi. Samuti kinnitavad nad, et neil on vanuse j\u00e4rgi \u00f5igus tellida kaupu carpe.lt. kaupluses.<\/p>\n<p>2.4 carpe.lt kasutab k\u00fcpsiseid, et parandada teie sirvimiskogemuse kvaliteeti. K\u00fcpsiseid kasutatakse selleks, et kohandada veebisaidi sisu teie vajadustele. Meie veebilehte sirvides n\u00f5ustute k\u00fcpsiste paigutamisega teie arvutisse v\u00f5i muusse seadmesse. Te v\u00f5ite oma n\u00f5usoleku igal ajal tagasi v\u00f5tta, muutes oma brauseri seadeid ja kustutades salvestatud k\u00fcpsised. Lisateavet vt. jaotises K\u00fcpsiste kasutamine.<\/p>\n<p><strong>2.5 Kogu e-poes sisalduv teave on Carpe.lt omandis. Seda ei tohi kasutada \u00e4rilistel eesm\u00e4rkidel ilma meie kirjaliku n\u00f5usolekuta. Teavitamiseks v\u00f5i muul otstarbel kasutatavatel fotodel ja kirjalikel andmetel peavad olema kaasas omaniku, st Carpe.lt. varalised \u00f5igused.<\/strong><\/p>\n<p><strong>3. Garantii<\/strong><\/p>\n<p>3.1 K\u00f5ik Carpe.lt e-kirjad. kaupluses m\u00fc\u00fcdavad kaubad on originaalm\u00f5\u00f5dus.<\/p>\n<p>3.2 Kaupade v\u00e4rvus v\u00f5i kuju v\u00f5ib e-poes n\u00e4idatust veidi erineda. kaupluses t\u00e4nu infotehnoloogia kasutamisele.<\/p>\n<p>3.3 Kui seadusega on konkreetsele kaubale ette n\u00e4htud kasutusk\u00f5lblikkuse t\u00e4htaeg, kohustub M\u00fc\u00fcja m\u00fc\u00fcma sellise kauba Ostjale nii, et Ostjale antakse reaalne v\u00f5imalus seda kaupa enne kasutusk\u00f5lblikkuse t\u00e4htaja m\u00f6\u00f6dumist kasutada.<\/p>\n<p>3.4 M\u00fc\u00fcja kohustub teavitama Ostjat kauba suhteliselt l\u00fchikesest s\u00e4ilivusajast, andes kauba hinnaalandust ja m\u00e4rkides toote kirjelduses sellise s\u00e4ilivusaja l\u00f5ppemise.<\/p>\n<p>3.5 Esitatud fotol v\u00f5ib olla rohkem esemeid kui \u00fche eseme \u00fchikuhind.<\/p>\n<p>3.6 Kaubale kehtib tootja garantii v\u00f5i Leedu Vabariigi \u00f5igusaktides s\u00e4testatud garantii.<\/p>\n<p><strong>4. Ostja \u00f5igused ja kohustused<\/strong><\/p>\n<p>4.1 Ostjal on \u00f5igus osta kaupu Carpe.lt e-kaubanduse veebilehel. kaupluses vastavalt k\u00e4esolevatele eeskirjadele.<\/p>\n<p>4.2 Ostja vastutab t\u00e4ielikult registreerimisvormil esitatud andmete \u00f5igsuse eest. Kui Ostja ei esita registreerimisvormil t\u00e4pseid andmeid, ei vastuta M\u00fc\u00fcja sellest tulenevate tagaj\u00e4rgede eest.<\/p>\n<p>4.3 Ostja vastutab oma sisselogimisandmete edastamise eest kolmandatele isikutele. Kui Carpe.lt pakutavaid teenuseid kasutab kolmas isik, kes on sisse logitud kolmanda isiku e-posti aadressile. poodi, kasutades Kliendi sisselogimisandmeid, k\u00e4sitab M\u00fc\u00fcja seda isikut Kliendina.<\/p>\n<p>4.4 Ostjal on \u00f5igus saada teavet tema esitatud isikuandmete t\u00f6\u00f6tlemise kohta.<\/p>\n<p>4.5 Ostja maksab kauba eest ja v\u00f5tab selle vastu vastavalt k\u00e4esolevatele tingimustele.<\/p>\n<p>4.6 Ostjal on \u00f5igus tagastada kaup vastavalt k\u00e4esolevates tingimustes ja Leedu Vabariigi \u00f5igusaktides s\u00e4testatud tingimustele.<\/p>\n<p>4.7 Kui Ostja taganeb p\u00f5hjendamatult m\u00fc\u00fcgilepingust, vastutab Ostja k\u00f5igi otseste kulude eest, mis on seotud kauba tagastamisega M\u00fc\u00fcjale. M\u00fc\u00fcja kantud kulud arvatakse maha Ostjale tagastatava(te) Toote(te) eest makstud summast. Kui tasaarvestus ei kata M\u00fc\u00fcja n\u00f5uet t\u00e4ielikult, st kui M\u00fc\u00fcja kulud kauba tagastamiseks \u00fcletavad tagastatava(te) eseme(te) v\u00e4\u00e4rtust, kohustub Ostja tasuma M\u00fc\u00fcjale \u00fclej\u00e4\u00e4nud summa 15 (viieteistk\u00fcmne) p\u00e4eva jooksul.<\/p>\n<p>4.8 Kui Ostjal on t\u00e4iendavaid k\u00fcsimusi Kauba kohta, on Ostjal \u00f5igus saata Ostja e-posti aadressile. v\u00f5tta teabe t\u00e4psustamiseks \u00fchendust M\u00fc\u00fcjaga posti v\u00f5i telefoni teel.<\/p>\n<p><strong>&nbsp;<\/strong><strong>5. M\u00fc\u00fcja \u00f5igused ja kohustused<\/strong><\/p>\n<p>5.1 M\u00fc\u00fcja kohustub austama Ostja \u00f5igust eraelu puutumatusele talle kuuluvate isikuandmete suhtes, nagu on m\u00e4rgitud Ostja e-posti aadressil. kaupluse registreerimisvormil, v\u00e4lja arvatud Leedu Vabariigi seadustes ja &#8220;Isikuandmete kaitse eeskirjades&#8221; s\u00e4testatud juhtudel.<\/p>\n<p>5.2 M\u00fc\u00fcja kohustub tarnima Ostja poolt tellitud kaubad \u00fchel k\u00e4esolevates tingimustes s\u00e4testatud viisil, mille Ostja on ostu ajal valinud.<\/p>\n<p>5.3 M\u00fc\u00fcja ei vastuta kolmandate isikute, s.t pakiteenuste tegevuse eest ega selle eest, et M\u00fc\u00fcja ei t\u00e4ida oma kohustusi \u00f5igeaegselt, kuid teeb k\u00f5ik endast oleneva, et Ostja saaks tellitud kauba \u00f5igeaegselt ja n\u00f5uetekohaselt k\u00e4tte, kuid teeb k\u00f5ik endast oleneva, et Ostja saaks tellitud kauba \u00f5igeaegselt ja n\u00f5uetekohaselt k\u00e4tte.<\/p>\n<p>5.4 Kui M\u00fc\u00fcja ei saa olulistel p\u00f5hjustel Ostjale tellitud kaupa tarnida, kohustub M\u00fc\u00fcja pakkuma analoogset v\u00f5i v\u00f5imaluse korral sarnast toodet. Kui Ostja keeldub sarnase v\u00f5i sarnase toote vastuv\u00f5tmisest, kohustub M\u00fc\u00fcja tagastama Ostjale makstud raha 7 (seitsme) t\u00f6\u00f6p\u00e4eva jooksul, kui on tehtud ettemaks.<\/p>\n<p>5.5 M\u00fc\u00fcja on vabastatud igasugusest vastutusest, kui kahju on p\u00f5hjustatud sellest, et ostja ei ole k\u00e4esolevate tingimustega tutvunud, olenemata m\u00fc\u00fcja n\u00f5uannetest ja kohustustest, kui talle on antud selleks v\u00f5imalus.<\/p>\n<p>5.6 M\u00fc\u00fcja on igal juhul vabastatud vastutusest tarnet\u00e4htaegade rikkumise eest, kui kaup ei ole Ostjale \u00fcle antud v\u00f5i ei ole \u00f5igeaegselt \u00fcle antud Ostja s\u00fc\u00fc t\u00f5ttu v\u00f5i Ostjast mitteolenevate asjaolude t\u00f5ttu.<\/p>\n<p>5.7 Kui M\u00fc\u00fcja e-posti aadressi ei kasuta M\u00fc\u00fcja. pood sisaldab linke teiste ettev\u00f5tete, asutuste, organisatsioonide v\u00f5i isikute veebilehtedele, ei vastuta M\u00fc\u00fcja seal sisalduva teabe v\u00f5i tegevuse eest ning ei halda, kontrolli ega esinda selliseid ettev\u00f5tteid v\u00f5i isikuid.<\/p>\n<p>5.8 M\u00fc\u00fcja on vabastatud vastutusest v\u00e4\u00e4ramatu j\u00f5u v\u00f5i temast s\u00f5ltumatute p\u00f5hjuste tagaj\u00e4rgede eest, mida ta ei ole m\u00f5jutanud v\u00f5i ei saanud m\u00f5jutada.<\/p>\n<p><strong>6. Kaupade tagastamine<\/strong><\/p>\n<p>6.1 Te v\u00f5ite tagastada meile toiduks mittekasutatava kauba 14 kalendrip\u00e4eva jooksul alates kauba k\u00e4ttesaamisest, kui pakend ei ole kahjustatud v\u00f5i kaubak\u00f5lblik v\u00e4limus ei ole muul viisil halvenenud v\u00f5i kui kaupa ei ole kasutatud.&nbsp;Sellisel juhul tagastame teile makstud summa, v\u00e4lja arvatud tarne- ja \u00fclekandekulud, kui need on olemas.<\/p>\n<p>6.2 Kui olete saanud vigase toote, peate meid sellest teavitama 48 tunni jooksul. alates e-kirja k\u00e4ttesaamise kuup\u00e4evast. e-posti teel aadressil <a href=\"mailto:info@carpe.lt\"><strong>info@carpe.lt<\/strong><\/a>. Teatises tuleb kirjeldada olukorda ja lisada fotod v\u00f5i video saadud kaubast. &nbsp;Kui selle aja jooksul ei ole teatatud, loetakse, et ostja on kaubaga rahul ja tal ei ole alust hilisemateks pretensioonideks. Me kohustume asendama defektse kauba kvaliteetse kaubaga ja kui me ei saa seda teha, siis asendame selle sama kaubaga v\u00f5i tagastame selle eest makstud raha. Sellisel juhul tasume me saatmis- ja \u00fclekandekulud.<\/p>\n<p>6.3 Kui oleme kauba k\u00e4tte saanud ja selle seisukorda hinnanud, tagastame vastava summa 10 t\u00f6\u00f6p\u00e4eva jooksul.<\/p>\n<p>6.4 Kui kaup osutub seisukorra hindamise ajal vigaseks v\u00f5i defektseks, tasume me tarnekulud.<\/p>\n<p>6.5 V\u00f5ite taotleda tagasimakseid e-posti teel. e-posti teel aadressil <strong><a href=\"mailto:info@carpe.lt\">info@carpe.lt<\/a><\/strong>&nbsp;saates vabas vormis taotluse koos n\u00f5utavate andmetega (Nimi, perekonnanimi, telefoninumber, tellimuse number, tagastatava toote nimi, kood ja hind, tagastamise p\u00f5hjus, pangakonto number).<\/p>\n<p><strong>7. L\u00f5pps\u00e4tted<\/strong><\/p>\n<p>7.1 K\u00e4esolevad eeskirjad on koostatud koosk\u00f5las Leedu Vabariigi \u00f5igusaktidega.<\/p>\n<p>7.2 K\u00f5ik k\u00e4esoleva eeskirja kohaldamisest tulenevad erimeelsused lahendatakse l\u00e4bir\u00e4\u00e4kimiste teel. Kui kokkulepet ei saavutata, lahendatakse vaidlused Leedu Vabariigi seadustega kehtestatud korras.<\/p>\n<\/div>\n<\/div>\n<\/div>\n<\/div>\n<\/div>\n<\/section>\n<section class=\"elementor-section elementor-top-section elementor-element elementor-element-80817bb elementor-section-boxed elementor-section-height-default elementor-section-height-default\" data-id=\"80817bb\" data-element_type=\"section\">\n<div class=\"elementor-container elementor-column-gap-default\">\n<div class=\"elementor-column elementor-col-100 elementor-top-column elementor-element elementor-element-8acd7f6\" data-id=\"8acd7f6\" data-element_type=\"column\">\n<div class=\"elementor-widget-wrap elementor-element-populated\">\n<div class=\"elementor-element elementor-element-7e586cd elementor-widget elementor-widget-heading\" data-id=\"7e586cd\" data-element_type=\"widget\" data-widget_type=\"heading.default\">\n<div class=\"elementor-widget-container\">\n<h2 class=\"elementor-heading-title elementor-size-default\">2. Kuidas osta?<\/h2>\n<\/div>\n<\/div>\n<div class=\"elementor-element elementor-element-e0c3e21 elementor-widget elementor-widget-text-editor\" data-id=\"e0c3e21\" data-element_type=\"widget\" data-widget_type=\"text-editor.default\">\n<div class=\"elementor-widget-container\">\n<p>1) P\u00e4rast soovitud toote valimist sisestage soovitud kogus ja kl\u00f5psake &#8220;Lisa ostukorvi&#8221;. Tellimuse vaatamiseks kl\u00f5psake ikoonil &#8220;Korv&#8221; ja &#8220;Korv&#8221;, ostmiseks kl\u00f5psake &#8220;Kassasse&#8221;. Kontrollige, kas lisatud tooted ja kogused vastavad teie soovitud kogustele &#8211; kui ei vasta, kohandage koguseid ja teie ostukorv uuendatakse m\u00f5ne sekundi jooksul. Kui soovite kirje kustutada, sisestage kogus &#8220;0&#8221;. Kui soovite oma ostukorvist k\u00f5ik tooted kustutada, kl\u00f5psake nuppu &#8220;T\u00fchjenda ostukorv&#8221;.  &nbsp;<\/p>\n<p>2) Valige oma tarneviis (mida saab valida\/muuta ka tarne osas hilisemates sammudes).<\/p>\n<p>&nbsp;3) Kui olete toimetamise l\u00f5petanud, kl\u00f5psake &#8220;J\u00e4tka maksmist&#8221; aadressil .&nbsp;<\/p>\n<p>4) Valige, kuidas soovite oma kaupu osta:<\/p>\n<p>&#8211; Kui olete juba registreeritud, on teie &#8220;Maksja andmed&#8221; juba t\u00e4idetud. Seej\u00e4rel valige tarne- ja makseviis.&nbsp;<\/p>\n<p>&nbsp;&#8211; Kui teil ei ole veel meie poes kontot, siis m\u00e4rgistage palun &#8220;Registreeri&#8221; ja t\u00e4itke allpool olevad v\u00e4ljad.<\/p>\n<p>&#8211; Kui soovite osta ilma registreerumata, m\u00e4rgistage &#8220;Osta v\u00f5rgu\u00fchenduseta&#8221;.<\/p>\n<p><b><u>&nbsp;O<u>luline<\/u>!<\/u>Kui k\u00e4ibemaksuga arve tuleb v\u00e4ljastada ettev\u00f5tte nimele, valige tellimuse vormistamise k\u00e4igus &#8220;Ostev ettev\u00f5te&#8221; ja t\u00e4itke ettev\u00f5tete v\u00e4ljad: CODE &#8211; n\u00f5utav, VAT m\/f &#8211; n\u00f5utav, kui olete k\u00e4ibemaksukohustuslane).<b><\/b><\/b><\/p>\n<p><b><u>Oluline!<\/u>&nbsp;<\/b>&nbsp;&nbsp;Kui olete f\u00fc\u00fcsiline isik, kes peab f\u00fc\u00fcsilisest isikust ettev\u00f5tet, sisestage palun v\u00e4li &#8220;Ettev\u00f5tte kood&#8221; v\u00f5i j\u00e4tke see t\u00fchjaks.<\/p>\n<p><u><b>T\u00e4helepanu<\/b><\/u>! K\u00e4ibemaksuarvele ei m\u00e4rgita individuaalse tegevuse sertifikaadi numbrit.<\/p>\n<p>&nbsp;5) Palun m\u00e4rkige, millist tarneviisi te eelistate.<\/p>\n<p>&nbsp; 6) Kui on lisateavet, mida me peaksime teadma, v\u00f5i kui teil on kommentaare v\u00f5i ettepanekuid, palun sisestage need &#8220;Kommentaarid ja ettepanekud&#8221; lahtrisse aadressil .<\/p>\n<p>7) Valige teile sobiv makseviis.<\/p>\n<p>8) Kinnitage oma tellimus p\u00e4rast ostutingimuste lugemist.<\/p>\n<p>9) Tellimusteave saadetakse teie esitatud e-posti aadressile. j\u00e4rgmisele postiaadressile.<\/p>\n<p><b><u>&nbsp;S<u>oovitame teil registreerida konto aadressil<\/u><\/u>Luues konto, saate teha oste kiiremini ja mugavamalt, j\u00e4lgida oma tellimuste staatust ja j\u00e4lgida k\u00f5igi oma tellimuste ajalugu.<b><\/b><\/b>&nbsp;<\/p>\n<\/div>\n<\/div>\n<\/div>\n<\/div>\n<\/div>\n<\/section>\n<section class=\"elementor-section elementor-top-section elementor-element elementor-element-5792758 elementor-section-boxed elementor-section-height-default elementor-section-height-default\" data-id=\"5792758\" data-element_type=\"section\">\n<div class=\"elementor-container elementor-column-gap-default\">\n<div class=\"elementor-column elementor-col-100 elementor-top-column elementor-element elementor-element-da63f33\" data-id=\"da63f33\" data-element_type=\"column\">\n<div class=\"elementor-widget-wrap elementor-element-populated\">\n<div class=\"elementor-element elementor-element-5367561 elementor-widget elementor-widget-heading\" data-id=\"5367561\" data-element_type=\"widget\" data-widget_type=\"heading.default\">\n<div class=\"elementor-widget-container\">\n<h2 class=\"elementor-heading-title elementor-size-default\">3. Makseviisid<\/h2>\n<\/div>\n<\/div>\n<div class=\"elementor-element elementor-element-705ed8d elementor-widget elementor-widget-text-editor\" data-id=\"705ed8d\" data-element_type=\"widget\" data-widget_type=\"text-editor.default\">\n<div class=\"elementor-widget-container\">\n<ul>\n<li>Maksmine toimub e-posti teel. Pangandus Montoni s\u00fcsteemi kaudu.<\/li>\n<li>P\u00e4rast klahvi &#8221; J\u00e4tka maksmist&#8221; valige pank, kust te makse sooritate. J\u00e4rgige allpool esitatud teavet ja samme, et edasi liikuda.<\/li>\n<li>Kui kauba eest ei ole tasutud 24 tunni jooksul. broneering t\u00fchistatakse.&nbsp;<\/li>\n<\/ul>\n<\/div>\n<\/div>\n<\/div>\n<\/div>\n<\/div>\n<\/section>\n<section class=\"elementor-section elementor-top-section elementor-element elementor-element-4831cba elementor-section-boxed elementor-section-height-default elementor-section-height-default\" data-id=\"4831cba\" data-element_type=\"section\">\n<div class=\"elementor-container elementor-column-gap-default\">\n<div class=\"elementor-column elementor-col-100 elementor-top-column elementor-element elementor-element-6f64c9e\" data-id=\"6f64c9e\" data-element_type=\"column\">\n<div class=\"elementor-widget-wrap elementor-element-populated\">\n<div class=\"elementor-element elementor-element-a3693a3 elementor-widget elementor-widget-heading\" data-id=\"a3693a3\" data-element_type=\"widget\" data-widget_type=\"heading.default\">\n<div class=\"elementor-widget-container\">\n<h2 class=\"elementor-heading-title elementor-size-default\">4. Kohaletoimetamine ja kogumine<\/h2>\n<\/div>\n<\/div>\n<div class=\"elementor-element elementor-element-2c489cd elementor-widget elementor-widget-text-editor\" data-id=\"2c489cd\" data-element_type=\"widget\" data-widget_type=\"text-editor.default\">\n<div class=\"elementor-widget-container\">\n<ul>\n<li>\n<p><strong>Tarne- ja kogumistingimused<\/strong><\/p>\n<ul>\n<li>Kaup saadetakse v\u00e4lja samal t\u00f6\u00f6p\u00e4eval p\u00e4rast tellimuse makse laekumist v\u00f5i j\u00e4rgmisel t\u00f6\u00f6p\u00e4eval, kui makse laekub p\u00e4rast kella 17:00.<\/li>\n<li>Kaup tarnitakse Ostja valitud viisil.<\/li>\n<\/ul>\n<ul>\n<\/ul>\n<p>&nbsp;M<b>\u00c4RKUS:<\/b> K\u00f5ikidel juhtudel v\u00f5ivad tarneajad erineda s\u00f5ltuvalt hooajalisusest, mis m\u00f5jutab veoteenuste k\u00e4ttesaadavust ja meie enda k\u00e4ttesaadavust, samuti etten\u00e4gematutest asjaoludest (v\u00e4\u00e4ramatu j\u00f5ud), mis ei ole meie kontrolli all ega allu meie kontrollile.<\/p>\n<\/li>\n<\/ul>\n<\/div>\n<\/div>\n<div class=\"elementor-element elementor-element-ec8f845 elementor-widget elementor-widget-heading\" data-id=\"ec8f845\" data-element_type=\"widget\" data-widget_type=\"heading.default\">\n<div class=\"elementor-widget-container\">&nbsp;<\/div>\n<\/div>\n<div class=\"elementor-element elementor-element-eab933c elementor-widget elementor-widget-text-editor\" data-id=\"eab933c\" data-element_type=\"widget\" data-widget_type=\"text-editor.default\">&nbsp;<\/div>\n<\/div>\n<\/div>\n<\/div>\n<\/section>\t\t\t\t\t\t\t\t<\/div>\n\t\t\t\t<\/div>\n\t\t\t\t\t<\/div>\n\t\t<\/div>\n\t\t\t\t\t<\/div>\n\t\t<\/section>\n\t\t\t\t<\/div>\n\t\t","protected":false},"excerpt":{"rendered":"<p>1. \u00dclds\u00e4tted&nbsp; 1.1 K\u00e4esolevad kaupade ostu-m\u00fc\u00fcgitingimused (&#8220;Tingimused&#8221;) on siduv juriidiline dokument, milles s\u00e4testatakse meie (M\u00fc\u00fcja) ja teie (Ostja) \u00f5igused ja kohustused, kaupade ostutingimused, maksetingimused, kaupade \u00fcleandmise ja tagastamise kord, poolte vastutus ning muud kaupade ostu-m\u00fc\u00fcgiga seotud s\u00e4tted. 1.2 Ostja kinnitab ostu sooritamisel m\u00e4rkeruutu m\u00e4rgistades, et ta on tutvunud k\u00e4esolevate tingimustega ja n\u00f5ustub nendega. 1.3 M\u00fc\u00fcja [&hellip;]<\/p>\n","protected":false},"author":1,"featured_media":0,"parent":0,"menu_order":0,"comment_status":"closed","ping_status":"closed","template":"elementor_header_footer","meta":{"footnotes":""},"class_list":["post-53368","page","type-page","status-publish","hentry","entry","owp-thumbs-layout-horizontal","owp-btn-normal","owp-tabs-layout-horizontal","has-no-thumbnails","has-product-nav"],"yoast_head":"<!-- This site is optimized with the Yoast SEO plugin v27.1.1 - https:\/\/yoast.com\/product\/yoast-seo-wordpress\/ -->\n<title>Ostutingimused - carpe.lt<\/title>\n<meta name=\"robots\" content=\"index, follow, max-snippet:-1, max-image-preview:large, max-video-preview:-1\" \/>\n<link rel=\"canonical\" href=\"https:\/\/carpe.lt\/et\/ostutingimused\/\" \/>\n<meta property=\"og:locale\" content=\"et_EE\" \/>\n<meta property=\"og:type\" content=\"article\" \/>\n<meta property=\"og:title\" content=\"Ostutingimused - carpe.lt\" \/>\n<meta property=\"og:description\" content=\"1. \u00dclds\u00e4tted&nbsp; 1.1 K\u00e4esolevad kaupade ostu-m\u00fc\u00fcgitingimused (&#8220;Tingimused&#8221;) on siduv juriidiline dokument, milles s\u00e4testatakse meie (M\u00fc\u00fcja) ja teie (Ostja) \u00f5igused ja kohustused, kaupade ostutingimused, maksetingimused, kaupade \u00fcleandmise ja tagastamise kord, poolte vastutus ning muud kaupade ostu-m\u00fc\u00fcgiga seotud s\u00e4tted. 1.2 Ostja kinnitab ostu sooritamisel m\u00e4rkeruutu m\u00e4rgistades, et ta on tutvunud k\u00e4esolevate tingimustega ja n\u00f5ustub nendega. 1.3 M\u00fc\u00fcja [&hellip;]\" \/>\n<meta property=\"og:url\" content=\"https:\/\/carpe.lt\/et\/ostutingimused\/\" \/>\n<meta property=\"og:site_name\" content=\"carpe.lt\" \/>\n<meta property=\"article:modified_time\" content=\"2024-09-13T09:11:21+00:00\" \/>\n<meta name=\"twitter:card\" content=\"summary_large_image\" \/>\n<meta name=\"twitter:label1\" content=\"Est. reading time\" \/>\n\t<meta name=\"twitter:data1\" content=\"8 minutit\" \/>\n<script type=\"application\/ld+json\" class=\"yoast-schema-graph\">{\"@context\":\"https:\/\/schema.org\",\"@graph\":[{\"@type\":\"WebPage\",\"@id\":\"https:\/\/carpe.lt\/et\/ostutingimused\/\",\"url\":\"https:\/\/carpe.lt\/et\/ostutingimused\/\",\"name\":\"Ostutingimused - carpe.lt\",\"isPartOf\":{\"@id\":\"https:\/\/carpe.lt\/et\/#website\"},\"datePublished\":\"2022-09-14T14:17:49+00:00\",\"dateModified\":\"2024-09-13T09:11:21+00:00\",\"breadcrumb\":{\"@id\":\"https:\/\/carpe.lt\/et\/ostutingimused\/#breadcrumb\"},\"inLanguage\":\"et\",\"potentialAction\":[{\"@type\":\"ReadAction\",\"target\":[\"https:\/\/carpe.lt\/et\/ostutingimused\/\"]}]},{\"@type\":\"BreadcrumbList\",\"@id\":\"https:\/\/carpe.lt\/et\/ostutingimused\/#breadcrumb\",\"itemListElement\":[{\"@type\":\"ListItem\",\"position\":1,\"name\":\"Home\",\"item\":\"https:\/\/carpe.lt\/et\/kodu-2\/\"},{\"@type\":\"ListItem\",\"position\":2,\"name\":\"Ostutingimused\"}]},{\"@type\":\"WebSite\",\"@id\":\"https:\/\/carpe.lt\/et\/#website\",\"url\":\"https:\/\/carpe.lt\/et\/\",\"name\":\"carpe.lt\",\"description\":\"Materiaalsed automattid\",\"potentialAction\":[{\"@type\":\"SearchAction\",\"target\":{\"@type\":\"EntryPoint\",\"urlTemplate\":\"https:\/\/carpe.lt\/et\/?s={search_term_string}\"},\"query-input\":{\"@type\":\"PropertyValueSpecification\",\"valueRequired\":true,\"valueName\":\"search_term_string\"}}],\"inLanguage\":\"et\"}]}<\/script>\n<!-- \/ Yoast SEO plugin. -->","yoast_head_json":{"title":"Ostutingimused - carpe.lt","robots":{"index":"index","follow":"follow","max-snippet":"max-snippet:-1","max-image-preview":"max-image-preview:large","max-video-preview":"max-video-preview:-1"},"canonical":"https:\/\/carpe.lt\/et\/ostutingimused\/","og_locale":"et_EE","og_type":"article","og_title":"Ostutingimused - carpe.lt","og_description":"1. \u00dclds\u00e4tted&nbsp; 1.1 K\u00e4esolevad kaupade ostu-m\u00fc\u00fcgitingimused (&#8220;Tingimused&#8221;) on siduv juriidiline dokument, milles s\u00e4testatakse meie (M\u00fc\u00fcja) ja teie (Ostja) \u00f5igused ja kohustused, kaupade ostutingimused, maksetingimused, kaupade \u00fcleandmise ja tagastamise kord, poolte vastutus ning muud kaupade ostu-m\u00fc\u00fcgiga seotud s\u00e4tted. 1.2 Ostja kinnitab ostu sooritamisel m\u00e4rkeruutu m\u00e4rgistades, et ta on tutvunud k\u00e4esolevate tingimustega ja n\u00f5ustub nendega. 1.3 M\u00fc\u00fcja [&hellip;]","og_url":"https:\/\/carpe.lt\/et\/ostutingimused\/","og_site_name":"carpe.lt","article_modified_time":"2024-09-13T09:11:21+00:00","twitter_card":"summary_large_image","twitter_misc":{"Est. reading time":"8 minutit"},"schema":{"@context":"https:\/\/schema.org","@graph":[{"@type":"WebPage","@id":"https:\/\/carpe.lt\/et\/ostutingimused\/","url":"https:\/\/carpe.lt\/et\/ostutingimused\/","name":"Ostutingimused - carpe.lt","isPartOf":{"@id":"https:\/\/carpe.lt\/et\/#website"},"datePublished":"2022-09-14T14:17:49+00:00","dateModified":"2024-09-13T09:11:21+00:00","breadcrumb":{"@id":"https:\/\/carpe.lt\/et\/ostutingimused\/#breadcrumb"},"inLanguage":"et","potentialAction":[{"@type":"ReadAction","target":["https:\/\/carpe.lt\/et\/ostutingimused\/"]}]},{"@type":"BreadcrumbList","@id":"https:\/\/carpe.lt\/et\/ostutingimused\/#breadcrumb","itemListElement":[{"@type":"ListItem","position":1,"name":"Home","item":"https:\/\/carpe.lt\/et\/kodu-2\/"},{"@type":"ListItem","position":2,"name":"Ostutingimused"}]},{"@type":"WebSite","@id":"https:\/\/carpe.lt\/et\/#website","url":"https:\/\/carpe.lt\/et\/","name":"carpe.lt","description":"Materiaalsed automattid","potentialAction":[{"@type":"SearchAction","target":{"@type":"EntryPoint","urlTemplate":"https:\/\/carpe.lt\/et\/?s={search_term_string}"},"query-input":{"@type":"PropertyValueSpecification","valueRequired":true,"valueName":"search_term_string"}}],"inLanguage":"et"}]}},"_links":{"self":[{"href":"https:\/\/carpe.lt\/et\/wp-json\/wp\/v2\/pages\/53368","targetHints":{"allow":["GET"]}}],"collection":[{"href":"https:\/\/carpe.lt\/et\/wp-json\/wp\/v2\/pages"}],"about":[{"href":"https:\/\/carpe.lt\/et\/wp-json\/wp\/v2\/types\/page"}],"author":[{"embeddable":true,"href":"https:\/\/carpe.lt\/et\/wp-json\/wp\/v2\/users\/1"}],"replies":[{"embeddable":true,"href":"https:\/\/carpe.lt\/et\/wp-json\/wp\/v2\/comments?post=53368"}],"version-history":[{"count":1,"href":"https:\/\/carpe.lt\/et\/wp-json\/wp\/v2\/pages\/53368\/revisions"}],"predecessor-version":[{"id":53369,"href":"https:\/\/carpe.lt\/et\/wp-json\/wp\/v2\/pages\/53368\/revisions\/53369"}],"wp:attachment":[{"href":"https:\/\/carpe.lt\/et\/wp-json\/wp\/v2\/media?parent=53368"}],"curies":[{"name":"wp","href":"https:\/\/api.w.org\/{rel}","templated":true}]}}