{"id":53366,"date":"2022-09-13T16:44:11","date_gmt":"2022-09-13T16:44:11","guid":{"rendered":"https:\/\/carpe.lt\/privaatsuspoliitika\/"},"modified":"2024-09-13T09:11:18","modified_gmt":"2024-09-13T09:11:18","slug":"privaatsuspoliitika","status":"publish","type":"page","link":"https:\/\/carpe.lt\/et\/privaatsuspoliitika\/","title":{"rendered":"Privaatsuspoliitika"},"content":{"rendered":"\t\t<div data-elementor-type=\"wp-page\" data-elementor-id=\"53366\" class=\"elementor elementor-53366 elementor-3\" data-elementor-post-type=\"page\">\n\t\t\t\t\t\t<section class=\"elementor-section elementor-top-section elementor-element elementor-element-7cdfacbd elementor-section-boxed elementor-section-height-default elementor-section-height-default\" data-id=\"7cdfacbd\" data-element_type=\"section\" data-e-type=\"section\">\n\t\t\t\t\t\t<div class=\"elementor-container elementor-column-gap-default\">\n\t\t\t\t\t<div class=\"elementor-column elementor-col-100 elementor-top-column elementor-element elementor-element-207f7179\" data-id=\"207f7179\" data-element_type=\"column\" data-e-type=\"column\">\n\t\t\t<div class=\"elementor-widget-wrap elementor-element-populated\">\n\t\t\t\t\t\t<div class=\"elementor-element elementor-element-975ca41 elementor-widget elementor-widget-text-editor\" data-id=\"975ca41\" data-element_type=\"widget\" data-e-type=\"widget\" data-widget_type=\"text-editor.default\">\n\t\t\t\t<div class=\"elementor-widget-container\">\n\t\t\t\t\t\t\t\t\t<p>K\u00e4esolev carpe.lt privaatsuspoliitika kirjeldab, millist teavet me kogume ja kuidas me seda kasutame.<\/p>\n<p><b>1. Millist teavet me kogume?<\/b><br \/>Me v\u00f5ime koguda, salvestada ja kasutada j\u00e4rgmist t\u00fc\u00fcpi teavet:<br \/>&#8211; teavet teie arvuti kohta ning selle veebisaidi k\u00fclastamise ja kasutamise kohta (sealhulgas teie IP-aadress, geograafiline asukoht, brauseri t\u00fc\u00fcp, kust teid \u00fcmber suunati, k\u00fclastuse kestus ja vaadatud lehek\u00fclgede arv);<br \/>&#8211; andmed, mida te meile esitate meie veebisaidi teenuste, e-posti teatiste ja\/v\u00f5i uudiskirjade tellimiseks;<br \/>&#8211; mis tahes muu teave, mida te meile saata soovite.<\/p>\n<p><b>2. K\u00fcpsised<\/b><br \/>K\u00fcpsis koosneb teabest, mille v\u00f5rguteenindusjaam saadab veebibrauserile ja mida brauser salvestab. Seej\u00e4rel saadetakse see teave tagasi teenindusjaama, kui brauser k\u00fcsib selle teenindusjaama lehte. See v\u00f5imaldab sellel v\u00f5rguteenindusjaamal veebibrauserit tuvastada ja j\u00e4lgida. Kasutame Google Analytics&#8217;i, et anal\u00fc\u00fcsida selle veebisaidi kasutamist. Google Analytics genereerib statistilist ja muud teavet veebisaidi kasutamise kohta, kasutades k\u00fcpsiseid, mis paigutatakse kasutajate arvutitesse. Meie veebisaidiga seotud teavet kasutatakse selle veebisaidi kasutamise kohta aruannete koostamiseks. Seda teavet s\u00e4ilitab Google. Google&#8217;i privaatsuspoliitika on k\u00e4ttesaadav siin: <a href=\"https:\/\/www.google.com\/privacypolicy.html\">http:\/\/www.google.com\/privacypolicy.html . <\/a> Meie reklaamijad v\u00f5i makseteenuse pakkujad v\u00f5ivad teile samuti k\u00fcpsiseid saata. Avaldame oma veebisaidil huvip\u00f5hiseid Google Adsense&#8217;i reklaame. Need on valitud Google&#8217;i poolt, et kajastada teie huve. Google j\u00e4lgib teie veebik\u00e4itumist, kasutades k\u00fcpsiseid, et tuvastada teie huvid. Saate vaadata, kustutada ja lisada oma brauseriga seotud huvikategooriaid, kasutades Google&#8217;i reklaamide eelistuste haldurit, mis on saadaval aadressil <a href=\"https:\/\/www.google.com\/ads\/preferences\/\">http:\/\/www.google.com\/ads\/preferences\/.<\/a> Adsense&#8217;i partnerv\u00f5rgustiku k\u00fcpsistest saate loobuda aadressil <a href=\"https:\/\/www.google.com\/privacy_ads.html\">http:\/\/www.google.com\/privacy_ads.html . <\/a> See loobumismehhanism kasutab siiski k\u00fcpsist ja kui te kustutate k\u00fcpsised oma arvutist, ei salvestata teie loobumist. Selleks, et tagada, et loobumine salvestatakse teie konkreetse brauseri jaoks, peaksite kasutama Google&#8217;i brauseripluginit, mis on saadaval aadressil <a href=\"https:\/\/www.google.com\/ads\/preferences\/plugin\">http:\/\/www.google.com\/ads\/preferences\/plugin . <\/a> Enamik brausereid v\u00f5imaldab teil mitte aktsepteerida k\u00fcpsiseid, kuigi m\u00f5ned brauserid lubavad teil mitte aktsepteerida ainult kolmandate osapoolte k\u00fcpsiseid. &gt; &gt; N\u00e4iteks Internet Exploreris saate keelata k\u00f5ik k\u00fcpsised, kl\u00f5psates &#8220;T\u00f6\u00f6riistad&#8221; &#8220;Internet Options&#8221; &#8220;Privacy&#8221; ja valides &#8220;Block all cookies&#8221; (keerates l\u00fclitit). K\u00f5igi k\u00fcpsiste blokeerimine m\u00f5jutab siiski negatiivselt teie v\u00f5imet kasutada paljusid veebisaite, sealhulgas ka seda.<\/p>\n<p><b>3. Teie isikuandmete kasutamine<\/b><br \/>Sellel veebisaidil esitatud isikuandmeid kasutatakse k\u00e4esolevas privaatsuspoliitikas v\u00f5i selle veebisaidi asjakohastes osades s\u00e4testatud eesm\u00e4rkidel. Me v\u00f5ime kasutada teie isikuandmeid j\u00e4rgmistel eesm\u00e4rkidel:<br \/>&#8211; Veebisaidi haldamiseks;<br \/>&#8211; Parandada teie sirvimiskogemust selle veebisaidi isikup\u00e4rastamise abil;<br \/>&#8211; teie n\u00f5usolekul saata teile e-kirja. e-posti teel meie uudiskirja, mis meie arvates v\u00f5ib teile huvi pakkuda (te v\u00f5ite meid igal ajal teavitada, kui te ei soovi enam meie uudiskirja saada);<br \/>&#8211; anda statistilist teavet meie kasutajate kohta kolmandatele isikutele, kuid seda teavet ei kasutata \u00fchegi \u00fcksiku kasutaja tuvastamiseks;<br \/>Me ei anna teie isikuandmeid kolmandatele isikutele otseturunduse eesm\u00e4rgil ilma teie selges\u00f5nalise n\u00f5usolekuta.<\/p>\n<p><b>4. Poliitikamuutused<\/b><br \/>Me v\u00f5ime seda privaatsuspoliitikat aeg-ajalt uuendada, avaldades uue versiooni meie veebisaidil. Te peaksite seda lehek\u00fclge aeg-ajalt kontrollima, et veenduda, et olete muudatustega rahul.<\/p>\n<p><b>5. Kolmanda osapoole veebisaidid<\/b><br \/>See veebisait sisaldab linke teistele veebisaitidele. Me ei vastuta kolmandate osapoolte veebisaitide privaatsuspoliitikate v\u00f5i -tavade eest.<\/p>\n\t\t\t\t\t\t\t\t<\/div>\n\t\t\t\t<\/div>\n\t\t\t\t\t<\/div>\n\t\t<\/div>\n\t\t\t\t\t<\/div>\n\t\t<\/section>\n\t\t\t\t<\/div>\n\t\t","protected":false},"excerpt":{"rendered":"<p>K\u00e4esolev carpe.lt privaatsuspoliitika kirjeldab, millist teavet me kogume ja kuidas me seda kasutame. 1. Millist teavet me kogume?Me v\u00f5ime koguda, salvestada ja kasutada j\u00e4rgmist t\u00fc\u00fcpi teavet:&#8211; teavet teie arvuti kohta ning selle veebisaidi k\u00fclastamise ja kasutamise kohta (sealhulgas teie IP-aadress, geograafiline asukoht, brauseri t\u00fc\u00fcp, kust teid \u00fcmber suunati, k\u00fclastuse kestus ja vaadatud lehek\u00fclgede arv);&#8211; andmed, [&hellip;]<\/p>\n","protected":false},"author":1,"featured_media":0,"parent":0,"menu_order":0,"comment_status":"closed","ping_status":"open","template":"","meta":{"footnotes":""},"class_list":["post-53366","page","type-page","status-publish","hentry","entry","owp-thumbs-layout-horizontal","owp-btn-normal","owp-tabs-layout-horizontal","has-no-thumbnails","has-product-nav"],"yoast_head":"<!-- This site is optimized with the Yoast SEO plugin v27.1.1 - https:\/\/yoast.com\/product\/yoast-seo-wordpress\/ -->\n<title>Privaatsuspoliitika - carpe.lt<\/title>\n<meta name=\"robots\" content=\"index, follow, max-snippet:-1, max-image-preview:large, max-video-preview:-1\" \/>\n<link rel=\"canonical\" href=\"https:\/\/carpe.lt\/et\/privaatsuspoliitika\/\" \/>\n<meta property=\"og:locale\" content=\"et_EE\" \/>\n<meta property=\"og:type\" content=\"article\" \/>\n<meta property=\"og:title\" content=\"Privaatsuspoliitika - carpe.lt\" \/>\n<meta property=\"og:description\" content=\"K\u00e4esolev carpe.lt privaatsuspoliitika kirjeldab, millist teavet me kogume ja kuidas me seda kasutame. 1. Millist teavet me kogume?Me v\u00f5ime koguda, salvestada ja kasutada j\u00e4rgmist t\u00fc\u00fcpi teavet:&#8211; teavet teie arvuti kohta ning selle veebisaidi k\u00fclastamise ja kasutamise kohta (sealhulgas teie IP-aadress, geograafiline asukoht, brauseri t\u00fc\u00fcp, kust teid \u00fcmber suunati, k\u00fclastuse kestus ja vaadatud lehek\u00fclgede arv);&#8211; andmed, [&hellip;]\" \/>\n<meta property=\"og:url\" content=\"https:\/\/carpe.lt\/et\/privaatsuspoliitika\/\" \/>\n<meta property=\"og:site_name\" content=\"carpe.lt\" \/>\n<meta property=\"article:modified_time\" content=\"2024-09-13T09:11:18+00:00\" \/>\n<meta name=\"twitter:card\" content=\"summary_large_image\" \/>\n<meta name=\"twitter:label1\" content=\"Est. reading time\" \/>\n\t<meta name=\"twitter:data1\" content=\"3 minutit\" \/>\n<script type=\"application\/ld+json\" class=\"yoast-schema-graph\">{\"@context\":\"https:\/\/schema.org\",\"@graph\":[{\"@type\":\"WebPage\",\"@id\":\"https:\/\/carpe.lt\/et\/privaatsuspoliitika\/\",\"url\":\"https:\/\/carpe.lt\/et\/privaatsuspoliitika\/\",\"name\":\"Privaatsuspoliitika - carpe.lt\",\"isPartOf\":{\"@id\":\"https:\/\/carpe.lt\/et\/#website\"},\"datePublished\":\"2022-09-13T16:44:11+00:00\",\"dateModified\":\"2024-09-13T09:11:18+00:00\",\"breadcrumb\":{\"@id\":\"https:\/\/carpe.lt\/et\/privaatsuspoliitika\/#breadcrumb\"},\"inLanguage\":\"et\",\"potentialAction\":[{\"@type\":\"ReadAction\",\"target\":[\"https:\/\/carpe.lt\/et\/privaatsuspoliitika\/\"]}]},{\"@type\":\"BreadcrumbList\",\"@id\":\"https:\/\/carpe.lt\/et\/privaatsuspoliitika\/#breadcrumb\",\"itemListElement\":[{\"@type\":\"ListItem\",\"position\":1,\"name\":\"Home\",\"item\":\"https:\/\/carpe.lt\/et\/kodu-2\/\"},{\"@type\":\"ListItem\",\"position\":2,\"name\":\"Privaatsuspoliitika\"}]},{\"@type\":\"WebSite\",\"@id\":\"https:\/\/carpe.lt\/et\/#website\",\"url\":\"https:\/\/carpe.lt\/et\/\",\"name\":\"carpe.lt\",\"description\":\"Materiaalsed automattid\",\"potentialAction\":[{\"@type\":\"SearchAction\",\"target\":{\"@type\":\"EntryPoint\",\"urlTemplate\":\"https:\/\/carpe.lt\/et\/?s={search_term_string}\"},\"query-input\":{\"@type\":\"PropertyValueSpecification\",\"valueRequired\":true,\"valueName\":\"search_term_string\"}}],\"inLanguage\":\"et\"}]}<\/script>\n<!-- \/ Yoast SEO plugin. -->","yoast_head_json":{"title":"Privaatsuspoliitika - carpe.lt","robots":{"index":"index","follow":"follow","max-snippet":"max-snippet:-1","max-image-preview":"max-image-preview:large","max-video-preview":"max-video-preview:-1"},"canonical":"https:\/\/carpe.lt\/et\/privaatsuspoliitika\/","og_locale":"et_EE","og_type":"article","og_title":"Privaatsuspoliitika - carpe.lt","og_description":"K\u00e4esolev carpe.lt privaatsuspoliitika kirjeldab, millist teavet me kogume ja kuidas me seda kasutame. 1. Millist teavet me kogume?Me v\u00f5ime koguda, salvestada ja kasutada j\u00e4rgmist t\u00fc\u00fcpi teavet:&#8211; teavet teie arvuti kohta ning selle veebisaidi k\u00fclastamise ja kasutamise kohta (sealhulgas teie IP-aadress, geograafiline asukoht, brauseri t\u00fc\u00fcp, kust teid \u00fcmber suunati, k\u00fclastuse kestus ja vaadatud lehek\u00fclgede arv);&#8211; andmed, [&hellip;]","og_url":"https:\/\/carpe.lt\/et\/privaatsuspoliitika\/","og_site_name":"carpe.lt","article_modified_time":"2024-09-13T09:11:18+00:00","twitter_card":"summary_large_image","twitter_misc":{"Est. reading time":"3 minutit"},"schema":{"@context":"https:\/\/schema.org","@graph":[{"@type":"WebPage","@id":"https:\/\/carpe.lt\/et\/privaatsuspoliitika\/","url":"https:\/\/carpe.lt\/et\/privaatsuspoliitika\/","name":"Privaatsuspoliitika - carpe.lt","isPartOf":{"@id":"https:\/\/carpe.lt\/et\/#website"},"datePublished":"2022-09-13T16:44:11+00:00","dateModified":"2024-09-13T09:11:18+00:00","breadcrumb":{"@id":"https:\/\/carpe.lt\/et\/privaatsuspoliitika\/#breadcrumb"},"inLanguage":"et","potentialAction":[{"@type":"ReadAction","target":["https:\/\/carpe.lt\/et\/privaatsuspoliitika\/"]}]},{"@type":"BreadcrumbList","@id":"https:\/\/carpe.lt\/et\/privaatsuspoliitika\/#breadcrumb","itemListElement":[{"@type":"ListItem","position":1,"name":"Home","item":"https:\/\/carpe.lt\/et\/kodu-2\/"},{"@type":"ListItem","position":2,"name":"Privaatsuspoliitika"}]},{"@type":"WebSite","@id":"https:\/\/carpe.lt\/et\/#website","url":"https:\/\/carpe.lt\/et\/","name":"carpe.lt","description":"Materiaalsed automattid","potentialAction":[{"@type":"SearchAction","target":{"@type":"EntryPoint","urlTemplate":"https:\/\/carpe.lt\/et\/?s={search_term_string}"},"query-input":{"@type":"PropertyValueSpecification","valueRequired":true,"valueName":"search_term_string"}}],"inLanguage":"et"}]}},"_links":{"self":[{"href":"https:\/\/carpe.lt\/et\/wp-json\/wp\/v2\/pages\/53366","targetHints":{"allow":["GET"]}}],"collection":[{"href":"https:\/\/carpe.lt\/et\/wp-json\/wp\/v2\/pages"}],"about":[{"href":"https:\/\/carpe.lt\/et\/wp-json\/wp\/v2\/types\/page"}],"author":[{"embeddable":true,"href":"https:\/\/carpe.lt\/et\/wp-json\/wp\/v2\/users\/1"}],"replies":[{"embeddable":true,"href":"https:\/\/carpe.lt\/et\/wp-json\/wp\/v2\/comments?post=53366"}],"version-history":[{"count":1,"href":"https:\/\/carpe.lt\/et\/wp-json\/wp\/v2\/pages\/53366\/revisions"}],"predecessor-version":[{"id":53367,"href":"https:\/\/carpe.lt\/et\/wp-json\/wp\/v2\/pages\/53366\/revisions\/53367"}],"wp:attachment":[{"href":"https:\/\/carpe.lt\/et\/wp-json\/wp\/v2\/media?parent=53366"}],"curies":[{"name":"wp","href":"https:\/\/api.w.org\/{rel}","templated":true}]}}