{"id":42517,"date":"2022-09-14T09:24:12","date_gmt":"2022-09-14T09:24:12","guid":{"rendered":"https:\/\/carpe.lt\/teenused\/"},"modified":"2024-09-11T09:33:24","modified_gmt":"2024-09-11T09:33:24","slug":"teenused","status":"publish","type":"page","link":"https:\/\/carpe.lt\/et\/teenused\/","title":{"rendered":"Teenused"},"content":{"rendered":"\t\t<div data-elementor-type=\"wp-page\" data-elementor-id=\"42517\" class=\"elementor elementor-42517 elementor-19\" data-elementor-post-type=\"page\">\n\t\t\t\t\t\t<section class=\"elementor-section elementor-top-section elementor-element elementor-element-ac87ef9 elementor-section-height-min-height elementor-section-boxed elementor-section-height-default elementor-section-items-middle\" data-id=\"ac87ef9\" data-element_type=\"section\" data-e-type=\"section\" data-settings=\"{&quot;background_background&quot;:&quot;classic&quot;}\">\n\t\t\t\t\t\t\t<div class=\"elementor-background-overlay\"><\/div>\n\t\t\t\t\t\t\t<div class=\"elementor-container elementor-column-gap-default\">\n\t\t\t\t\t<div class=\"elementor-column elementor-col-100 elementor-top-column elementor-element elementor-element-13d6514\" data-id=\"13d6514\" data-element_type=\"column\" data-e-type=\"column\">\n\t\t\t<div class=\"elementor-widget-wrap elementor-element-populated\">\n\t\t\t\t\t\t<div class=\"elementor-element elementor-element-2b524de elementor-widget elementor-widget-heading\" data-id=\"2b524de\" data-element_type=\"widget\" data-e-type=\"widget\" data-widget_type=\"heading.default\">\n\t\t\t\t<div class=\"elementor-widget-container\">\n\t\t\t\t\t<h2 class=\"elementor-heading-title elementor-size-default\">Meie teenused<\/h2>\t\t\t\t<\/div>\n\t\t\t\t<\/div>\n\t\t\t\t\t<\/div>\n\t\t<\/div>\n\t\t\t\t\t<\/div>\n\t\t<\/section>\n\t\t\t\t<section class=\"elementor-section elementor-top-section elementor-element elementor-element-6ac01a8a elementor-section-boxed elementor-section-height-default elementor-section-height-default\" data-id=\"6ac01a8a\" data-element_type=\"section\" data-e-type=\"section\">\n\t\t\t\t\t\t<div class=\"elementor-container elementor-column-gap-default\">\n\t\t\t\t\t<div class=\"elementor-column elementor-col-50 elementor-top-column elementor-element elementor-element-18710e26\" data-id=\"18710e26\" data-element_type=\"column\" data-e-type=\"column\">\n\t\t\t<div class=\"elementor-widget-wrap elementor-element-populated\">\n\t\t\t\t\t\t<div class=\"elementor-element elementor-element-6eafe9a6 elementor-widget elementor-widget-image\" data-id=\"6eafe9a6\" data-element_type=\"widget\" data-e-type=\"widget\" data-widget_type=\"image.default\">\n\t\t\t\t<div class=\"elementor-widget-container\">\n\t\t\t\t\t\t\t\t\t\t\t\t\t\t\t<img fetchpriority=\"high\" decoding=\"async\" width=\"800\" height=\"533\" src=\"https:\/\/carpe.lt\/wp-content\/uploads\/2022\/11\/DSC05620_result.webp\" class=\"attachment-full size-full wp-image-1134\" alt=\"\" srcset=\"https:\/\/carpe.lt\/wp-content\/uploads\/2022\/11\/DSC05620_result.webp 800w, https:\/\/carpe.lt\/wp-content\/uploads\/2022\/11\/DSC05620_result-300x200.webp 300w, https:\/\/carpe.lt\/wp-content\/uploads\/2022\/11\/DSC05620_result-768x512.webp 768w, https:\/\/carpe.lt\/wp-content\/uploads\/2022\/11\/DSC05620_result-600x400.webp 600w\" sizes=\"(max-width: 800px) 100vw, 800px\" \/>\t\t\t\t\t\t\t\t\t\t\t\t\t\t\t<\/div>\n\t\t\t\t<\/div>\n\t\t\t\t\t<\/div>\n\t\t<\/div>\n\t\t\t\t<div class=\"elementor-column elementor-col-50 elementor-top-column elementor-element elementor-element-6cac3c19\" data-id=\"6cac3c19\" data-element_type=\"column\" data-e-type=\"column\">\n\t\t\t<div class=\"elementor-widget-wrap elementor-element-populated\">\n\t\t\t\t\t\t<div class=\"elementor-element elementor-element-400d8ba0 elementor-widget elementor-widget-heading\" data-id=\"400d8ba0\" data-element_type=\"widget\" data-e-type=\"widget\" data-widget_type=\"heading.default\">\n\t\t\t\t<div class=\"elementor-widget-container\">\n\t\t\t\t\t<h2 class=\"elementor-heading-title elementor-size-default\">Meie kohta<\/h2>\t\t\t\t<\/div>\n\t\t\t\t<\/div>\n\t\t\t\t<div class=\"elementor-element elementor-element-7226a07e elementor-widget elementor-widget-text-editor\" data-id=\"7226a07e\" data-element_type=\"widget\" data-e-type=\"widget\" data-widget_type=\"text-editor.default\">\n\t\t\t\t<div class=\"elementor-widget-container\">\n\t\t\t\t\t\t\t\t\t<p>Meie ettev\u00f5te UAB &#8220;Komentaras&#8221; on tegutsenud juba peaaegu 27 aastat! Pakume ja valmistame rohkem kui 40 t\u00fc\u00fcpi ja v\u00e4rvi kodu- v\u00f5i kontorivaipu. Meil on lai valik PVC-katteid. Valmistame automatte, mida on rohkem kui 1000 mudelit. V\u00f5tame vastu ka eritellimusi vastavalt kliendi soovile, olgu see siis vaip veokitele, laevadele, bussidele, kontoritele v\u00f5i majadele &#8211; meie firma aitab teil end uuendada!<\/p>\n\t\t\t\t\t\t\t\t<\/div>\n\t\t\t\t<\/div>\n\t\t\t\t\t<\/div>\n\t\t<\/div>\n\t\t\t\t\t<\/div>\n\t\t<\/section>\n\t\t\t\t<section class=\"elementor-section elementor-top-section elementor-element elementor-element-f4335d1 elementor-section-boxed elementor-section-height-default elementor-section-height-default\" data-id=\"f4335d1\" data-element_type=\"section\" data-e-type=\"section\">\n\t\t\t\t\t\t<div class=\"elementor-container elementor-column-gap-default\">\n\t\t\t\t\t<div class=\"elementor-column elementor-col-100 elementor-top-column elementor-element elementor-element-2a127c5\" data-id=\"2a127c5\" data-element_type=\"column\" data-e-type=\"column\">\n\t\t\t<div class=\"elementor-widget-wrap elementor-element-populated\">\n\t\t\t\t\t\t<div class=\"elementor-element elementor-element-6a70c83 elementor-widget elementor-widget-heading\" data-id=\"6a70c83\" data-element_type=\"widget\" data-e-type=\"widget\" data-widget_type=\"heading.default\">\n\t\t\t\t<div class=\"elementor-widget-container\">\n\t\t\t\t\t<h2 class=\"elementor-heading-title elementor-size-default\">Meie teenused<\/h2>\t\t\t\t<\/div>\n\t\t\t\t<\/div>\n\t\t\t\t<div class=\"elementor-element elementor-element-f51f83e elementor-widget elementor-widget-text-editor\" data-id=\"f51f83e\" data-element_type=\"widget\" data-e-type=\"widget\" data-widget_type=\"text-editor.default\">\n\t\t\t\t<div class=\"elementor-widget-container\">\n\t\t\t\t\t\t\t\t\t<ul>\n<li>Automattide tootmine (\u00fcle 1000 mudeli!)<\/li>\n<li>Veoautode ja busside vaipade valmistamine (tuleme ja m\u00f5\u00f5dame vaibad vastavalt teie soovile!)<\/li>\n<li>Vaipade tootmine vastavalt spetsifikatsioonile. eritellimused (ebatavalised vaibad)<\/li>\n<li>Me varume ja l\u00f5ikame igas suuruses koduvaipu kodudesse, kontoritesse jne (rohkem kui 40 t\u00fc\u00fcpi ja v\u00e4rvi!).<\/li>\n<li>Me saame \u00e4\u00e4ristada erinevates v\u00e4rvides (rohkem kui 40 v\u00e4rvi!)<\/li>\n<li>Toodame ka pikavaipasid. Sobib ideaalselt teie koju (saame l\u00f5igata selle teie valitud suurusele)!<\/li>\n<li>L\u00f5ikame PVC-kattematerjali erinevates suurustes (rohkem kui 40 v\u00e4rvi ja mustrit, hea kulumiskihi!)<\/li>\n<\/ul>\n\t\t\t\t\t\t\t\t<\/div>\n\t\t\t\t<\/div>\n\t\t\t\t\t<\/div>\n\t\t<\/div>\n\t\t\t\t\t<\/div>\n\t\t<\/section>\n\t\t\t\t<section class=\"elementor-section elementor-top-section elementor-element elementor-element-69259a42 elementor-section-boxed elementor-section-height-default elementor-section-height-default\" data-id=\"69259a42\" data-element_type=\"section\" data-e-type=\"section\">\n\t\t\t\t\t\t<div class=\"elementor-container elementor-column-gap-default\">\n\t\t\t\t\t<div class=\"elementor-column elementor-col-100 elementor-top-column elementor-element elementor-element-33b56cc7\" data-id=\"33b56cc7\" data-element_type=\"column\" data-e-type=\"column\">\n\t\t\t<div class=\"elementor-widget-wrap elementor-element-populated\">\n\t\t\t\t\t\t<div class=\"elementor-element elementor-element-7d3ec839 elementor-widget elementor-widget-heading\" data-id=\"7d3ec839\" data-element_type=\"widget\" data-e-type=\"widget\" data-widget_type=\"heading.default\">\n\t\t\t\t<div class=\"elementor-widget-container\">\n\t\t\t\t\t<h2 class=\"elementor-heading-title elementor-size-default\">Kontakt<\/h2>\t\t\t\t<\/div>\n\t\t\t\t<\/div>\n\t\t\t\t<section class=\"elementor-section elementor-inner-section elementor-element elementor-element-3064fe7c elementor-section-boxed elementor-section-height-default elementor-section-height-default\" data-id=\"3064fe7c\" data-element_type=\"section\" data-e-type=\"section\">\n\t\t\t\t\t\t<div class=\"elementor-container elementor-column-gap-default\">\n\t\t\t\t\t<div class=\"elementor-column elementor-col-33 elementor-inner-column elementor-element elementor-element-4c6b1013\" data-id=\"4c6b1013\" data-element_type=\"column\" data-e-type=\"column\">\n\t\t\t<div class=\"elementor-widget-wrap elementor-element-populated\">\n\t\t\t\t\t\t<div class=\"elementor-element elementor-element-599e26b9 elementor-view-default elementor-widget elementor-widget-icon\" data-id=\"599e26b9\" data-element_type=\"widget\" data-e-type=\"widget\" data-widget_type=\"icon.default\">\n\t\t\t\t<div class=\"elementor-widget-container\">\n\t\t\t\t\t\t\t<div class=\"elementor-icon-wrapper\">\n\t\t\t<div class=\"elementor-icon\">\n\t\t\t<i aria-hidden=\"true\" class=\"fas fa-phone-alt\"><\/i>\t\t\t<\/div>\n\t\t<\/div>\n\t\t\t\t\t\t<\/div>\n\t\t\t\t<\/div>\n\t\t\t\t<div class=\"elementor-element elementor-element-9f74df2 elementor-widget elementor-widget-heading\" data-id=\"9f74df2\" data-element_type=\"widget\" data-e-type=\"widget\" data-widget_type=\"heading.default\">\n\t\t\t\t<div class=\"elementor-widget-container\">\n\t\t\t\t\t<h2 class=\"elementor-heading-title elementor-size-default\">Telefoninumber<\/h2>\t\t\t\t<\/div>\n\t\t\t\t<\/div>\n\t\t\t\t<div class=\"elementor-element elementor-element-094f208 elementor-widget elementor-widget-heading\" data-id=\"094f208\" data-element_type=\"widget\" data-e-type=\"widget\" data-widget_type=\"heading.default\">\n\t\t\t\t<div class=\"elementor-widget-container\">\n\t\t\t\t\t<h2 class=\"elementor-heading-title elementor-size-default\"><a href=\"tel:+37062726409\">+37062726409<\/a><\/h2>\t\t\t\t<\/div>\n\t\t\t\t<\/div>\n\t\t\t\t\t<\/div>\n\t\t<\/div>\n\t\t\t\t<div class=\"elementor-column elementor-col-33 elementor-inner-column elementor-element elementor-element-4717a03f\" data-id=\"4717a03f\" data-element_type=\"column\" data-e-type=\"column\">\n\t\t\t<div class=\"elementor-widget-wrap elementor-element-populated\">\n\t\t\t\t\t\t<div class=\"elementor-element elementor-element-1e7d2b6c elementor-view-default elementor-widget elementor-widget-icon\" data-id=\"1e7d2b6c\" data-element_type=\"widget\" data-e-type=\"widget\" data-widget_type=\"icon.default\">\n\t\t\t\t<div class=\"elementor-widget-container\">\n\t\t\t\t\t\t\t<div class=\"elementor-icon-wrapper\">\n\t\t\t<div class=\"elementor-icon\">\n\t\t\t<i aria-hidden=\"true\" class=\"fas fa-envelope\"><\/i>\t\t\t<\/div>\n\t\t<\/div>\n\t\t\t\t\t\t<\/div>\n\t\t\t\t<\/div>\n\t\t\t\t<div class=\"elementor-element elementor-element-294cfaf0 elementor-widget elementor-widget-heading\" data-id=\"294cfaf0\" data-element_type=\"widget\" data-e-type=\"widget\" data-widget_type=\"heading.default\">\n\t\t\t\t<div class=\"elementor-widget-container\">\n\t\t\t\t\t<h2 class=\"elementor-heading-title elementor-size-default\">E-post<\/h2>\t\t\t\t<\/div>\n\t\t\t\t<\/div>\n\t\t\t\t<div class=\"elementor-element elementor-element-42b610f elementor-widget elementor-widget-heading\" data-id=\"42b610f\" data-element_type=\"widget\" data-e-type=\"widget\" data-widget_type=\"heading.default\">\n\t\t\t\t<div class=\"elementor-widget-container\">\n\t\t\t\t\t<h2 class=\"elementor-heading-title elementor-size-default\"><a href=\"mailto:info@carpe.lt\">info@carpe.lt<\/a><\/h2>\t\t\t\t<\/div>\n\t\t\t\t<\/div>\n\t\t\t\t\t<\/div>\n\t\t<\/div>\n\t\t\t\t<div class=\"elementor-column elementor-col-33 elementor-inner-column elementor-element elementor-element-66f1b5eb\" data-id=\"66f1b5eb\" data-element_type=\"column\" data-e-type=\"column\">\n\t\t\t<div class=\"elementor-widget-wrap elementor-element-populated\">\n\t\t\t\t\t\t<div class=\"elementor-element elementor-element-5232b99e elementor-view-default elementor-widget elementor-widget-icon\" data-id=\"5232b99e\" data-element_type=\"widget\" data-e-type=\"widget\" data-widget_type=\"icon.default\">\n\t\t\t\t<div class=\"elementor-widget-container\">\n\t\t\t\t\t\t\t<div class=\"elementor-icon-wrapper\">\n\t\t\t<div class=\"elementor-icon\">\n\t\t\t<i aria-hidden=\"true\" class=\"fas fa-location-arrow\"><\/i>\t\t\t<\/div>\n\t\t<\/div>\n\t\t\t\t\t\t<\/div>\n\t\t\t\t<\/div>\n\t\t\t\t<div class=\"elementor-element elementor-element-7bb0948d elementor-widget elementor-widget-heading\" data-id=\"7bb0948d\" data-element_type=\"widget\" data-e-type=\"widget\" data-widget_type=\"heading.default\">\n\t\t\t\t<div class=\"elementor-widget-container\">\n\t\t\t\t\t<h2 class=\"elementor-heading-title elementor-size-default\">Aadress<\/h2>\t\t\t\t<\/div>\n\t\t\t\t<\/div>\n\t\t\t\t<div class=\"elementor-element elementor-element-53aba858 elementor-widget elementor-widget-heading\" data-id=\"53aba858\" data-element_type=\"widget\" data-e-type=\"widget\" data-widget_type=\"heading.default\">\n\t\t\t\t<div class=\"elementor-widget-container\">\n\t\t\t\t\t<h2 class=\"elementor-heading-title elementor-size-default\">Alyv\u0173 takas 4, Ma\u017eeikiai<\/h2>\t\t\t\t<\/div>\n\t\t\t\t<\/div>\n\t\t\t\t\t<\/div>\n\t\t<\/div>\n\t\t\t\t\t<\/div>\n\t\t<\/section>\n\t\t\t\t<section class=\"elementor-section elementor-inner-section elementor-element elementor-element-1c1d256e elementor-section-boxed elementor-section-height-default elementor-section-height-default\" data-id=\"1c1d256e\" data-element_type=\"section\" data-e-type=\"section\">\n\t\t\t\t\t\t<div class=\"elementor-container elementor-column-gap-default\">\n\t\t\t\t\t<div class=\"elementor-column elementor-col-50 elementor-inner-column elementor-element elementor-element-6a6975a6\" data-id=\"6a6975a6\" data-element_type=\"column\" data-e-type=\"column\">\n\t\t\t<div class=\"elementor-widget-wrap elementor-element-populated\">\n\t\t\t\t\t\t<div class=\"elementor-element elementor-element-3e6b533 elementor-widget elementor-widget-google_maps\" data-id=\"3e6b533\" data-element_type=\"widget\" data-e-type=\"widget\" data-widget_type=\"google_maps.default\">\n\t\t\t\t<div class=\"elementor-widget-container\">\n\t\t\t\t\t\t\t<div class=\"elementor-custom-embed\">\n\t\t\t<iframe loading=\"lazy\"\n\t\t\t\t\tsrc=\"https:\/\/maps.google.com\/maps?q=Alyv%C5%B3%20takas%204%2C%20Ma%C5%BEeikiai&#038;t=m&#038;z=16&#038;output=embed&#038;iwloc=near\"\n\t\t\t\t\ttitle=\"Alyv\u0173 takas 4, Ma\u017eeikiai\"\n\t\t\t\t\taria-label=\"Alyv\u0173 takas 4, Ma\u017eeikiai\"\n\t\t\t><\/iframe>\n\t\t<\/div>\n\t\t\t\t\t\t<\/div>\n\t\t\t\t<\/div>\n\t\t\t\t\t<\/div>\n\t\t<\/div>\n\t\t\t\t<div class=\"elementor-column elementor-col-50 elementor-inner-column elementor-element elementor-element-60a6127e\" data-id=\"60a6127e\" data-element_type=\"column\" data-e-type=\"column\">\n\t\t\t<div class=\"elementor-widget-wrap elementor-element-populated\">\n\t\t\t\t\t\t<div class=\"elementor-element elementor-element-23277eb5 elementor-widget elementor-widget-wpforms\" data-id=\"23277eb5\" data-element_type=\"widget\" data-e-type=\"widget\" data-widget_type=\"wpforms.default\">\n\t\t\t\t<div class=\"elementor-widget-container\">\n\t\t\t\t\t<div class=\"wpforms-container wpforms-container-full\" id=\"wpforms-10262\"><form id=\"wpforms-form-10262\" class=\"wpforms-validate wpforms-form wpforms-ajax-form\" data-formid=\"10262\" method=\"post\" enctype=\"multipart\/form-data\" action=\"\/et\/wp-json\/wp\/v2\/pages\/42517\" data-token=\"1176af16e6fec01cd17af066f67bb477\" data-token-time=\"1778665791\"><noscript class=\"wpforms-error-noscript\">Please enable JavaScript in your browser to complete this form.<\/noscript><div class=\"wpforms-field-container\"><div id=\"wpforms-10262-field_0-container\" class=\"wpforms-field wpforms-field-name\" data-field-id=\"0\"><input type=\"text\" id=\"wpforms-10262-field_0\" class=\"wpforms-field-large wpforms-field-required\" name=\"wpforms[fields][0]\" placeholder=\"Nimi\" required><\/div><div id=\"wpforms-10262-field_3-container\" class=\"wpforms-field wpforms-field-number\" data-field-id=\"3\"><input type=\"number\" id=\"wpforms-10262-field_3\" class=\"wpforms-field-large\" name=\"wpforms[fields][3]\" placeholder=\"Telefoninumber\" step=\"any\" ><\/div><div id=\"wpforms-10262-field_1-container\" class=\"wpforms-field wpforms-field-email\" data-field-id=\"1\"><input type=\"email\" id=\"wpforms-10262-field_1\" class=\"wpforms-field-medium wpforms-field-required\" name=\"wpforms[fields][1]\" placeholder=\"E-post: \" spellcheck=\"false\" required><\/div><div id=\"wpforms-10262-field_2-container\" class=\"wpforms-field wpforms-field-textarea\" data-field-id=\"2\"><textarea id=\"wpforms-10262-field_2\" class=\"wpforms-field-medium\" name=\"wpforms[fields][2]\" placeholder=\"S\u00f5num\" ><\/textarea><\/div><\/div><!-- .wpforms-field-container --><div class=\"wpforms-submit-container\" ><input type=\"hidden\" name=\"wpforms[id]\" value=\"10262\"><input type=\"hidden\" name=\"page_title\" value=\"\"><input type=\"hidden\" name=\"page_url\" value=\"https:\/\/carpe.lt\/et\/wp-json\/wp\/v2\/pages\/42517\"><input type=\"hidden\" name=\"url_referer\" value=\"\"><button type=\"submit\" name=\"wpforms[submit]\" id=\"wpforms-submit-10262\" class=\"wpforms-submit\" data-alt-text=\"Saatmine...\" data-submit-text=\"Kontakt\" aria-live=\"assertive\" value=\"wpforms-submit\">Kontakt<\/button><img decoding=\"async\" src=\"https:\/\/carpe.lt\/wp-content\/plugins\/wpforms-lite\/assets\/images\/submit-spin.svg\" class=\"wpforms-submit-spinner\" style=\"display: none;\" width=\"26\" height=\"26\" alt=\"Loading\"><\/div><\/form><\/div>  <!-- .wpforms-container -->\t\t\t\t<\/div>\n\t\t\t\t<\/div>\n\t\t\t\t\t<\/div>\n\t\t<\/div>\n\t\t\t\t\t<\/div>\n\t\t<\/section>\n\t\t\t\t\t<\/div>\n\t\t<\/div>\n\t\t\t\t\t<\/div>\n\t\t<\/section>\n\t\t\t\t<\/div>\n\t\t","protected":false},"excerpt":{"rendered":"<p>Meie teenused Meie kohta Meie ettev\u00f5te UAB &#8220;Komentaras&#8221; on tegutsenud juba peaaegu 27 aastat! Pakume ja valmistame rohkem kui 40 t\u00fc\u00fcpi ja v\u00e4rvi kodu- v\u00f5i kontorivaipu. Meil on lai valik PVC-katteid. Valmistame automatte, mida on rohkem kui 1000 mudelit. V\u00f5tame vastu ka eritellimusi vastavalt kliendi soovile, olgu see siis vaip veokitele, laevadele, bussidele, kontoritele v\u00f5i [&hellip;]<\/p>\n","protected":false},"author":1,"featured_media":0,"parent":0,"menu_order":0,"comment_status":"closed","ping_status":"closed","template":"elementor_header_footer","meta":{"footnotes":""},"class_list":["post-42517","page","type-page","status-publish","hentry","entry","owp-thumbs-layout-horizontal","owp-btn-normal","owp-tabs-layout-horizontal","has-no-thumbnails","has-product-nav"],"yoast_head":"<!-- This site is optimized with the Yoast SEO plugin v27.1.1 - https:\/\/yoast.com\/product\/yoast-seo-wordpress\/ -->\n<title>Kangavaipade \u00f5mblemine - carpe.lt<\/title>\n<meta name=\"description\" content=\"Pakume kangast matte paljudele s\u00f5idukitele ja muudele s\u00f5idukitele. Me saame valmistada eri suuruses matte.\" \/>\n<meta name=\"robots\" content=\"index, follow, max-snippet:-1, max-image-preview:large, max-video-preview:-1\" \/>\n<link rel=\"canonical\" href=\"https:\/\/carpe.lt\/et\/teenused\/\" \/>\n<meta property=\"og:locale\" content=\"et_EE\" \/>\n<meta property=\"og:type\" content=\"article\" \/>\n<meta property=\"og:title\" content=\"Kangavaipade \u00f5mblemine - carpe.lt\" \/>\n<meta property=\"og:description\" content=\"Pakume kangast matte paljudele s\u00f5idukitele ja muudele s\u00f5idukitele. Me saame valmistada eri suuruses matte.\" \/>\n<meta property=\"og:url\" content=\"https:\/\/carpe.lt\/et\/teenused\/\" \/>\n<meta property=\"og:site_name\" content=\"carpe.lt\" \/>\n<meta property=\"article:modified_time\" content=\"2024-09-11T09:33:24+00:00\" \/>\n<meta property=\"og:image\" content=\"https:\/\/carpe.lt\/wp-content\/uploads\/2022\/11\/DSC05620_result.webp\" \/>\n<meta name=\"twitter:card\" content=\"summary_large_image\" \/>\n<meta name=\"twitter:label1\" content=\"Est. reading time\" \/>\n\t<meta name=\"twitter:data1\" content=\"1 minut\" \/>\n<script type=\"application\/ld+json\" class=\"yoast-schema-graph\">{\"@context\":\"https:\/\/schema.org\",\"@graph\":[{\"@type\":\"WebPage\",\"@id\":\"https:\/\/carpe.lt\/et\/teenused\/\",\"url\":\"https:\/\/carpe.lt\/et\/teenused\/\",\"name\":\"Kangavaipade \u00f5mblemine - carpe.lt\",\"isPartOf\":{\"@id\":\"https:\/\/carpe.lt\/et\/#website\"},\"primaryImageOfPage\":{\"@id\":\"https:\/\/carpe.lt\/et\/teenused\/#primaryimage\"},\"image\":{\"@id\":\"https:\/\/carpe.lt\/et\/teenused\/#primaryimage\"},\"thumbnailUrl\":\"https:\/\/carpe.lt\/wp-content\/uploads\/2022\/11\/DSC05620_result.webp\",\"datePublished\":\"2022-09-14T09:24:12+00:00\",\"dateModified\":\"2024-09-11T09:33:24+00:00\",\"description\":\"Pakume kangast matte paljudele s\u00f5idukitele ja muudele s\u00f5idukitele. Me saame valmistada eri suuruses matte.\",\"breadcrumb\":{\"@id\":\"https:\/\/carpe.lt\/et\/teenused\/#breadcrumb\"},\"inLanguage\":\"et\",\"potentialAction\":[{\"@type\":\"ReadAction\",\"target\":[\"https:\/\/carpe.lt\/et\/teenused\/\"]}]},{\"@type\":\"ImageObject\",\"inLanguage\":\"et\",\"@id\":\"https:\/\/carpe.lt\/et\/teenused\/#primaryimage\",\"url\":\"https:\/\/carpe.lt\/wp-content\/uploads\/2022\/11\/DSC05620_result.webp\",\"contentUrl\":\"https:\/\/carpe.lt\/wp-content\/uploads\/2022\/11\/DSC05620_result.webp\"},{\"@type\":\"BreadcrumbList\",\"@id\":\"https:\/\/carpe.lt\/et\/teenused\/#breadcrumb\",\"itemListElement\":[{\"@type\":\"ListItem\",\"position\":1,\"name\":\"Home\",\"item\":\"https:\/\/carpe.lt\/et\/kodu-2\/\"},{\"@type\":\"ListItem\",\"position\":2,\"name\":\"Teenused\"}]},{\"@type\":\"WebSite\",\"@id\":\"https:\/\/carpe.lt\/et\/#website\",\"url\":\"https:\/\/carpe.lt\/et\/\",\"name\":\"carpe.lt\",\"description\":\"Materiaalsed automattid\",\"potentialAction\":[{\"@type\":\"SearchAction\",\"target\":{\"@type\":\"EntryPoint\",\"urlTemplate\":\"https:\/\/carpe.lt\/et\/?s={search_term_string}\"},\"query-input\":{\"@type\":\"PropertyValueSpecification\",\"valueRequired\":true,\"valueName\":\"search_term_string\"}}],\"inLanguage\":\"et\"}]}<\/script>\n<!-- \/ Yoast SEO plugin. -->","yoast_head_json":{"title":"Kangavaipade \u00f5mblemine - carpe.lt","description":"Pakume kangast matte paljudele s\u00f5idukitele ja muudele s\u00f5idukitele. Me saame valmistada eri suuruses matte.","robots":{"index":"index","follow":"follow","max-snippet":"max-snippet:-1","max-image-preview":"max-image-preview:large","max-video-preview":"max-video-preview:-1"},"canonical":"https:\/\/carpe.lt\/et\/teenused\/","og_locale":"et_EE","og_type":"article","og_title":"Kangavaipade \u00f5mblemine - carpe.lt","og_description":"Pakume kangast matte paljudele s\u00f5idukitele ja muudele s\u00f5idukitele. Me saame valmistada eri suuruses matte.","og_url":"https:\/\/carpe.lt\/et\/teenused\/","og_site_name":"carpe.lt","article_modified_time":"2024-09-11T09:33:24+00:00","og_image":[{"url":"https:\/\/carpe.lt\/wp-content\/uploads\/2022\/11\/DSC05620_result.webp","type":"","width":"","height":""}],"twitter_card":"summary_large_image","twitter_misc":{"Est. reading time":"1 minut"},"schema":{"@context":"https:\/\/schema.org","@graph":[{"@type":"WebPage","@id":"https:\/\/carpe.lt\/et\/teenused\/","url":"https:\/\/carpe.lt\/et\/teenused\/","name":"Kangavaipade \u00f5mblemine - carpe.lt","isPartOf":{"@id":"https:\/\/carpe.lt\/et\/#website"},"primaryImageOfPage":{"@id":"https:\/\/carpe.lt\/et\/teenused\/#primaryimage"},"image":{"@id":"https:\/\/carpe.lt\/et\/teenused\/#primaryimage"},"thumbnailUrl":"https:\/\/carpe.lt\/wp-content\/uploads\/2022\/11\/DSC05620_result.webp","datePublished":"2022-09-14T09:24:12+00:00","dateModified":"2024-09-11T09:33:24+00:00","description":"Pakume kangast matte paljudele s\u00f5idukitele ja muudele s\u00f5idukitele. Me saame valmistada eri suuruses matte.","breadcrumb":{"@id":"https:\/\/carpe.lt\/et\/teenused\/#breadcrumb"},"inLanguage":"et","potentialAction":[{"@type":"ReadAction","target":["https:\/\/carpe.lt\/et\/teenused\/"]}]},{"@type":"ImageObject","inLanguage":"et","@id":"https:\/\/carpe.lt\/et\/teenused\/#primaryimage","url":"https:\/\/carpe.lt\/wp-content\/uploads\/2022\/11\/DSC05620_result.webp","contentUrl":"https:\/\/carpe.lt\/wp-content\/uploads\/2022\/11\/DSC05620_result.webp"},{"@type":"BreadcrumbList","@id":"https:\/\/carpe.lt\/et\/teenused\/#breadcrumb","itemListElement":[{"@type":"ListItem","position":1,"name":"Home","item":"https:\/\/carpe.lt\/et\/kodu-2\/"},{"@type":"ListItem","position":2,"name":"Teenused"}]},{"@type":"WebSite","@id":"https:\/\/carpe.lt\/et\/#website","url":"https:\/\/carpe.lt\/et\/","name":"carpe.lt","description":"Materiaalsed automattid","potentialAction":[{"@type":"SearchAction","target":{"@type":"EntryPoint","urlTemplate":"https:\/\/carpe.lt\/et\/?s={search_term_string}"},"query-input":{"@type":"PropertyValueSpecification","valueRequired":true,"valueName":"search_term_string"}}],"inLanguage":"et"}]}},"_links":{"self":[{"href":"https:\/\/carpe.lt\/et\/wp-json\/wp\/v2\/pages\/42517","targetHints":{"allow":["GET"]}}],"collection":[{"href":"https:\/\/carpe.lt\/et\/wp-json\/wp\/v2\/pages"}],"about":[{"href":"https:\/\/carpe.lt\/et\/wp-json\/wp\/v2\/types\/page"}],"author":[{"embeddable":true,"href":"https:\/\/carpe.lt\/et\/wp-json\/wp\/v2\/users\/1"}],"replies":[{"embeddable":true,"href":"https:\/\/carpe.lt\/et\/wp-json\/wp\/v2\/comments?post=42517"}],"version-history":[{"count":1,"href":"https:\/\/carpe.lt\/et\/wp-json\/wp\/v2\/pages\/42517\/revisions"}],"predecessor-version":[{"id":42519,"href":"https:\/\/carpe.lt\/et\/wp-json\/wp\/v2\/pages\/42517\/revisions\/42519"}],"wp:attachment":[{"href":"https:\/\/carpe.lt\/et\/wp-json\/wp\/v2\/media?parent=42517"}],"curies":[{"name":"wp","href":"https:\/\/api.w.org\/{rel}","templated":true}]}}